{"id":5833,"date":"2018-06-13T04:03:07","date_gmt":"2018-06-13T02:03:07","guid":{"rendered":"https:\/\/xn--adal-oza.net\/?page_id=5833"},"modified":"2018-06-13T05:04:00","modified_gmt":"2018-06-13T03:04:00","slug":"singapor","status":"publish","type":"page","link":"https:\/\/xn--adal-oza.net\/?page_id=5833&lang=en","title":{"rendered":"Singapor"},"content":{"rendered":"<table style=\"text-align: center;\" border=\"0\" width=\"100%\" cellspacing=\"0\" cellpadding=\"0\">\n<colgroup>\n<col width=\"%25\" \/>\n<col width=\"%25\" \/>\n<col width=\"%25\" \/>\n<col width=\"%25\" \/> <\/colgroup>\n<tbody>\n<tr>\n<td style=\"background: transparent url('http:\/\/picasaweb.google.com.tr\/s\/c\/transparent_album_background.gif') no-repeat scroll left center; height: 200px;\" align=\"center\"><a href=\"https:\/\/photos.app.goo.gl\/dheCpoYtvnETpKsB8\"><img loading=\"lazy\" decoding=\"async\" class=\"\" src=\"https:\/\/lh3.googleusercontent.com\/HfHfakD5K-Ya9PAw2H281vDQdVaiMaYVgPJuXaMb8VXi-JWr4HGnWF6erMiPPu3xdi_S2cpf3yYfzQYVoyWanhYHs8O854rowhOT_9mHoSNNFxyFBtm5B8VwJqVmXfYZblAqLK7uIBEV4NIinRGIfVkvV8WAukZLHPvm7OnVa3W4bOgdtVe4ZW41QtvN6EVmYsXoxgLax7noQiLXFxZ2dmjO9H2ghPnwRMFIJzWF7PZbsCWPsSHZXnuG4iG7Tq_M9HHjxHJAs_z3_8jx0jH3KCWuB96cMY0Kh71O3-3Aeq6Ab0b06iDF7kMZ42osKeVIQsrfUD4UtT-migxfL-0RxWNWrFvysRWlnJ2Y8TLNa2B_py9-_lHXDmjubZhDkNOSYvaL66ABUz1oHhLMFFSVr39Ukd3R0zfhnDn-m-XNpgl6Fmuh9e3EXObt12nCjhuGCiOfF1Y45U6gYhx31RjKtAdTFpa-42zAtQ-MII0xvj_Kr9m7N66E_wkGxdLlHpiEKVNAKCdDyXKGaYmyle1VTBPPPRmk_NaMsQ91GXzx4JdSGuyK4GsHHvnfWFMDPDOlIe0kPQGXqwN5Nr-pKQx8e8K3X6NKOiU73llPYIJZ=w477-h318-no\" width=\"191\" height=\"127\" \/><\/a><\/td>\n<td style=\"background: transparent url('http:\/\/picasaweb.google.com.tr\/s\/c\/transparent_album_background.gif') no-repeat scroll left center; height: 200px;\" align=\"center\"><a href=\"https:\/\/photos.app.goo.gl\/pdZs2ePeKsznsGbA6\"><img loading=\"lazy\" decoding=\"async\" class=\"\" src=\"https:\/\/lh3.googleusercontent.com\/Cda-s1-rvylo-WzyKawVjiow2gMclMH-NPWec_R8QkwwWbsnhiPPj5Y3gSPQqIQreiEJdFdhIQaHhU7DXyLvjvUTSAbC5WGdxLKCW51MpoXWxx-7Ofrb9LtkGOXvsWkRVq9DqC-OgosXbetxXaAmS-K21WTE490vyZtUOgwGB8KyF4fpewQMXPQyayJJOIcRNJzh9g4h18Bkfyua9k5N4g1z4B1mxPTzOYUPP9rH7Z8yhHvZpK-lAYafsQCeOzi-A7lX0UZ1Po1YsnxVUbVzIkh0qj5zr9MR9WdzcQQOpYwNl3C2D-tSMegKJBHiX0Us1SrT2IxlSc4HQVOtQ8UneGdr0plYNtXvAS-tXYNJvKdR3jnI-tFrWiZV113WAoq2pPzzc7dTo2qbpFZVEQzrxVPkbJGF0NB8HyjxUuvFcDKjfP-CmeMPmj6JrfNctzrLuBqVkRhAkeOB7W0KK2OXEtMzUt2nE2miDSVBi_DKoU3Fqon51LsKlU4JaBkyz2ndqA0cCeXQjidnPnVbbKGKBlFw0Qh0gVkN1VOnEkjsPGaOIhZwvET4jsG-92fnaTVgxCsgvTXBNK1EqvY3bFeWnz6uOl1oZdqTVtXhi2du=w1559-h1037-no\" width=\"192\" height=\"128\" \/><\/a><\/td>\n<td style=\"background: transparent url('http:\/\/picasaweb.google.com.tr\/s\/c\/transparent_album_background.gif') no-repeat scroll left center; height: 200px;\" align=\"center\"><a href=\"https:\/\/photos.app.goo.gl\/HbhHttaGpHpe7HCw9\"><img loading=\"lazy\" decoding=\"async\" class=\"\" src=\"https:\/\/lh3.googleusercontent.com\/05Umtoe_pZUKGhDSBPoSfHKoudbAuMuyNRcEs-Ba8nzIpxRMdKdn0JP9-7KGL5sYTOb6aT0TwtTU1wS5WpFU_MZXuryjX3RJ1mMc6i7O2BGuUDEmbzja3anmiFzk-V4vdM11S6zvchEJPMHn2wqmf0hCqC4fJzJ_S8af3jESlwO7NdRIwpqm9Lf31VtpkEenJY4m1aLzyEYcVXKuxVGRlt7Y_a330SFWafvdoZZ63_Bl-6El1-xDPhtZq2v8ym5eXvV5UDWD_e8cgUhfRszLkjB7J6zNF9b2RnbaOtf1GjtpqNezpw0oxO8hPJBsx87GDCGYjpvtI7HnjX3eGG7XW5cOO0AeIvvrElUgLyrNGS0xNsj_7r_BHwLj8qQxidUxi9WLXuE654QfUW0OzVMvvPDli2fr6gWUyeEuN0NXpVRmHVweYDIRWTkq-okLqOVWNKMlGSgwfESWFKZsAXfqyRIVsV01UY116YJC4GgvFgLytdXDnV57WkwvDULqOPny_UtGYja6VVWj-flEvfRqLtcktmQrM23RkpTEXC9WDF-9PQGuUZXn38HMB1A0243NSAWYt7fC6HD5map_VqcTnnWM81Mqb1OPi09WLs4s=w1559-h1037-no\" width=\"189\" height=\"126\" \/><\/a><\/td>\n<td style=\"background: transparent url('http:\/\/picasaweb.google.com.tr\/s\/c\/transparent_album_background.gif') no-repeat scroll left center; height: 200px;\" align=\"center\"><a href=\"https:\/\/photos.app.goo.gl\/QSY3K4mhSMgY4dDR6\"><img loading=\"lazy\" decoding=\"async\" class=\"\" src=\"https:\/\/lh3.googleusercontent.com\/FO1a4VIFS66W_UzRxRKS_WXgJ8h5D76AOaC36dBiA6pb1bclagSe5Z-sXEr5RB52twr1F1x8zeuW7ZVwYuEu7ldITbOMf_LmUSoMilQ76z0490cMAPw4bqxd8HTGWPUMEh3ajkqKfgGELafvVbTQvgLtvXVkozcWYQ5FBPsB-v7WkYunI_iHmEPcXy7XzLbRaoe8CcXA5tMa75Rm25MKqOAfML33lmaXA1QBMPjsWHzcxjxN8Ih0sV-i4HKqQwpr1FP99VKcKXDhEbBmb31hitO6LjLmHJHzTi3ATdJEGpCKz7RrwGHg9djYWk9irQdi3Sjqzb7pE3j76l61bCKJk_4oJ2CyB09dzCX4KeCTd28LKIexSrDn7Pc8yhbnZW_iP-5pSU4KPG24QS2qqkIDhCkjAGwhki__AUN5r8Mja9Zzg7HQgtmTRMQ7PG3p-d3kMxjsgSsKTCMSD0_GD4QinXcVGvD-NNAwE7r6bplExQFMNkWhkFwkcH5h8410JX4rjBBy_uc5weOMwS4Gv4K2Kg-JHEHZmXAoEEyQJ2piuxO_EgwpDnQqqMXckopikBwx6Op-v9bR7nvNwsClQGyCZp63gOzicqSl_wxFbFo0=w1559-h1037-no\" width=\"192\" height=\"128\" \/><\/a><\/td>\n<\/tr>\n<tr>\n<td style=\"text-align: center; font-family: arial,sans-serif; font-size: 11px;\">Singapur<\/td>\n<td style=\"text-align: center; font-family: arial,sans-serif; font-size: 11px;\">Anderson K\u00f6pr\u00fcs\u00fc<\/td>\n<td style=\"text-align: center; font-family: arial,sans-serif; font-size: 11px;\">Bogis Street<\/td>\n<td style=\"text-align: center; font-family: arial,sans-serif; font-size: 11px;\">Flyer<\/td>\n<\/tr>\n<tr>\n<td style=\"background: transparent url('http:\/\/picasaweb.google.com.tr\/s\/c\/transparent_album_background.gif') no-repeat scroll left center; height: 200px;\" align=\"center\"><a href=\"https:\/\/photos.app.goo.gl\/XtCkBbmDoZSHYULi7\"><img loading=\"lazy\" decoding=\"async\" class=\"\" src=\"https:\/\/lh3.googleusercontent.com\/DV0hr8hSlB51qQ1i6rUh-nP2To8ASZmXeGM0NQcdqs6R8zGCelSI1GN5VEm50OAH350A-W7NAcGco1kIcr-wg2FSqdqbkiZ5TeMOvIOelNXEDqzr3kklL6elX58AGyUdlgEzbKCjYVPOxFPl2jFx3VVdplO81fGNwi5Su5eml_a5D7PGdV1-eaGwvqBC0QxN6T1cb4Vy6iMkbcf8qE-b2mUrmchiuBVfTpBxM-cvmSaq9Xu_F0ejj2VDe2JqLARjzRujHwy3r6KwGDNEgCa99KhQt1JpK-O1Tt-F9fpVAxqwc_Y2_0k_nkvLWWZflg7XLSh_t2GmHnILjeP124oz-EjfoWQpPS7VQRtUMXcaHpFMHY9-6PJcJsXnmuq8hYMwA6s1ZGp6Tp7P1_PsQjHJL40faFahJmhEzUM4F-b6Z4VmPsdpRC8e-9PXOsm_01vip4G0vWIw_8d0yErc3RaThi_2YbQI5IsysJvjXK8Gm2qJRfiDnE4iFW5vAzogSFr4o9B_FdiSKEVeM0SkKD-gybAXptuVsafahDsRQqxpNOsrwCWHckjAEJ3fKfCsSfJXPCAGJi-Ufs5e3KFT11XgjxhKxTdlOvYSqjXALNAK=w1559-h1037-no\" width=\"192\" height=\"128\" \/><\/a><\/td>\n<td style=\"background: transparent url('http:\/\/picasaweb.google.com.tr\/s\/c\/transparent_album_background.gif') no-repeat scroll left center; height: 200px;\" align=\"center\"><a href=\"https:\/\/photos.app.goo.gl\/eAsjghDV2mBnvfkG8\"><img loading=\"lazy\" decoding=\"async\" class=\"\" src=\"https:\/\/lh3.googleusercontent.com\/BysMMHEv-RtN9znnOwf20_abQEoU0Km3ejC0QPigSxXKhKGgPGIWi0cknJPrp8POjvrr5xDmRQ_s2WNuQNBJA4r0SDmnt0wlklivdgGVKH0g0KUfWd15BKov_-ODPlc_htW0yteIB_Y116-azNu8Sny_raT6exA-n2_d7PAyDP8GxxgX9276zJyfNw0fXonvCtwNC_lnNGmSXWI3lDGwLVBFbCDRWFeVIrcO1Bqg4B7-YG3XjcdRLzqY9HXlugYvYNvHiVY7UhKdVLavA8pKkQ7MeojBb1_ejcCUKepFAcRAaC8D-C1N7ettCMieX4FbF1xwTdyKoXnC0DuFhgiE2Ku6r200InO9GD9Cm-g5rbLqIn_oqp4S7h5GJXS6ZZABGHI1yOOWbH_9p_QrohpCMDj6IyaTI1lCSmjEtn3cQZjcsQRCOsVhKStyTNP1PAJqhZLGyI5x0KauFsk6nwMGfAdPwH5Cec8d7y2kjxB2lcCxvHc4MTGU88uE2UshJczgaEN_kLr1IAKI_30wstcDgxp-CPv-7qzZoDEOuEzSrZrLp7b6zWQsPfVO0oPQZDWMWcBqPENk44ZP8uqZ5yIdJmTXAK6z3QTV1TWJpwFV=w1559-h1037-no\" width=\"192\" height=\"128\" \/><\/a><\/td>\n<td style=\"background: transparent url('http:\/\/picasaweb.google.com.tr\/s\/c\/transparent_album_background.gif') no-repeat scroll left center; height: 200px;\" align=\"center\"><a href=\"https:\/\/photos.app.goo.gl\/JSFoCwXHYr8dqJKi6\"><img loading=\"lazy\" decoding=\"async\" class=\"\" src=\"https:\/\/lh3.googleusercontent.com\/rh9b67PR3fz3_Rgy8Dm0m_C4FnE3qkD0IZLxtGY_EpPCG31HSMq8JzFkaFLsQsagVEUt5t7tvCH8uBxk-O2ROkW17qVgCHhYsVnz4qHN_GHce98V6QtnTiBXJH6oqtJuuBetyhQ2uDJVNdQV04Nv-S47PH3YwkcSRS4y9_tn9BPOmr0BUtOk2Vpth-h1lJPE8Fckz79oYfAX2u_dw3nIcF0m9y5OnEnkboM_UiPKTH2T69QT4LIBznv6BVQdMvuGoYq0DshbzZDW0Td5GF_rgjjaNS8DCuqpjOdRCOLwGgE9y8dRhBnoM8Hr5XWM_XdfWj-9hUl8Oo-g3vyeu-2AfuSs6ToKOf6gkdgn3mR2ZCvwxSvNyLZcVpxTPuGfvjMNgM7vuiSzWSqTOGcDagWq-GeLBOtCqrTPjN2V6vyMqXyxXe5EhmQGcw33Xr9QYiULFC7VEWIxTyjmBCE7LGXi2oQDQVMWeDPlza6KjMfJTV9gfHohqQUmevAJVTqAn9gEgaKcfoI0pGrwbFgcbjAysOcri_YNNkiWtS_0vphvxImmPF-DN7gUKx5R9Cr95M_xQij4PFBEEL6Pn5fgcgw3Z5KedGp0yOp07FkVcCGd=w1559-h1037-no\" width=\"192\" height=\"128\" \/><\/a><\/td>\n<td><a href=\"https:\/\/photos.app.goo.gl\/S8FhUcjNGVJXLpGq5\"><img loading=\"lazy\" decoding=\"async\" class=\"\" src=\"https:\/\/lh3.googleusercontent.com\/-BQal6E8W0XH_GC8JKVRf33cQtvv7GlUumtBL1-VfsimNH9fB4dqg0kKa3xRHCGInffBYTBOzVKnkfvqLPMOC8e4GS5OkuggCbKrfokl6Yggl-lnQAdPecR9GvMIMs7ZBUGaG-sd5MiTkDzRCbUMWfzwPRY7Xsm61KSDs1jo1jTlN7YZsdk8vZIvh1R5GrSyysPb8NDoLFb7jbNTv4Ivt34NCin_dUUcwEIP-GtkIQwhMlcCsBaofCAG9rBlbQH05TJmGjdCF7Nkz-e3rCU9tr3fm9MJZvz8V_67cI4TuJXzMqxp79KY4vs9tCm3Mk1-yP3aIihEN0Sfk9yz-LDJpK16ggTICPXdrTFBT-7rrcLuG4KvofbwlENQoEGdmBxTUOd_fK8-H1xBlYYudLVHT_bAzesyV5U8NWSmS8CXe30B148fDONl2wXnjF11Wr09om4_tuiYF_v03IJu3zcQe4orbunqEGeszcAjlh8C1lT0foftVf9y-PLIV6aALjOzXJcSil7eIDIRcR2KJitLsRdtGkcwDpNNjjIs4IGzX1z9L-3Rn57LV2WsxrtRJ0MK9GGaxhmV0NsEjjgWP9r27kgI-MpfnxqNn0Ecig9l=w1618-h1037-no\" width=\"192\" height=\"123\" \/><\/a><\/td>\n<\/tr>\n<tr>\n<td style=\"text-align: center; font-family: arial,sans-serif; font-size: 11px;\">Gardens of the Bay<\/td>\n<td style=\"text-align: center; font-family: arial,sans-serif; font-size: 11px;\">ion<\/td>\n<td style=\"text-align: center; font-family: arial,sans-serif; font-size: 11px;\">Little India<\/td>\n<td style=\"text-align: center; font-family: arial,sans-serif; font-size: 11px;\">Marina Bay Sands Hotel<\/td>\n<\/tr>\n<tr>\n<td><a href=\"https:\/\/photos.app.goo.gl\/wGcoq5EqZU1C3YZh9\"><img loading=\"lazy\" decoding=\"async\" class=\"\" src=\"https:\/\/lh3.googleusercontent.com\/xHCFxmr0NA1knhbRFsHjUDVmwptNlzO26dXJuuR_O5ELBflNlV1n5x66WcjE8WkrS7YbhoNSaI2fa3O9NCtzsLjd82oaaPvlSjNWDCqfOqpdFG_zKr7ikpZVTyJltO9ci4io5i6FztmYN-rRcvV17u_KcR3rKBsd8CLj_uJkEv4D5vX6nV5oMI82iTqDLag03Rfw1tCmpn1spz6VCONecURdpaGeCURZpGFCQK2ilK3fL-NQAHreH4ECpWGWYJ_b6rbtllY82bZxGbZdD6SiPNUKi4CwsilmHBUgPSmA5yTwpgGrdrHunTREKQaM2_9lZWRLtltrvfHrOZfBb9IIQjjDktB9e56phsbG8xs5HGAxqVYclVJoH7NWKOvRz_iWw5anIYrFNDUSuj_JWJ8koCg1SVaGL_r_8ea4GULYUzbBGeIsg0bffl2D3Cyk-R4FXRaOZK42vcVmiybiFjhHI2BT5QlYfzGz2XKJp-MlC57SZNEs9q8UZqH9jjPWzzk8DOn494FN1W_mQx34bpyV0UdGXWapwHXcPE38qkcaAKOANSaKFPqCyG9WGu0I64FS1fjJmVWakXgiarvjDA7YcEtQxvME6EZuXbVct2UP=w1559-h1037-no\" width=\"192\" height=\"128\" \/><\/a><\/td>\n<td><a href=\"https:\/\/photos.app.goo.gl\/FQA4ESpmZshpdpbj7\"><img loading=\"lazy\" decoding=\"async\" class=\"\" src=\"https:\/\/lh3.googleusercontent.com\/aggtvgypsURJhiPOEr4rQkOsBl7lfT8ymdQgHJasd9fp7gxZ3oKi3a9C7-xwkszyRKwgGTxyr3aPbv3cabi2GQ27a8aDlxwv3d-xdp3dQ9sZiGt_QI6lH6rTWLWrx1zvYPWvuPZOQfEJOQEVxjB_GcjpQL_LPTrJXBVf2AS-gzfZXcEhwnJrZnQgMqqL_6f9ATbtnnLV38xUW04-wG7a_UBqaO--6SQb2B6I6A1ZoyVFtoKCE8NZJbomlQU4QtJCrc3lbBFf095PfVXxXY9WqHW5gaXrVRHov21Wli5vvX2_q--tbPrkXMxUY-R_gSmVTMuTcKMnKYhgO7-jdN5BmF9LsSsLEFxaEXu1YiPh_HzVu4lWoMFXn5Zk4E8pCvgN3pvL8jNtk0h3XTAQc-WOi11eqjArFTyiGHQ-3Kdy6wwNMyZRLL1TKKolm-0d1gd-6iPmRaP_z2k6RT15OSeHVBewmg9z6i7CuKXbw17nOUinQNBrlGvfPcA-1ibXM78DpBKZZjWE_7bYbSKkskoOJD2_fmy2rcheNRodcly4L877OgfalDbStAsSClg6LqZfBaOBSPDK1M6RiIC_Ijz_oFyzIg8Rcc2Q7PzP8euq=w1559-h1037-no\" width=\"192\" height=\"128\" \/><\/a><\/td>\n<td><a href=\"https:\/\/photos.app.goo.gl\/ZGHi9ennhZtkoCT47\"><img loading=\"lazy\" decoding=\"async\" class=\"\" src=\"https:\/\/lh3.googleusercontent.com\/ja8lBXMr74URGNsZta0KjWo_eE0vEo9bCvcDCy8jZEl_ana3WinmpfkYrYCmX7RyuMTC51SUTV7ZBRTGQpu8Bo112nYK_k9CRhx7jFWwdlsvcGmZmVUwYdHunCivLdWa_eQlYLGVfEnSSynVwNERrC8afMtqByz29m9y1mL23EXmRoW9nMo8HNJE6HjYtS10l7lZLYn7chQnbsUCE558Czow02s-0D-MKeMhGoWBrktA2jAeIEwf2NwEOy6GYIMR_QkKNkRJLmcH5103z44rEVO2CurybGLix-Ek_Hdtt-kokTw1Zo0GhpPQV24MtxxpTr-xEEkr_dwTGn-zctsrEGQOHP1fvMUrWHeIDwYQuZO8emN4SHjXILmtG8-THyyzgnX6fD2e-EAHbyZ8k1okfyP3yTE5R7QqID_rPR7GLAx8OSF7vLYgZXjMKe_B9lb49_pOvKLCXl_42zXOWR26VbLepSOLdLxe4d2hRW-oU2m0WOsnvZ-AD-Erv2NKVaQbwpZOLUORM0wSPL6CbTsx8fs7Fu-jML_6lKy5NbzbJdot_X3DAdLHfUAcFijdmmWmOQS4EMpzBLoPaBe_PaRXKJKDFTFf2XBCitGcOYf2=w1559-h1037-no\" width=\"192\" height=\"128\" \/><\/a><\/td>\n<td><a href=\"https:\/\/photos.app.goo.gl\/LbSb8ywkJ5ZQ6gEs5\"><img loading=\"lazy\" decoding=\"async\" class=\"\" src=\"https:\/\/lh3.googleusercontent.com\/deotB6Dl3yhSFheH7rRyLC4SoY8UxAbH5_FRujxz-stoajWyKuYRhQQFlT3dw1Hyq-kICQ1ODS28ItTJAU7p58MCYHRpKPHQkDxIOaxwPoJild4Wr1ULbjWM3-ZRY9Yrh5huN95NKNYR8Iy_liGvm3zHOiLtLwZQbXcCRLoW05Ux0EmjDxf4gJPAaXQ3rA1zWgc4br631v1dzxJ3mGupHH0wRDuqe6SwzaTw3GLpgAk5fea30gaxTxdjM9Wv35PorZjSryKRXeeVgVM8hTmirGRkKUSs1iZRFfMY3nFF8FLmh5OH7TikTV-sn9va78thU2HWFbv6LxSIFGdbprlWTz-9ZQLWrujzSNe8uIA_GuAc8gdBO43UxUwHi_iASRfsur1YajEZ3ohcUyavQUzpd0y5w8AuDuAl_Fq8_CKU5HmZooCnZDtNisDWVnkIuZCRVTLiThFbn6K0Qt0s_Bng48FD0RJ1-xtiR476FrdiheSIcW1BKyR4RAqBiBTFX1H42g83iNjXGmvHXzBxPh8EgGVT1XxfqqNsemIuBzw1j9u_TRzSujq5qXMsVgHyZVx8jcKziTaJBNjXX5HUVYKWVmqnj0L-_mtOYVXnWY0q=w1559-h1037-no\" width=\"192\" height=\"128\" \/><\/a><\/td>\n<\/tr>\n<tr>\n<td style=\"text-align: center; font-family: arial,sans-serif; font-size: 11px;\">Mariot Hotel Tango Plaza<\/td>\n<td style=\"text-align: center; font-family: arial,sans-serif; font-size: 11px;\">Singapur Botanik Bah\u00e7esi<\/td>\n<td style=\"text-align: center; font-family: arial,sans-serif; font-size: 11px;\">Sr\u0131 Mariamman Tap\u0131na\u011f\u0131<\/td>\n<td style=\"text-align: center; font-family: arial,sans-serif; font-size: 11px;\">St. Andrew&#8217;s Katedrali<\/td>\n<\/tr>\n<tr>\n<td><a href=\"https:\/\/photos.app.goo.gl\/B7RTaP4NvFmQg27g9\"><img loading=\"lazy\" decoding=\"async\" class=\"\" src=\"https:\/\/lh3.googleusercontent.com\/6t3tx7rHL51PEAfEcqX33_89SHbi-8iuCD5qDH7cGiQxff9mEF8mPTUCpQv-otdYf6GIJM0Vp9UfP97dizhBqz53G3rVbMaAwV4-wVUkLwrWddvlLcr7suaPzX8ASjoz8V6JDLAgCAOCxd8Kajf_1nVkg_H0_HHOjeBJt9wY9-VWsCR3KjEcg-xEZOS9sEMGOBbnw-VmTZ6cIPsXE2OXkXGsl9X4XsqmQxkcsSazaEqpCHbr2kaVkgy_jytsH5sIAp6zdeoYa_T0GDclombrWdbMv4tcLo_SbNoZ0z5NPA7GCB1kQFusUp2xeQNZztxRTcAGCnBHvt-iKDrM1i-KdunEY4Rjk36Rn33HG8Yx3CH60Y4PlzpTBGis8ou7_ewrfs3ia6hJszSo_cHJimWZXUZ98skpbqex0zoq2-xj5EOegrZLgoKiar6LyUAL5ZWMkq4d-ar3SpncbQ7ol8IX9UavbMTc9EWb-ZEzhA8hal5LgVv0rdxtWMZSA6MmBTuLEUTjdNHSZ-gbfwSRqmVDF43t2gsZZ9bf3rBKrErK0IMHPR2Disu46FSdpJ3yuswNwG6A-LMx0JT-iCV_A-ayo5M8-wzdvJS62j9z7byS=w1559-h1037-no\" width=\"191\" height=\"127\" \/><\/a><\/td>\n<td><\/td>\n<td><\/td>\n<td><\/td>\n<\/tr>\n<tr>\n<td style=\"text-align: center; font-family: arial,sans-serif; font-size: 11px;\">Suntec city<\/td>\n<td style=\"text-align: center; font-family: arial,sans-serif; font-size: 11px;\"><\/td>\n<td style=\"text-align: center; font-family: arial,sans-serif; font-size: 11px;\"><\/td>\n<td style=\"text-align: center; font-family: arial,sans-serif; font-size: 11px;\"><\/td>\n<\/tr>\n<tr>\n<td><\/td>\n<td><\/td>\n<td><\/td>\n<td><\/td>\n<\/tr>\n<tr>\n<td style=\"text-align: center; font-family: arial,sans-serif; font-size: 11px;\"><\/td>\n<td style=\"text-align: center; font-family: arial,sans-serif; font-size: 11px;\"><\/td>\n<td style=\"text-align: center; font-family: arial,sans-serif; font-size: 11px;\"><\/td>\n<td style=\"text-align: center; font-family: arial,sans-serif; font-size: 11px;\"><\/td>\n<\/tr>\n<tr>\n<td><\/td>\n<td><\/td>\n<td><\/td>\n<td><\/td>\n<\/tr>\n<tr>\n<td style=\"text-align: center; font-family: arial,sans-serif; font-size: 11px;\"><\/td>\n<td style=\"text-align: center; font-family: arial,sans-serif; font-size: 11px;\"><\/td>\n<td style=\"text-align: center; font-family: arial,sans-serif; font-size: 11px;\"><\/td>\n<td style=\"text-align: center; font-family: arial,sans-serif; font-size: 11px;\"><\/td>\n<\/tr>\n<tr>\n<td><\/td>\n<td><\/td>\n<td><\/td>\n<td><\/td>\n<\/tr>\n<tr>\n<td style=\"text-align: center; font-family: arial,sans-serif; font-size: 11px;\"><\/td>\n<td style=\"text-align: center; font-family: arial,sans-serif; font-size: 11px;\"><\/td>\n<td style=\"text-align: center; font-family: arial,sans-serif; font-size: 11px;\"><\/td>\n<td style=\"text-align: center; font-family: arial,sans-serif; font-size: 11px;\"><\/td>\n<\/tr>\n<tr>\n<td><\/td>\n<td><\/td>\n<td><\/td>\n<td><\/td>\n<\/tr>\n<tr>\n<td style=\"text-align: center; font-family: arial,sans-serif; font-size: 11px;\"><\/td>\n<td style=\"text-align: center; font-family: arial,sans-serif; font-size: 11px;\"><\/td>\n<td style=\"text-align: center; font-family: arial,sans-serif; font-size: 11px;\"><\/td>\n<td style=\"text-align: center; font-family: arial,sans-serif; font-size: 11px;\"><\/td>\n<\/tr>\n<tr>\n<td><\/td>\n<td><\/td>\n<td><\/td>\n<td><\/td>\n<\/tr>\n<tr>\n<td style=\"text-align: center; font-family: arial,sans-serif; font-size: 11px;\"><\/td>\n<td style=\"text-align: center; font-family: arial,sans-serif; font-size: 11px;\"><\/td>\n<td style=\"text-align: center; font-family: arial,sans-serif; font-size: 11px;\"><\/td>\n<td style=\"text-align: center; font-family: arial,sans-serif; font-size: 11px;\"><\/td>\n<\/tr>\n<tr>\n<td><\/td>\n<td style=\"text-align: center; font-family: arial,sans-serif; font-size: 11px;\"><\/td>\n<td style=\"text-align: center; font-family: arial,sans-serif; font-size: 11px;\"><\/td>\n<td style=\"text-align: center; font-family: arial,sans-serif; font-size: 11px;\"><\/td>\n<\/tr>\n<tr>\n<td style=\"text-align: center; font-family: arial,sans-serif; font-size: 11px;\"><\/td>\n<td style=\"text-align: center; font-family: arial,sans-serif; font-size: 11px;\"><\/td>\n<td style=\"text-align: center; font-family: arial,sans-serif; font-size: 11px;\"><\/td>\n<td style=\"text-align: center; font-family: arial,sans-serif; font-size: 11px;\"><\/td>\n<\/tr>\n<tr>\n<td><\/td>\n<td style=\"text-align: center; font-family: arial,sans-serif; font-size: 11px;\"><\/td>\n<td style=\"text-align: center; font-family: arial,sans-serif; font-size: 11px;\"><\/td>\n<td style=\"text-align: center; font-family: arial,sans-serif; font-size: 11px;\"><\/td>\n<\/tr>\n<tr>\n<td style=\"text-align: center; font-family: arial,sans-serif; font-size: 11px;\"><\/td>\n<td style=\"text-align: center; font-family: arial,sans-serif; font-size: 11px;\"><\/td>\n<td style=\"text-align: center; font-family: arial,sans-serif; font-size: 11px;\"><\/td>\n<td style=\"text-align: center; font-family: arial,sans-serif; font-size: 11px;\"><\/td>\n<\/tr>\n<\/tbody>\n<\/table>\n","protected":false},"excerpt":{"rendered":"<p>Singapur Anderson K\u00f6pr\u00fcs\u00fc Bogis Street Flyer Gardens of the Bay ion Little India Marina Bay Sands Hotel Mariot Hotel Tango Plaza Singapur Botanik Bah\u00e7esi Sr\u0131 Mariamman Tap\u0131na\u011f\u0131 St. Andrew&#8217;s Katedrali Suntec city<\/p>\n","protected":false},"author":1,"featured_media":5877,"parent":4567,"menu_order":0,"comment_status":"closed","ping_status":"closed","template":"","meta":{"footnotes":""},"class_list":["post-5833","page","type-page","status-publish","has-post-thumbnail","hentry"],"_links":{"self":[{"href":"https:\/\/xn--adal-oza.net\/index.php?rest_route=\/wp\/v2\/pages\/5833","targetHints":{"allow":["GET"]}}],"collection":[{"href":"https:\/\/xn--adal-oza.net\/index.php?rest_route=\/wp\/v2\/pages"}],"about":[{"href":"https:\/\/xn--adal-oza.net\/index.php?rest_route=\/wp\/v2\/types\/page"}],"author":[{"embeddable":true,"href":"https:\/\/xn--adal-oza.net\/index.php?rest_route=\/wp\/v2\/users\/1"}],"replies":[{"embeddable":true,"href":"https:\/\/xn--adal-oza.net\/index.php?rest_route=%2Fwp%2Fv2%2Fcomments&post=5833"}],"version-history":[{"count":2,"href":"https:\/\/xn--adal-oza.net\/index.php?rest_route=\/wp\/v2\/pages\/5833\/revisions"}],"predecessor-version":[{"id":5878,"href":"https:\/\/xn--adal-oza.net\/index.php?rest_route=\/wp\/v2\/pages\/5833\/revisions\/5878"}],"up":[{"embeddable":true,"href":"https:\/\/xn--adal-oza.net\/index.php?rest_route=\/wp\/v2\/pages\/4567"}],"wp:featuredmedia":[{"embeddable":true,"href":"https:\/\/xn--adal-oza.net\/index.php?rest_route=\/wp\/v2\/media\/5877"}],"wp:attachment":[{"href":"https:\/\/xn--adal-oza.net\/index.php?rest_route=%2Fwp%2Fv2%2Fmedia&parent=5833"}],"curies":[{"name":"wp","href":"https:\/\/api.w.org\/{rel}","templated":true}]}}