{"id":6688,"date":"2018-06-14T10:56:42","date_gmt":"2018-06-14T08:56:42","guid":{"rendered":"https:\/\/xn--adal-oza.net\/?page_id=6688"},"modified":"2018-06-14T10:56:42","modified_gmt":"2018-06-14T08:56:42","slug":"cesitli","status":"publish","type":"page","link":"https:\/\/xn--adal-oza.net\/?page_id=6688&lang=en","title":{"rendered":"Cesitli"},"content":{"rendered":"<table style=\"text-align: center;\" border=\"0\" width=\"100%\" cellspacing=\"0\" cellpadding=\"0\">\n<colgroup>\n<col width=\"%20\" \/>\n<col width=\"%20\" \/>\n<col width=\"%20\" \/>\n<col width=\"%20\" \/>\n<col width=\"%20\" \/><\/colgroup>\n<tbody>\n<tr>\n<td style=\"background: transparent url('http:\/\/picasaweb.google.com.tr\/s\/c\/transparent_album_background.gif') no-repeat scroll left center; height: 200px;\" align=\"center\"><a href=\"https:\/\/goo.gl\/photos\/spnxUpQ71ScaCqb69\"><img loading=\"lazy\" decoding=\"async\" class=\"aligncenter\" title=\"Pi\u015fi G\u00fcn\u00fc 2009\" src=\"http:\/\/lh3.ggpht.com\/_xowhw8Tat0U\/S6WROjFHmDI\/AAAAAAAAAyc\/ez1kssTxhm4\/s128\/EA1_0258.JPG\" alt=\"\" width=\"120\" height=\"180\" \/><\/a><\/td>\n<td style=\"background: transparent url('http:\/\/picasaweb.google.com.tr\/s\/c\/transparent_album_background.gif') no-repeat scroll left center; height: 200px;\" align=\"center\"><a href=\"https:\/\/goo.gl\/photos\/RMvCnrknouoPwS6QA\"><img loading=\"lazy\" decoding=\"async\" class=\"aligncenter\" title=\"Ta\u015fkent yemek\" src=\"http:\/\/lh6.ggpht.com\/_xowhw8Tat0U\/S6WUeM602BI\/AAAAAAAAAzs\/E3xs69bMZTw\/s128\/EA1_1587.JPG\" alt=\"\" width=\"180\" height=\"120\" \/><\/a><\/td>\n<td style=\"background: transparent url('http:\/\/picasaweb.google.com.tr\/s\/c\/transparent_album_background.gif') no-repeat scroll left center; height: 200px;\" align=\"center\"><a href=\"https:\/\/goo.gl\/photos\/M29TYLbGo3FVZpnZ7\"><img loading=\"lazy\" decoding=\"async\" class=\"aligncenter\" title=\"\u0130ftar\" src=\"http:\/\/lh5.ggpht.com\/_xowhw8Tat0U\/S6WaalGlt5I\/AAAAAAAAA2E\/29GJfbKf_To\/s128\/EA1_2481.jpg\" alt=\"\" width=\"180\" height=\"120\" \/><\/a><\/td>\n<td style=\"background: transparent url('http:\/\/picasaweb.google.com.tr\/s\/c\/transparent_album_background.gif') no-repeat scroll left center; height: 200px;\" align=\"center\"><a href=\"https:\/\/plus.google.com\/photos\/118018111528715396689\/albums\/5966116190387169569\"><img loading=\"lazy\" decoding=\"async\" src=\"https:\/\/lh6.googleusercontent.com\/-51WY7PjNF6E\/UsvnELi76SE\/AAAAAAAAFC4\/DdCrVTAzs0E\/w173-h117-p\/EskiEvAcLS\" alt=\"Foto\u011fraf\" width=\"180\" height=\"120\" \/><\/a><\/td>\n<td style=\"background: transparent url('http:\/\/picasaweb.google.com.tr\/s\/c\/transparent_album_background.gif') no-repeat scroll left center; height: 200px;\" align=\"center\"><\/td>\n<\/tr>\n<tr>\n<td style=\"text-align: center; font-family: arial,sans-serif; font-size: 11px;\">Pi\u015fi G\u00fcn\u00fc (24 Temmuz 2009)<\/td>\n<td style=\"text-align: center; font-family: arial,sans-serif; font-size: 11px;\">Ta\u015fkent Yemek (12 A\u011fustos 2009)<\/td>\n<td style=\"text-align: center; font-family: arial,sans-serif; font-size: 11px;\">TRT \u0130ftar (12 Eyl\u00fcl 2009) Ada<\/td>\n<td style=\"text-align: center; font-family: arial,sans-serif; font-size: 11px;\">Eski ev a\u00e7\u0131l\u0131\u015f\u0131 (25 A\u011fustos 2013)<\/td>\n<td style=\"text-align: center; font-family: arial,sans-serif; font-size: 11px;\"><\/td>\n<\/tr>\n<\/tbody>\n<\/table>\n","protected":false},"excerpt":{"rendered":"<p>Pi\u015fi G\u00fcn\u00fc (24 Temmuz 2009) Ta\u015fkent Yemek (12 A\u011fustos 2009) TRT \u0130ftar (12 Eyl\u00fcl 2009) Ada Eski ev a\u00e7\u0131l\u0131\u015f\u0131 (25 A\u011fustos 2013)<\/p>\n","protected":false},"author":1,"featured_media":0,"parent":5089,"menu_order":5,"comment_status":"open","ping_status":"open","template":"","meta":{"footnotes":""},"class_list":["post-6688","page","type-page","status-publish","hentry"],"_links":{"self":[{"href":"https:\/\/xn--adal-oza.net\/index.php?rest_route=\/wp\/v2\/pages\/6688","targetHints":{"allow":["GET"]}}],"collection":[{"href":"https:\/\/xn--adal-oza.net\/index.php?rest_route=\/wp\/v2\/pages"}],"about":[{"href":"https:\/\/xn--adal-oza.net\/index.php?rest_route=\/wp\/v2\/types\/page"}],"author":[{"embeddable":true,"href":"https:\/\/xn--adal-oza.net\/index.php?rest_route=\/wp\/v2\/users\/1"}],"replies":[{"embeddable":true,"href":"https:\/\/xn--adal-oza.net\/index.php?rest_route=%2Fwp%2Fv2%2Fcomments&post=6688"}],"version-history":[{"count":2,"href":"https:\/\/xn--adal-oza.net\/index.php?rest_route=\/wp\/v2\/pages\/6688\/revisions"}],"predecessor-version":[{"id":9159,"href":"https:\/\/xn--adal-oza.net\/index.php?rest_route=\/wp\/v2\/pages\/6688\/revisions\/9159"}],"up":[{"embeddable":true,"href":"https:\/\/xn--adal-oza.net\/index.php?rest_route=\/wp\/v2\/pages\/5089"}],"wp:attachment":[{"href":"https:\/\/xn--adal-oza.net\/index.php?rest_route=%2Fwp%2Fv2%2Fmedia&parent=6688"}],"curies":[{"name":"wp","href":"https:\/\/api.w.org\/{rel}","templated":true}]}}