{"id":6695,"date":"2018-06-14T11:14:17","date_gmt":"2018-06-14T09:14:17","guid":{"rendered":"https:\/\/xn--adal-oza.net\/?page_id=6695"},"modified":"2019-05-10T23:17:46","modified_gmt":"2019-05-10T21:17:46","slug":"faculty","status":"publish","type":"page","link":"https:\/\/xn--adal-oza.net\/?page_id=6695&lang=en","title":{"rendered":"Faculty"},"content":{"rendered":"<table style=\"text-align: center;\" border=\"0\" width=\"100%\" cellspacing=\"0\" cellpadding=\"0\">\n<colgroup>\n<col width=\"%20\" \/>\n<col width=\"%20\" \/>\n<col width=\"%20\" \/>\n<col width=\"%20\" \/>\n<col width=\"%20\" \/><\/colgroup>\n<tbody>\n<tr>\n<td style=\"background: transparent url('http:\/\/picasaweb.google.com.tr\/s\/c\/transparent_album_background.gif') no-repeat scroll left center; height: 200px;\" align=\"center\"><a href=\"https:\/\/goo.gl\/photos\/GrTVG9HaugHYLfve9\"><img loading=\"lazy\" decoding=\"async\" class=\"aligncenter\" title=\"Bayram yeme\u011fi\" src=\"http:\/\/lh6.ggpht.com\/_xowhw8Tat0U\/S6U115b1QLI\/AAAAAAAAAM0\/bVaSoTYPMFE\/s128\/Toplu-2.JPG\" alt=\"\" width=\"180\" height=\"120\" \/><\/a><\/td>\n<td style=\"background: transparent url('http:\/\/picasaweb.google.com.tr\/s\/c\/transparent_album_background.gif') no-repeat scroll left center; height: 200px;\" align=\"center\"><a href=\"https:\/\/goo.gl\/photos\/zW4NNoWdkmNi97YB6\"><img loading=\"lazy\" decoding=\"async\" class=\"aligncenter\" title=\"Fak\u00fclte yeme\u011fi\" src=\"http:\/\/lh3.ggpht.com\/_xowhw8Tat0U\/S6VC1YkYuEI\/AAAAAAAAAVE\/77v4LU4p9TI\/s128\/DSC03230.JPG\" alt=\"\" width=\"180\" height=\"120\" \/><\/a><\/td>\n<td style=\"background: transparent url('http:\/\/picasaweb.google.com.tr\/s\/c\/transparent_album_background.gif') no-repeat scroll left center; height: 200px;\" align=\"center\"><a href=\"https:\/\/goo.gl\/photos\/dnoJtcHGVSH34y71A\"><img loading=\"lazy\" decoding=\"async\" class=\"aligncenter\" title=\"B\u00f6l\u00fcm yeme\u011fi\" src=\"http:\/\/lh5.ggpht.com\/_xowhw8Tat0U\/S6VShDXXNaI\/AAAAAAAAAbc\/JUaBGYKsPPw\/s128\/DSC04089.JPG\" alt=\"\" width=\"180\" height=\"120\" \/><\/a><\/td>\n<td style=\"background: transparent url('http:\/\/picasaweb.google.com.tr\/s\/c\/transparent_album_background.gif') no-repeat scroll left center; height: 200px;\" align=\"center\"><a href=\"https:\/\/goo.gl\/photos\/yNTtASnCet1Cfuch7\"><img loading=\"lazy\" decoding=\"async\" class=\"aligncenter\" title=\"Y\u0131lba\u015f\u0131 2010\" src=\"http:\/\/lh3.ggpht.com\/_xowhw8Tat0U\/S6WlJuATT-I\/AAAAAAAAA5w\/TFXgqf2xCi4\/s128\/IMG_3200.JPG\" alt=\"\" width=\"180\" height=\"120\" \/><\/a><\/td>\n<td style=\"background: transparent url('http:\/\/picasaweb.google.com.tr\/s\/c\/transparent_album_background.gif') no-repeat scroll left center; height: 200px;\" align=\"center\"><a href=\"https:\/\/goo.gl\/photos\/CycDMYbrJTuhFLTdA\"><img loading=\"lazy\" decoding=\"async\" class=\"aligncenter\" title=\"Kutlama 6 Ocak 2008\" src=\"http:\/\/lh6.ggpht.com\/_xowhw8Tat0U\/S6WxAn9S_hI\/AAAAAAAAA7A\/2FLSSSCUMMg\/s128\/100_0008.jpg\" alt=\"\" width=\"180\" height=\"120\" \/><\/a><\/td>\n<\/tr>\n<tr>\n<td style=\"text-align: center; font-family: arial,sans-serif; font-size: 11px;\">Bayram yeme\u011fi 2005<\/td>\n<td style=\"text-align: center; font-family: arial,sans-serif; font-size: 11px;\">Fak\u00fclte yeme\u011fi (2006)<\/td>\n<td style=\"text-align: center; font-family: arial,sans-serif; font-size: 11px;\">B\u00f6l\u00fcm yeme\u011fi (2007)<\/td>\n<td style=\"text-align: center; font-family: arial,sans-serif; font-size: 11px;\">Y\u0131lba\u015f\u0131 Partisi (2010)<\/td>\n<td style=\"text-align: center; font-family: arial,sans-serif; font-size: 11px;\">Kutlama (6 Ocak 2008)<\/td>\n<\/tr>\n<tr>\n<td style=\"background: transparent url('http:\/\/picasaweb.google.com.tr\/s\/c\/transparent_album_background.gif') no-repeat scroll left center; height: 200px;\" align=\"center\"><a href=\"https:\/\/goo.gl\/photos\/Lx6g2zoMhLPVhtoB7\"><img loading=\"lazy\" decoding=\"async\" class=\"aligncenter\" src=\"http:\/\/lh4.ggpht.com\/_xowhw8Tat0U\/TRxbBZwz9YE\/AAAAAAAABdQ\/LIKA_GPHwDs\/s144-c\/ImzaToreni.jpg\" alt=\"\" width=\"180\" height=\"180\" \/><\/a><\/td>\n<td style=\"background: transparent url('http:\/\/picasaweb.google.com.tr\/s\/c\/transparent_album_background.gif') no-repeat scroll left center; height: 200px;\" align=\"center\"><a href=\"https:\/\/goo.gl\/photos\/tNf3aU8n7yjSB7999\"><img loading=\"lazy\" decoding=\"async\" class=\"aligncenter\" src=\"http:\/\/lh5.ggpht.com\/_xowhw8Tat0U\/TRxbgcfD0kI\/AAAAAAAABek\/R3wu9cPJX5s\/s128\/EA1_6488.JPG\" alt=\"\" width=\"180\" height=\"120\" \/><\/a><\/td>\n<td style=\"background: transparent url('http:\/\/picasaweb.google.com.tr\/s\/c\/transparent_album_background.gif') no-repeat scroll left center; height: 200px;\" align=\"center\"><a href=\"https:\/\/goo.gl\/photos\/KqaKWbMKVJFKvs529\"><img loading=\"lazy\" decoding=\"async\" class=\"aligncenter\" title=\"2012 Y\u0131lba\u015f\u0131\" src=\"https:\/\/lh6.googleusercontent.com\/-jlFVoeu0RqQ\/Tv5bHZymLuI\/AAAAAAAAC54\/opV3pjoZxcg\/s128\/EA1_9470.JPG\" alt=\"\" width=\"180\" height=\"120\" \/><\/a><\/td>\n<td style=\"background: transparent url('http:\/\/picasaweb.google.com.tr\/s\/c\/transparent_album_background.gif') no-repeat scroll left center; height: 200px;\" align=\"center\"><a href=\"https:\/\/photos.app.goo.gl\/pWi76jUb3fBj3Xdw7\"><img loading=\"lazy\" decoding=\"async\" class=\"\" src=\"https:\/\/lh5.googleusercontent.com\/-1SVQF1ykAuY\/UOX2Llu_vlI\/AAAAAAAAD3o\/6oFPAwqtmk4\/s383\/SDC11089.JPG\" alt=\"\" width=\"116\" height=\"155\" \/><\/a><\/td>\n<td style=\"background: transparent url('http:\/\/picasaweb.google.com.tr\/s\/c\/transparent_album_background.gif') no-repeat scroll left center; height: 200px;\" align=\"center\"><a href=\"https:\/\/photos.app.goo.gl\/3PHjx4RQ4bzxPVfE6\"><img loading=\"lazy\" decoding=\"async\" src=\"https:\/\/lh3.googleusercontent.com\/-lOIbYsrzvVA\/UOcCJciLjmI\/AAAAAAAAD-4\/HEMwZOZ2IrI\/s511\/SDC11143.JPG\" alt=\"\" width=\"180\" height=\"160\" \/><\/a><\/td>\n<\/tr>\n<tr>\n<td style=\"text-align: center; font-family: arial,sans-serif; font-size: 11px;\">\u0130T\u00dc-T\u00fcbisad \u0130mza T\u00f6reni (29 Aral\u0131k 2010)<\/td>\n<td style=\"text-align: center; font-family: arial,sans-serif; font-size: 11px;\">Y\u0131lba\u015f\u0131 Partisi (2011)<\/td>\n<td style=\"text-align: center; font-family: arial,sans-serif; font-size: 11px;\">Y\u0131lba\u015f\u0131 Partisi (2012)<\/td>\n<td style=\"text-align: center; font-family: arial,sans-serif; font-size: 11px;\">Y\u0131lba\u015f\u0131 Partisi (2013)<\/td>\n<td style=\"text-align: center; font-family: arial,sans-serif; font-size: 11px;\">BLG 111 Sunumlar\u0131 (2013)<\/td>\n<\/tr>\n<tr>\n<td style=\"background: transparent url('http:\/\/picasaweb.google.com.tr\/s\/c\/transparent_album_background.gif') no-repeat scroll left center; height: 200px;\" align=\"center\"><a href=\"https:\/\/photos.app.goo.gl\/DjAAfXUqhQUeDGM76\"><img loading=\"lazy\" decoding=\"async\" src=\"https:\/\/lh5.googleusercontent.com\/s5vHXQ--IIgab4kU4c71-HUfc-PeA6Zrt9b-hWSP_o4=w270-h202-p-no\" alt=\"Foto\u011fraf\" width=\"180\" height=\"120\" \/><\/a><\/td>\n<td style=\"background: transparent url('http:\/\/picasaweb.google.com.tr\/s\/c\/transparent_album_background.gif') no-repeat scroll left center; height: 200px;\" align=\"center\"><a href=\"https:\/\/photos.app.goo.gl\/HrNLTjfY3We7SEKa8\"><img loading=\"lazy\" decoding=\"async\" src=\"https:\/\/lh6.googleusercontent.com\/n0429eao5_xEaOmOBfXpW_5u--C6BhUpISOpNFGH7bk=w270-h202-p-no\" alt=\"Foto\u011fraf\" width=\"180\" height=\"120\" \/><\/a><\/td>\n<td style=\"background: transparent url('http:\/\/picasaweb.google.com.tr\/s\/c\/transparent_album_background.gif') no-repeat scroll left center; height: 200px;\" align=\"center\"><a href=\"https:\/\/photos.app.goo.gl\/qbcVrLBpEfSRyS8G9\"><img decoding=\"async\" src=\"https:\/\/lh5.googleusercontent.com\/-AkznTayrkgo\/Uz02ramLOwE\/AAAAAAAAFdA\/I9IwcVj2jMw\/w180-h120-p\/Selda\" alt=\"Foto\u011fraf\" \/><\/a><\/td>\n<td style=\"background: transparent url('http:\/\/picasaweb.google.com.tr\/s\/c\/transparent_album_background.gif') no-repeat scroll left center; height: 200px;\" align=\"center\"><a href=\"https:\/\/photos.app.goo.gl\/ybiGKkyiPx4ey4nc6\"><img loading=\"lazy\" decoding=\"async\" class=\"aligncenter\" src=\"https:\/\/lh5.googleusercontent.com\/0VwBV9y4KeHMiNEbFZWcUKBg3ELIvZtjsKV6ghmcRKA=w329-h218-p-no\" alt=\"Foto\u011fraf\" width=\"180\" height=\"120\" \/><\/a><\/td>\n<td style=\"background: transparent url('http:\/\/picasaweb.google.com.tr\/s\/c\/transparent_album_background.gif') no-repeat scroll left center; height: 200px;\" align=\"center\"><a href=\"https:\/\/goo.gl\/photos\/DDJUHMSn73NAU4tdA\"><img loading=\"lazy\" decoding=\"async\" class=\"aligncenter\" src=\"https:\/\/lh3.googleusercontent.com\/RrViGV1VIzXgsXQBNk2unh69jcFEMkw4FZejmeH9BOpB8rYRvvZrXS9km2iRp3n8QA-srgknsN00kS2JWyKtp-dfXOoXrvXYHIMnREyf-G9KM96HZFrH1ZrTwX4kGCCfyqxvMF5mwO-EwlNe-8rKXJvxtFQoEmVrhaXnCX5aE294ZwZvxw5pIiP97Hhmc8PvB_XPsZPjgrOC5PZrX6Q1Nvx3hq_iHhZRpHI-MTnrs3-GpwavRTBKuZriLlH5uKD6U428DTpI3TG-_TT5rDM2MIjanwBQgCXEq2FkbVst1jJ1PH2veDnx03iodAbdu2K5V0_jhfgQJuDBLvXG__NYM1I2L3hTlLvUACm5tEpoRrBAZViwe_bvFxSnllZ4XqOswCZc6WCEj3LuHcsYJW8ehOpRTm9GXpSiMwf9004ykpGB-GKPFx5H9SbDx9CB7R3J7iJYSU3yt8W9lh_o1P31w-vgBPjgoQs8dUwO8Kz11vgWRj_dBD5RMKxk-055mq8mU_NvK7Xm1mgZjpuOnNkawMZTRa3DFee3u4kTWGYu5dDx=w1012-h759-no\" alt=\"\" width=\"180\" height=\"120\" \/><\/a><\/td>\n<\/tr>\n<tr>\n<td style=\"text-align: center; font-family: arial,sans-serif; font-size: 11px;\">Kahvalt\u0131 (2013)<\/td>\n<td style=\"text-align: center; font-family: arial,sans-serif; font-size: 11px;\">\u0130ftar (11 Temmuz 2013)<\/td>\n<td style=\"text-align: center; font-family: arial,sans-serif; font-size: 11px;\">Selda Veda Yeme\u011fi 3.4.2014<\/td>\n<td style=\"text-align: center; font-family: arial,sans-serif; font-size: 11px;\">Y\u0131lba\u015f\u0131 Partisi (2015)<\/td>\n<td style=\"text-align: center; font-family: arial,sans-serif; font-size: 11px;\">\u0130ftar 2012<\/td>\n<\/tr>\n<tr>\n<td style=\"background: transparent url('http:\/\/picasaweb.google.com.tr\/s\/c\/transparent_album_background.gif') no-repeat scroll left center; height: 200px;\" align=\"center\"><a href=\"https:\/\/photos.app.goo.gl\/LNg21KFhrXi7rwwt7\"><img loading=\"lazy\" decoding=\"async\" class=\"aligncenter\" src=\"https:\/\/lh4.googleusercontent.com\/nS_yvVHvksaedISZnm5N_Q998QKF3eL60V274wnboak=w338-h224-p-no\" alt=\"Foto\u011fraf\" width=\"180\" height=\"120\" \/><\/a><\/td>\n<td style=\"background: transparent url('http:\/\/picasaweb.google.com.tr\/s\/c\/transparent_album_background.gif') no-repeat scroll left center; height: 200px;\" align=\"center\"><a href=\"https:\/\/goo.gl\/photos\/rKSMFTXLbQBEgy9V9\"><img loading=\"lazy\" decoding=\"async\" class=\"aligncenter\" src=\"https:\/\/lh3.googleusercontent.com\/JJTYlrgYPJTKcqc7VLVGG7icCPLzyY-zbOnG7ZypzGeCb1Zt4iSdL2anr5bs76aJJ0_rpsNrn8EeCxHyuljxhkAqmh6CGeXD_HcjrO1d31juHROZU-YnEih8LjW3wONet_mF_kbO9m5eS6xBrD66dGIZcWMwaByAHxmQY1Hp-g8sYCVcRnifGwqLba4xKun_3VYNKhfiXYRUU-lkQHKHLtMWlemQZqITCvN4zTqNaAVRw6hmqeAHbwck7Ps7D7eJTOyhhmEhutu2L7NCtuYIqHLcHlC7Uxo061loG5A2lZRIDJCmO7DajJtT8_-ASr0sFE-lgAbbmMR1mB--7sz5B0Bsw9-orYNdq5Mr4Tay0fB3_Y2eUmYeNAJIRNhaxvaC3GST0s2FfTrPdr-HuMbD3Qj_as81Mdxn82C_uhK5k7O5YMU3lvO_ZdaVF3MIlmz2dt8FCVa9stR0L4itca4aFj7fb9t0Btg4b8nVRs-sOKGYPFZFLycDc7OJqEFoTBgl5bRdusWbUNWIprIP2_17xLChTtuK6tHdxbYfUGIREOdE3a6oR-BcJrz5zYvB24zzv7gJCDZ3K9q3eMhIT1fkOJSnR-NurZ5QNX567USB9m2JMnB4lw=w1961-h1305-no\" alt=\"\" width=\"180\" height=\"120\" \/><\/a><\/td>\n<td style=\"background: transparent url('http:\/\/picasaweb.google.com.tr\/s\/c\/transparent_album_background.gif') no-repeat scroll left center; height: 200px;\" align=\"center\"><\/td>\n<td style=\"background: transparent url('http:\/\/picasaweb.google.com.tr\/s\/c\/transparent_album_background.gif') no-repeat scroll left center; height: 200px;\" align=\"center\"><\/td>\n<td style=\"background: transparent url('http:\/\/picasaweb.google.com.tr\/s\/c\/transparent_album_background.gif') no-repeat scroll left center; height: 200px;\" align=\"center\"><\/td>\n<\/tr>\n<tr>\n<td style=\"text-align: center; font-family: arial,sans-serif; font-size: 11px;\">Emeklilik Yeme\u011fi (2015)<\/td>\n<td style=\"text-align: center; font-family: arial,sans-serif; font-size: 11px;\">\u0130lk Y\u00f6netim Kurulu<\/td>\n<td style=\"text-align: center; font-family: arial,sans-serif; font-size: 11px;\"><\/td>\n<td style=\"text-align: center; font-family: arial,sans-serif; font-size: 11px;\"><\/td>\n<td style=\"text-align: center; font-family: arial,sans-serif; font-size: 11px;\"><\/td>\n<\/tr>\n<\/tbody>\n<\/table>\n","protected":false},"excerpt":{"rendered":"<p>Bayram yeme\u011fi 2005 Fak\u00fclte yeme\u011fi (2006) B\u00f6l\u00fcm yeme\u011fi (2007) Y\u0131lba\u015f\u0131 Partisi (2010) Kutlama (6 Ocak 2008) \u0130T\u00dc-T\u00fcbisad \u0130mza T\u00f6reni (29 Aral\u0131k 2010) Y\u0131lba\u015f\u0131 Partisi (2011) Y\u0131lba\u015f\u0131 Partisi (2012) Y\u0131lba\u015f\u0131 Partisi (2013) BLG 111 Sunumlar\u0131 (2013) Kahvalt\u0131 (2013) \u0130ftar (11 Temmuz 2013) Selda Veda Yeme\u011fi 3.4.2014 Y\u0131lba\u015f\u0131 Partisi (2015) \u0130ftar 2012 Emeklilik Yeme\u011fi (2015) \u0130lk Y\u00f6netim &hellip; <\/p>\n<p class=\"link-more\"><a href=\"https:\/\/xn--adal-oza.net\/?page_id=6695&#038;lang=en\" class=\"more-link\">Okumaya devam et<span class=\"screen-reader-text\"> &#8220;Faculty&#8221;<\/span><\/a><\/p>\n","protected":false},"author":1,"featured_media":0,"parent":5089,"menu_order":1,"comment_status":"open","ping_status":"open","template":"","meta":{"footnotes":""},"class_list":["post-6695","page","type-page","status-publish","hentry"],"_links":{"self":[{"href":"https:\/\/xn--adal-oza.net\/index.php?rest_route=\/wp\/v2\/pages\/6695","targetHints":{"allow":["GET"]}}],"collection":[{"href":"https:\/\/xn--adal-oza.net\/index.php?rest_route=\/wp\/v2\/pages"}],"about":[{"href":"https:\/\/xn--adal-oza.net\/index.php?rest_route=\/wp\/v2\/types\/page"}],"author":[{"embeddable":true,"href":"https:\/\/xn--adal-oza.net\/index.php?rest_route=\/wp\/v2\/users\/1"}],"replies":[{"embeddable":true,"href":"https:\/\/xn--adal-oza.net\/index.php?rest_route=%2Fwp%2Fv2%2Fcomments&post=6695"}],"version-history":[{"count":3,"href":"https:\/\/xn--adal-oza.net\/index.php?rest_route=\/wp\/v2\/pages\/6695\/revisions"}],"predecessor-version":[{"id":7725,"href":"https:\/\/xn--adal-oza.net\/index.php?rest_route=\/wp\/v2\/pages\/6695\/revisions\/7725"}],"up":[{"embeddable":true,"href":"https:\/\/xn--adal-oza.net\/index.php?rest_route=\/wp\/v2\/pages\/5089"}],"wp:attachment":[{"href":"https:\/\/xn--adal-oza.net\/index.php?rest_route=%2Fwp%2Fv2%2Fmedia&parent=6695"}],"curies":[{"name":"wp","href":"https:\/\/api.w.org\/{rel}","templated":true}]}}