{"id":6700,"date":"2018-06-14T11:18:06","date_gmt":"2018-06-14T09:18:06","guid":{"rendered":"https:\/\/xn--adal-oza.net\/?page_id=6700"},"modified":"2018-06-15T00:16:24","modified_gmt":"2018-06-14T22:16:24","slug":"bursa-tour","status":"publish","type":"page","link":"https:\/\/xn--adal-oza.net\/?page_id=6700&lang=en","title":{"rendered":"Bursa Tour"},"content":{"rendered":"<table style=\"text-align: center;\" border=\"0\" width=\"100%\" cellspacing=\"0\" cellpadding=\"0\">\n<colgroup>\n<col width=\"%20\" \/>\n<col width=\"%20\" \/>\n<col width=\"%20\" \/>\n<col width=\"%20\" \/>\n<col width=\"%20\" \/><\/colgroup>\n<tbody>\n<tr>\n<td style=\"background: transparent url('http:\/\/picasaweb.google.com.tr\/s\/c\/transparent_album_background.gif') no-repeat scroll left center; height: 200px;\" align=\"center\"><a href=\"https:\/\/goo.gl\/photos\/GrTVG9HaugHYLfve9\"><img loading=\"lazy\" decoding=\"async\" class=\"aligncenter\" title=\"Bayram yeme\u011fi\" src=\"http:\/\/lh6.ggpht.com\/_xowhw8Tat0U\/S6U115b1QLI\/AAAAAAAAAM0\/bVaSoTYPMFE\/s128\/Toplu-2.JPG\" alt=\"\" width=\"180\" height=\"120\" \/><\/a><\/td>\n<td style=\"background: transparent url('http:\/\/picasaweb.google.com.tr\/s\/c\/transparent_album_background.gif') no-repeat scroll left center; height: 200px;\" align=\"center\"><a href=\"https:\/\/goo.gl\/photos\/BSMYFaAfC89T8QbJ7\"><img loading=\"lazy\" decoding=\"async\" class=\"aligncenter\" title=\"Ye\u015fil'de \u00c7ay \" src=\"http:\/\/lh5.ggpht.com\/_xowhw8Tat0U\/S9386qSVoVI\/AAAAAAAABR8\/3_47_X4AS7s\/s128\/EA1_4790.JPG\" alt=\"\" width=\"180\" height=\"120\" \/><\/a><\/td>\n<td style=\"background: transparent url('http:\/\/picasaweb.google.com.tr\/s\/c\/transparent_album_background.gif') no-repeat scroll left center; height: 200px;\" align=\"center\"><a href=\"https:\/\/goo.gl\/photos\/fcR3F8H4JMfSkVGa7\"><img loading=\"lazy\" decoding=\"async\" class=\"aligncenter\" title=\"Ye\u015fil T\u00fcrbe\" src=\"http:\/\/lh4.ggpht.com\/_xowhw8Tat0U\/S94ApvBTflI\/AAAAAAAABUA\/UzLor62jZB8\/s128\/Ye%C5%9Fil%20T%C3%BCrbe%20-2.JPG\" alt=\"\" width=\"180\" height=\"120\" \/><\/a><\/td>\n<td style=\"background: transparent url('http:\/\/picasaweb.google.com.tr\/s\/c\/transparent_album_background.gif') no-repeat scroll left center; height: 200px;\" align=\"center\"><a href=\"https:\/\/goo.gl\/photos\/dwZmxLHe6ABzthW7A\"><img loading=\"lazy\" decoding=\"async\" class=\"aligncenter\" title=\"Heykel\" src=\"http:\/\/lh4.ggpht.com\/_xowhw8Tat0U\/S94BzNKpyFI\/AAAAAAAABUg\/wfU_Ta8pnKM\/s128\/EA1_4729.JPG\" alt=\"\" width=\"180\" height=\"120\" \/><\/a><\/td>\n<td style=\"background: transparent url('http:\/\/picasaweb.google.com.tr\/s\/c\/transparent_album_background.gif') no-repeat scroll left center; height: 200px;\" align=\"center\"><a href=\"https:\/\/goo.gl\/photos\/EMZp68AZUT3oYoL88\"><img loading=\"lazy\" decoding=\"async\" class=\"aligncenter\" title=\"\u0130skender\" src=\"http:\/\/lh3.ggpht.com\/_xowhw8Tat0U\/S94Cxe1LeJI\/AAAAAAAABU4\/Si2ZlYckDZo\/s128\/EA1_4720.JPG\" alt=\"\" width=\"180\" height=\"120\" \/><\/a><\/td>\n<\/tr>\n<tr>\n<td style=\"text-align: center; font-family: arial,sans-serif; font-size: 11px;\">Bayram yeme\u011fi 2005<\/td>\n<td style=\"text-align: center; font-family: arial,sans-serif; font-size: 11px;\">Ye\u015fil&#8217;de \u00c7ay (1 May\u0131s 2010)<\/td>\n<td style=\"text-align: center; font-family: arial,sans-serif; font-size: 11px;\">Ye\u015fil T\u00fcrbe (1 May\u0131s 2010)<\/td>\n<td style=\"text-align: center; font-family: arial,sans-serif; font-size: 11px;\">Heykel (1 May\u0131s 2010)<\/td>\n<td style=\"text-align: center; font-family: arial,sans-serif; font-size: 11px;\">\u0130skender (1 May\u0131s 2010)<\/td>\n<\/tr>\n<tr>\n<td style=\"background: transparent url('http:\/\/picasaweb.google.com.tr\/s\/c\/transparent_album_background.gif') no-repeat scroll left center; height: 200px;\" align=\"center\"><a href=\"https:\/\/goo.gl\/photos\/6hXPWr5XvdaLtb3g6\"><img loading=\"lazy\" decoding=\"async\" class=\"aligncenter\" title=\"Tophane\" src=\"http:\/\/lh6.ggpht.com\/_xowhw8Tat0U\/S94EPiXFtcI\/AAAAAAAABVk\/REQXVPUlmpg\/s128\/Arzu-2%20%28Tophane%29.JPG\" alt=\"\" width=\"180\" height=\"120\" \/><\/a><\/td>\n<td style=\"background: transparent url('http:\/\/picasaweb.google.com.tr\/s\/c\/transparent_album_background.gif') no-repeat scroll left center; height: 200px;\" align=\"center\"><a href=\"https:\/\/goo.gl\/photos\/huCXd8yoXHy3wCLQ6\"><img loading=\"lazy\" decoding=\"async\" class=\"aligncenter\" title=\"I. Murat\" src=\"http:\/\/lh6.ggpht.com\/_xowhw8Tat0U\/S94Emo5tv0I\/AAAAAAAABV0\/nW24K7-LCSI\/s128\/%28I.%20Murat%20Camisi%29.JPG\" alt=\"\" width=\"180\" height=\"120\" \/><\/a><\/td>\n<td style=\"background: transparent url('http:\/\/picasaweb.google.com.tr\/s\/c\/transparent_album_background.gif') no-repeat scroll left center; height: 200px;\" align=\"center\"><\/td>\n<td style=\"background: transparent url('http:\/\/picasaweb.google.com.tr\/s\/c\/transparent_album_background.gif') no-repeat scroll left center; height: 200px;\" align=\"center\"><\/td>\n<td style=\"background: transparent url('http:\/\/picasaweb.google.com.tr\/s\/c\/transparent_album_background.gif') no-repeat scroll left center; height: 200px;\" align=\"center\"><\/td>\n<\/tr>\n<tr>\n<td style=\"text-align: center; font-family: arial,sans-serif; font-size: 11px;\">Tophane (1 May\u0131s 2010)<\/td>\n<td style=\"text-align: center; font-family: arial,sans-serif; font-size: 11px;\">I. Murat (1 May\u0131s 2010)<\/td>\n<td style=\"text-align: center; font-family: arial,sans-serif; font-size: 11px;\"><\/td>\n<td style=\"text-align: center; font-family: arial,sans-serif; font-size: 11px;\"><\/td>\n<td style=\"text-align: center; font-family: arial,sans-serif; font-size: 11px;\"><\/td>\n<\/tr>\n<\/tbody>\n<\/table>\n","protected":false},"excerpt":{"rendered":"<p>Bayram yeme\u011fi 2005 Ye\u015fil&#8217;de \u00c7ay (1 May\u0131s 2010) Ye\u015fil T\u00fcrbe (1 May\u0131s 2010) Heykel (1 May\u0131s 2010) \u0130skender (1 May\u0131s 2010) Tophane (1 May\u0131s 2010) I. Murat (1 May\u0131s 2010)<\/p>\n","protected":false},"author":1,"featured_media":6342,"parent":6697,"menu_order":0,"comment_status":"open","ping_status":"open","template":"","meta":{"footnotes":""},"class_list":["post-6700","page","type-page","status-publish","has-post-thumbnail","hentry"],"_links":{"self":[{"href":"https:\/\/xn--adal-oza.net\/index.php?rest_route=\/wp\/v2\/pages\/6700","targetHints":{"allow":["GET"]}}],"collection":[{"href":"https:\/\/xn--adal-oza.net\/index.php?rest_route=\/wp\/v2\/pages"}],"about":[{"href":"https:\/\/xn--adal-oza.net\/index.php?rest_route=\/wp\/v2\/types\/page"}],"author":[{"embeddable":true,"href":"https:\/\/xn--adal-oza.net\/index.php?rest_route=\/wp\/v2\/users\/1"}],"replies":[{"embeddable":true,"href":"https:\/\/xn--adal-oza.net\/index.php?rest_route=%2Fwp%2Fv2%2Fcomments&post=6700"}],"version-history":[{"count":1,"href":"https:\/\/xn--adal-oza.net\/index.php?rest_route=\/wp\/v2\/pages\/6700\/revisions"}],"predecessor-version":[{"id":6701,"href":"https:\/\/xn--adal-oza.net\/index.php?rest_route=\/wp\/v2\/pages\/6700\/revisions\/6701"}],"up":[{"embeddable":true,"href":"https:\/\/xn--adal-oza.net\/index.php?rest_route=\/wp\/v2\/pages\/6697"}],"wp:featuredmedia":[{"embeddable":true,"href":"https:\/\/xn--adal-oza.net\/index.php?rest_route=\/wp\/v2\/media\/6342"}],"wp:attachment":[{"href":"https:\/\/xn--adal-oza.net\/index.php?rest_route=%2Fwp%2Fv2%2Fmedia&parent=6700"}],"curies":[{"name":"wp","href":"https:\/\/api.w.org\/{rel}","templated":true}]}}