{"id":6713,"date":"2018-06-14T11:25:36","date_gmt":"2018-06-14T09:25:36","guid":{"rendered":"https:\/\/xn--adal-oza.net\/?page_id=6713"},"modified":"2018-06-14T11:25:36","modified_gmt":"2018-06-14T09:25:36","slug":"itu-1965-1975","status":"publish","type":"page","link":"https:\/\/xn--adal-oza.net\/?page_id=6713&lang=en","title":{"rendered":"ITU 1965-1975"},"content":{"rendered":"<table style=\"text-align: center;\" border=\"0\" width=\"100%\" cellspacing=\"0\" cellpadding=\"0\">\n<colgroup>\n<col width=\"%33\" \/>\n<col width=\"%33\" \/>\n<col width=\"%33\" \/> <\/colgroup>\n<tbody>\n<tr>\n<td style=\"background: transparent url('http:\/\/picasaweb.google.com.tr\/s\/c\/transparent_album_background.gif') no-repeat scroll left center; height: 200px;\" align=\"center\"><a href=\"https:\/\/goo.gl\/photos\/N2NBLsjiQmTWHJhPA\"><img loading=\"lazy\" decoding=\"async\" class=\"aligncenter\" title=\"1975 \u0130T\u00dc Kontrol K\u00fcrs\u00fcs\u00fc\" src=\"https:\/\/lh5.googleusercontent.com\/-4ic7iiTJrq4\/TzBf-tKyGKI\/AAAAAAAAC9g\/XsT9pkRgJB4\/s128\/okul-6.JPG\" alt=\"\" width=\"180\" height=\"180\" \/><\/a><\/td>\n<td style=\"background: transparent url('http:\/\/picasaweb.google.com.tr\/s\/c\/transparent_album_background.gif') no-repeat scroll left center; height: 200px;\" align=\"center\"><a href=\"https:\/\/goo.gl\/photos\/RNXYk4MSVafFbwym6\"><img loading=\"lazy\" decoding=\"async\" class=\"aligncenter\" title=\"\u0130T\u00dc TV\" src=\"https:\/\/lh6.googleusercontent.com\/-ULqL4131C0c\/TzBlguwn21I\/AAAAAAAADAQ\/ITm6se6RFew\/s128\/Ey%C3%BCp-181.JPG\" alt=\"\" width=\"180\" height=\"180\" \/><\/a><\/td>\n<td style=\"background: transparent url('http:\/\/picasaweb.google.com.tr\/s\/c\/transparent_album_background.gif') no-repeat scroll left center; height: 200px;\" align=\"center\"><a href=\"https:\/\/goo.gl\/photos\/SRbdK1okqErXQpPQA\"><img loading=\"lazy\" decoding=\"async\" class=\"aligncenter\" title=\"Teknik Gezi\" src=\"https:\/\/lh4.googleusercontent.com\/-zpzwPS2q_bw\/TzBl-QiW66I\/AAAAAAAADBU\/qZ4qTtmY7bo\/s128\/Teknik-2.JPG\" alt=\"\" width=\"180\" height=\"180\" \/><\/a><\/td>\n<\/tr>\n<tr>\n<td style=\"text-align: center; font-family: arial,sans-serif; font-size: 11px;\">\u0130T\u00dc Otomatik Kontrol K\u00fcrs\u00fcs\u00fc<\/td>\n<td style=\"text-align: center; font-family: arial,sans-serif; font-size: 11px;\">\u0130T\u00dc TV 1970<\/td>\n<td style=\"text-align: center; font-family: arial,sans-serif; font-size: 11px;\">Teknik Gezi 1969<\/td>\n<\/tr>\n<\/tbody>\n<\/table>\n","protected":false},"excerpt":{"rendered":"<p>\u0130T\u00dc Otomatik Kontrol K\u00fcrs\u00fcs\u00fc \u0130T\u00dc TV 1970 Teknik Gezi 1969<\/p>\n","protected":false},"author":1,"featured_media":0,"parent":5089,"menu_order":0,"comment_status":"open","ping_status":"open","template":"","meta":{"footnotes":""},"class_list":["post-6713","page","type-page","status-publish","hentry"],"_links":{"self":[{"href":"https:\/\/xn--adal-oza.net\/index.php?rest_route=\/wp\/v2\/pages\/6713","targetHints":{"allow":["GET"]}}],"collection":[{"href":"https:\/\/xn--adal-oza.net\/index.php?rest_route=\/wp\/v2\/pages"}],"about":[{"href":"https:\/\/xn--adal-oza.net\/index.php?rest_route=\/wp\/v2\/types\/page"}],"author":[{"embeddable":true,"href":"https:\/\/xn--adal-oza.net\/index.php?rest_route=\/wp\/v2\/users\/1"}],"replies":[{"embeddable":true,"href":"https:\/\/xn--adal-oza.net\/index.php?rest_route=%2Fwp%2Fv2%2Fcomments&post=6713"}],"version-history":[{"count":2,"href":"https:\/\/xn--adal-oza.net\/index.php?rest_route=\/wp\/v2\/pages\/6713\/revisions"}],"predecessor-version":[{"id":6715,"href":"https:\/\/xn--adal-oza.net\/index.php?rest_route=\/wp\/v2\/pages\/6713\/revisions\/6715"}],"up":[{"embeddable":true,"href":"https:\/\/xn--adal-oza.net\/index.php?rest_route=\/wp\/v2\/pages\/5089"}],"wp:attachment":[{"href":"https:\/\/xn--adal-oza.net\/index.php?rest_route=%2Fwp%2Fv2%2Fmedia&parent=6713"}],"curies":[{"name":"wp","href":"https:\/\/api.w.org\/{rel}","templated":true}]}}