{"id":6722,"date":"2018-06-14T11:29:12","date_gmt":"2018-06-14T09:29:12","guid":{"rendered":"https:\/\/xn--adal-oza.net\/?page_id=6722"},"modified":"2023-02-23T17:00:35","modified_gmt":"2023-02-23T15:00:35","slug":"itu-graduation-ceremonies","status":"publish","type":"page","link":"https:\/\/xn--adal-oza.net\/?page_id=6722&lang=en","title":{"rendered":"ITU Graduation Ceremonies"},"content":{"rendered":"<table style=\"text-align: center;\" border=\"0\" width=\"100%\" cellspacing=\"0\" cellpadding=\"0\">\n<colgroup>\n<col width=\"%20\" \/>\n<col width=\"%20\" \/>\n<col width=\"%20\" \/>\n<col width=\"%20\" \/>\n<col width=\"%20\" \/><\/colgroup>\n<tbody>\n<tr>\n<td style=\"background: transparent url('http:\/\/picasaweb.google.com.tr\/s\/c\/transparent_album_background.gif') no-repeat scroll left center; height: 200px;\" align=\"center\"><a href=\"https:\/\/goo.gl\/photos\/WfJVkRZ75JnsDpaR8\" data-wplink-edit=\"true\"><img loading=\"lazy\" decoding=\"async\" class=\"aligncenter\" src=\"https:\/\/lh6.googleusercontent.com\/-yVC_dPWjjNg\/Tg79XOYII-E\/AAAAAAAACnk\/VOgbJu8MU2k\/s144-c\/ITU2011MezuniyetToreni02.jpg\" alt=\"\" width=\"180\" height=\"180\" \/><\/a><\/td>\n<td style=\"background: transparent url('http:\/\/picasaweb.google.com.tr\/s\/c\/transparent_album_background.gif') no-repeat scroll left center; height: 200px;\" align=\"center\"><a href=\"https:\/\/goo.gl\/photos\/woDYo1uuzoxEzmYx7\"><img loading=\"lazy\" decoding=\"async\" class=\"aligncenter\" src=\"https:\/\/lh3.googleusercontent.com\/-U12w1a4Ogmk\/T-7hSpeLx3E\/AAAAAAAADz0\/acW9fYHaN5Y\/s144-c\/Mezuniyet2012.jpg\" alt=\"\" width=\"180\" height=\"180\" \/><\/a><\/td>\n<td style=\"background: transparent url('http:\/\/picasaweb.google.com.tr\/s\/c\/transparent_album_background.gif') no-repeat scroll left center; height: 200px;\" align=\"center\"><a href=\"https:\/\/photos.app.goo.gl\/sr5PT4Jjp5ih1zsP6\"><img loading=\"lazy\" decoding=\"async\" src=\"https:\/\/lh3.googleusercontent.com\/_qQJpgZJgwKZzCuPgqxh-_G1vERmtprUmkUwUU-AMe0=w338-h224-p-no\" alt=\"Foto\u011fraf\" width=\"180\" height=\"120\" \/><\/a><\/td>\n<td style=\"background: transparent url('http:\/\/picasaweb.google.com.tr\/s\/c\/transparent_album_background.gif') no-repeat scroll left center; height: 200px;\" align=\"center\"><a href=\"https:\/\/photos.app.goo.gl\/7gXGneUdafjCTtJY9\"><img loading=\"lazy\" decoding=\"async\" src=\"https:\/\/lh5.googleusercontent.com\/SOpT8pbLVxNaHEHzoSDVuP8LaFMDom94jL6Q_H4HWAQ=w300-h199-p-no\" alt=\"Foto\u011fraf\" width=\"180\" height=\"120\" \/><\/a><\/td>\n<td style=\"background: transparent url('http:\/\/picasaweb.google.com.tr\/s\/c\/transparent_album_background.gif') no-repeat scroll left center; height: 200px;\" align=\"center\"><\/td>\n<\/tr>\n<tr>\n<td style=\"text-align: center; font-family: arial,sans-serif; font-size: 11px;\">2011 Mezuniyet T\u00f6reni<\/td>\n<td style=\"text-align: center; font-family: arial,sans-serif; font-size: 11px;\">2012 Mezuniyet T\u00f6reni<\/td>\n<td style=\"text-align: center; font-family: arial,sans-serif; font-size: 11px;\">2013 Mezuniyet T\u00f6reni<\/td>\n<td style=\"text-align: center; font-family: arial,sans-serif; font-size: 11px;\">2014 Mezuniyet T\u00f6reni<\/td>\n<td style=\"text-align: center; font-family: arial,sans-serif; font-size: 11px;\"><\/td>\n<\/tr>\n<\/tbody>\n<\/table>\n","protected":false},"excerpt":{"rendered":"<p>2011 Mezuniyet T\u00f6reni 2012 Mezuniyet T\u00f6reni 2013 Mezuniyet T\u00f6reni 2014 Mezuniyet T\u00f6reni<\/p>\n","protected":false},"author":1,"featured_media":0,"parent":5089,"menu_order":9,"comment_status":"open","ping_status":"open","template":"","meta":{"footnotes":""},"class_list":["post-6722","page","type-page","status-publish","hentry"],"_links":{"self":[{"href":"https:\/\/xn--adal-oza.net\/index.php?rest_route=\/wp\/v2\/pages\/6722","targetHints":{"allow":["GET"]}}],"collection":[{"href":"https:\/\/xn--adal-oza.net\/index.php?rest_route=\/wp\/v2\/pages"}],"about":[{"href":"https:\/\/xn--adal-oza.net\/index.php?rest_route=\/wp\/v2\/types\/page"}],"author":[{"embeddable":true,"href":"https:\/\/xn--adal-oza.net\/index.php?rest_route=\/wp\/v2\/users\/1"}],"replies":[{"embeddable":true,"href":"https:\/\/xn--adal-oza.net\/index.php?rest_route=%2Fwp%2Fv2%2Fcomments&post=6722"}],"version-history":[{"count":3,"href":"https:\/\/xn--adal-oza.net\/index.php?rest_route=\/wp\/v2\/pages\/6722\/revisions"}],"predecessor-version":[{"id":9158,"href":"https:\/\/xn--adal-oza.net\/index.php?rest_route=\/wp\/v2\/pages\/6722\/revisions\/9158"}],"up":[{"embeddable":true,"href":"https:\/\/xn--adal-oza.net\/index.php?rest_route=\/wp\/v2\/pages\/5089"}],"wp:attachment":[{"href":"https:\/\/xn--adal-oza.net\/index.php?rest_route=%2Fwp%2Fv2%2Fmedia&parent=6722"}],"curies":[{"name":"wp","href":"https:\/\/api.w.org\/{rel}","templated":true}]}}