{"id":6725,"date":"2018-06-14T11:31:57","date_gmt":"2018-06-14T09:31:57","guid":{"rendered":"https:\/\/xn--adal-oza.net\/?page_id=6725"},"modified":"2018-06-14T11:31:57","modified_gmt":"2018-06-14T09:31:57","slug":"graduates","status":"publish","type":"page","link":"https:\/\/xn--adal-oza.net\/?page_id=6725&lang=en","title":{"rendered":"Graduates"},"content":{"rendered":"<table style=\"text-align: center;\" border=\"0\" width=\"100%\" cellspacing=\"0\" cellpadding=\"0\">\n<colgroup>\n<col width=\"%20\" \/>\n<col width=\"%20\" \/>\n<col width=\"%20\" \/>\n<col width=\"%20\" \/>\n<col width=\"%20\" \/><\/colgroup>\n<tbody>\n<tr>\n<td style=\"background: transparent url('http:\/\/picasaweb.google.com.tr\/s\/c\/transparent_album_background.gif') no-repeat scroll left center; height: 200px;\" align=\"center\"><a href=\"https:\/\/goo.gl\/photos\/LVKUTbb1eDiAkLg37\"><img loading=\"lazy\" decoding=\"async\" class=\"aligncenter\" title=\"Mezunlar (2004)\" src=\"http:\/\/lh6.ggpht.com\/_xowhw8Tat0U\/S6VBQDA4H6I\/AAAAAAAAAUA\/Mn3cH_IGulk\/s128\/2004%20mezunlari.jpg\" alt=\"\" width=\"180\" height=\"180\" \/><\/a><\/td>\n<td style=\"background: transparent url('http:\/\/picasaweb.google.com.tr\/s\/c\/transparent_album_background.gif') no-repeat scroll left center; height: 200px;\" align=\"center\"><a href=\"https:\/\/goo.gl\/photos\/GASqW5Lvezwx3qLp6\"><img loading=\"lazy\" decoding=\"async\" class=\"aligncenter\" title=\"Suny \u00d6\u011frencileri\" src=\"http:\/\/lh3.ggpht.com\/_xowhw8Tat0U\/S6WPmSJgtII\/AAAAAAAAAxs\/xXBQLE4u7cQ\/s128\/aa-%20Yemek%20%282009%29.JPG\" alt=\"\" width=\"180\" height=\"120\" \/><\/a><\/td>\n<td style=\"background: transparent url('http:\/\/picasaweb.google.com.tr\/s\/c\/transparent_album_background.gif') no-repeat scroll left center; height: 200px;\" align=\"center\"><a href=\"https:\/\/goo.gl\/photos\/vaRXM3Zk4Ut2uFHz5\"><img loading=\"lazy\" decoding=\"async\" src=\"https:\/\/lh3.googleusercontent.com\/-jhs3zwwTNfo\/UsvnuuQ2LhE\/AAAAAAAAFSc\/ztlpeo22PtY\/w180-h120-p\/SUNY2013Mezunlar\" alt=\"Foto\u011fraf\" width=\"180\" height=\"120\" \/><\/a><\/td>\n<td style=\"background: transparent url('http:\/\/picasaweb.google.com.tr\/s\/c\/transparent_album_background.gif') no-repeat scroll left center; height: 200px;\" align=\"center\"><\/td>\n<td style=\"background: transparent url('http:\/\/picasaweb.google.com.tr\/s\/c\/transparent_album_background.gif') no-repeat scroll left center; height: 200px;\" align=\"center\"><\/td>\n<\/tr>\n<tr>\n<td style=\"text-align: center; font-family: arial,sans-serif; font-size: 11px;\">Mezunlar (2004)<\/td>\n<td style=\"text-align: center; font-family: arial,sans-serif; font-size: 11px;\">Suny \u00d6\u011frencileri (28 May\u0131s 2009)<\/td>\n<td style=\"text-align: center; font-family: arial,sans-serif; font-size: 11px;\">Suny \u00d6\u011frencileri (18 May\u0131s 2013)<\/td>\n<td style=\"text-align: center; font-family: arial,sans-serif; font-size: 11px;\"><\/td>\n<td style=\"text-align: center; font-family: arial,sans-serif; font-size: 11px;\"><\/td>\n<\/tr>\n<\/tbody>\n<\/table>\n","protected":false},"excerpt":{"rendered":"<p>Mezunlar (2004) Suny \u00d6\u011frencileri (28 May\u0131s 2009) Suny \u00d6\u011frencileri (18 May\u0131s 2013)<\/p>\n","protected":false},"author":1,"featured_media":0,"parent":5089,"menu_order":2,"comment_status":"open","ping_status":"open","template":"","meta":{"footnotes":""},"class_list":["post-6725","page","type-page","status-publish","hentry"],"_links":{"self":[{"href":"https:\/\/xn--adal-oza.net\/index.php?rest_route=\/wp\/v2\/pages\/6725","targetHints":{"allow":["GET"]}}],"collection":[{"href":"https:\/\/xn--adal-oza.net\/index.php?rest_route=\/wp\/v2\/pages"}],"about":[{"href":"https:\/\/xn--adal-oza.net\/index.php?rest_route=\/wp\/v2\/types\/page"}],"author":[{"embeddable":true,"href":"https:\/\/xn--adal-oza.net\/index.php?rest_route=\/wp\/v2\/users\/1"}],"replies":[{"embeddable":true,"href":"https:\/\/xn--adal-oza.net\/index.php?rest_route=%2Fwp%2Fv2%2Fcomments&post=6725"}],"version-history":[{"count":1,"href":"https:\/\/xn--adal-oza.net\/index.php?rest_route=\/wp\/v2\/pages\/6725\/revisions"}],"predecessor-version":[{"id":6727,"href":"https:\/\/xn--adal-oza.net\/index.php?rest_route=\/wp\/v2\/pages\/6725\/revisions\/6727"}],"up":[{"embeddable":true,"href":"https:\/\/xn--adal-oza.net\/index.php?rest_route=\/wp\/v2\/pages\/5089"}],"wp:attachment":[{"href":"https:\/\/xn--adal-oza.net\/index.php?rest_route=%2Fwp%2Fv2%2Fmedia&parent=6725"}],"curies":[{"name":"wp","href":"https:\/\/api.w.org\/{rel}","templated":true}]}}