{"id":6733,"date":"2018-06-14T11:37:48","date_gmt":"2018-06-14T09:37:48","guid":{"rendered":"https:\/\/xn--adal-oza.net\/?page_id=6733"},"modified":"2019-05-10T23:39:17","modified_gmt":"2019-05-10T21:39:17","slug":"pertevniyal","status":"publish","type":"page","link":"https:\/\/xn--adal-oza.net\/?page_id=6733&lang=en","title":{"rendered":"Pertevniyal"},"content":{"rendered":"<table style=\"text-align: center;\" border=\"0\" width=\"100%\" cellspacing=\"0\" cellpadding=\"0\">\n<colgroup>\n<col width=\"%20\" \/>\n<col width=\"%20\" \/>\n<col width=\"%20\" \/>\n<col width=\"%20\" \/>\n<col width=\"%20\" \/><\/colgroup>\n<tbody>\n<tr>\n<td style=\"background: transparent url('http:\/\/picasaweb.google.com.tr\/s\/c\/transparent_album_background.gif') no-repeat scroll left center; height: 200px;\" align=\"center\"><a href=\"https:\/\/goo.gl\/photos\/JT7QK6HqChuo8YDu9\"><img loading=\"lazy\" decoding=\"async\" class=\"aligncenter\" title=\"Pertevniyal 2004\" src=\"http:\/\/lh3.ggpht.com\/_xowhw8Tat0U\/S6U2Br7viVI\/AAAAAAAAANQ\/RsE9zvAz0AY\/s128\/DSC00384.JPG\" alt=\"\" width=\"180\" height=\"120\" \/><\/a><\/td>\n<td style=\"background: transparent url('http:\/\/picasaweb.google.com.tr\/s\/c\/transparent_album_background.gif') no-repeat scroll left center; height: 200px;\" align=\"center\"><a href=\"https:\/\/goo.gl\/photos\/jU9fFdau9q2JvE976\"><img loading=\"lazy\" decoding=\"async\" class=\"aligncenter\" title=\"Pertev 2007\" src=\"http:\/\/lh3.ggpht.com\/_xowhw8Tat0U\/S6VW-eDgKvI\/AAAAAAAAAdE\/VNK-V7T_fbk\/s128\/DSC04717.JPG\" alt=\"\" width=\"180\" height=\"120\" \/><\/a><\/td>\n<td style=\"background: transparent url('http:\/\/picasaweb.google.com.tr\/s\/c\/transparent_album_background.gif') no-repeat scroll left center; height: 200px;\" align=\"center\"><a href=\"https:\/\/goo.gl\/photos\/fk6nBYgmCnyNov1n8\"><img loading=\"lazy\" decoding=\"async\" class=\"aligncenter\" title=\"Pertev 2008\" src=\"http:\/\/lh5.ggpht.com\/_xowhw8Tat0U\/S6VvyMw75pI\/AAAAAAAAAmY\/BYz__0Tg7U4\/s128\/DSC06352.JPG\" alt=\"\" width=\"180\" height=\"120\" \/><\/a><\/td>\n<td style=\"background: transparent url('http:\/\/picasaweb.google.com.tr\/s\/c\/transparent_album_background.gif') no-repeat scroll left center; height: 200px;\" align=\"center\"><a href=\"https:\/\/goo.gl\/photos\/WJCVvPCBEcHKsLUR9\"><img loading=\"lazy\" decoding=\"async\" class=\"aligncenter\" title=\"20 eyl\u00fcl\" src=\"http:\/\/lh6.ggpht.com\/_xowhw8Tat0U\/S6YNJU1yi8I\/AAAAAAAAA-s\/BpQV6uWKQ7o\/s128\/DSC05956.JPG\" alt=\"\" width=\"180\" height=\"120\" \/><\/a><\/td>\n<td style=\"background: transparent url('http:\/\/picasaweb.google.com.tr\/s\/c\/transparent_album_background.gif') no-repeat scroll left center; height: 200px;\" align=\"center\"><a href=\"https:\/\/goo.gl\/photos\/vBSMGettfjpcWyuXA\"><img loading=\"lazy\" decoding=\"async\" class=\"aligncenter\" src=\"https:\/\/lh5.googleusercontent.com\/_xowhw8Tat0U\/TdTlr_iRA-I\/AAAAAAAABtI\/JZhHmIOPEos\/s220\/EA1_7606.JPG\" alt=\"\" width=\"180\" height=\"120\" \/><\/a><\/td>\n<\/tr>\n<tr>\n<td style=\"text-align: center; font-family: arial,sans-serif; font-size: 11px;\">Pertevniyal (2004)<\/td>\n<td style=\"text-align: center; font-family: arial,sans-serif; font-size: 11px;\">Pertevniyal (2007)<\/td>\n<td style=\"text-align: center; font-family: arial,sans-serif; font-size: 11px;\">Pertevniyal (2008)<\/td>\n<td style=\"text-align: center; font-family: arial,sans-serif; font-size: 11px;\">Pertevniyal (20 Eyl\u00fcl 2008)<\/td>\n<td style=\"text-align: center; font-family: arial,sans-serif; font-size: 11px;\">Pertevniyal (2011) Nisan<\/td>\n<\/tr>\n<tr>\n<td style=\"background: transparent url('http:\/\/picasaweb.google.com.tr\/s\/c\/transparent_album_background.gif') no-repeat scroll left center; height: 200px;\" align=\"center\"><a href=\"https:\/\/photos.app.goo.gl\/pwoNsSXZrxd93ykg6\"><img loading=\"lazy\" decoding=\"async\" class=\"aligncenter\" src=\"https:\/\/lh3.googleusercontent.com\/xXnwJKSL4G3KhzExAyFWkeRSQmAJqT45Om1xSA_7JYrS=w295-h195-p-no\" alt=\"Foto\u011fraf\" width=\"180\" height=\"120\" \/><\/a><\/td>\n<td style=\"background: transparent url('http:\/\/picasaweb.google.com.tr\/s\/c\/transparent_album_background.gif') no-repeat scroll left center; height: 200px;\" align=\"center\"><a href=\"https:\/\/goo.gl\/photos\/W1Bi8vyipQPVdwDT9\"><img loading=\"lazy\" decoding=\"async\" class=\"aligncenter\" src=\"https:\/\/lh3.googleusercontent.com\/NlKhwFdw8FES_nddl-jruhWkl_b8U1avko-mkSHOjUSQ-e49v2tQui8IiXAeuKpdZLTXWsW0MalJLY-qx6Z2miXyBTDSwiv5DZHuNlVWAh898ZygSHgiNdFloADyQwo9YNxMUJIVoXV8vxTtNTWA0SlT2nr3xXfXeV9aFawlxsgLYCauE07t-Q6b60cSSZED87H9cP3MokHR-aFxas4VMQBzaxoy2lXD5bmDznqoPJR1dqq0RKgFA6YgDwDvNtKzArd3IYVa2TFmeWOUZwZx159-z9r3zGCrulFGBW2Vk9W_nI_6jT75ypUxWap74KK3I6zDEik-k9qj2DgW3qBiI7L5fGZB3INSh8PBaPWYZiy8cuKCwHnXbkOiATy7Wmrkt68gDLynXkhd-IsiP9c-kMIWa_4FbFixsiHZ6z0jjH-sSXeNKORwJNRhou3yS44RWUjHjgop7nfz0IkQA8ZdZa7FcdtAnrQOFh2WnUGxqw62o3wT0pkPi9SXwu8MtwHmltSC5boPUMkem8MZhB0Qq0IAscNj9gAhVRLDeTYz64Nv=w1012-h759-no\" alt=\"\" width=\"180\" height=\"120\" \/><\/a><\/td>\n<td style=\"background: transparent url('http:\/\/picasaweb.google.com.tr\/s\/c\/transparent_album_background.gif') no-repeat scroll left center; height: 200px;\" align=\"center\"><a href=\"https:\/\/goo.gl\/photos\/WhmuP6H7Xg2tgZhc6\"><img loading=\"lazy\" decoding=\"async\" class=\"aligncenter\" src=\"https:\/\/lh3.googleusercontent.com\/lNoGhVbhDSDuf54071lGySD2NbHGwnwbolZXZdnYLOO1C-7yN1W0aTa6pYbVQfHYYg99KUmCX72v8ssr_9_5EYelqXTjxTVRoeS-MFAHB8X5rbc4ii_4roJIYU5mDBGdrCTDYfJGR9TpLl6i83rpg-ZDNZfVLheS7HU-tJmO1Ka0h5yfs3h2c5N0c5HJ8M5dUYJbTiJ-PI1D7ROHv0QsjieLln5S2n1PfA7sDTwpHeqpDglT87r8v9xLYWaK_VPa-oArA7beQv3PKTOBNTt2VAAfCSFdsMVMmoAxD4LfAXps8GtGuryXAzxWJno6yvu5BO6hxmLUJ4Wy73fQrlKrfrxmNiLQQa81Q6kcoye4a_53w1bl_ls9nzYlGtV8LIoco_p4FlshEABfTJDqhP3578h8HEoapKyOOx4zI8Crd0wM9xkMGgJWUhDQ0HkhLWh0dAaiZKJfI5yy6OTgJku6nSLiP3iPk6fLg-U3CjTfdIhjuRvjQCYfwvf-X161rLpRPUhu9K6AQ9ETOGYrAspKCH-b58f5BgaKE35oevVCIpi7E9XCnvEFPkTZ2v8S9Vy-82JPKw=w1186-h792-no\" alt=\"\" width=\"180\" height=\"120\" \/><\/a><\/td>\n<td style=\"background: transparent url('http:\/\/picasaweb.google.com.tr\/s\/c\/transparent_album_background.gif') no-repeat scroll left center; height: 200px;\" align=\"center\"><a href=\"https:\/\/goo.gl\/photos\/XsGEuPji9YKyoZvd6\"><img decoding=\"async\" src=\"https:\/\/lh3.googleusercontent.com\/Nr_-EmO6IgLj4CC09RpgRfg1n8_20A8dfgTKYNRNT-EfHaL_YnoyOWYRMxPzw0BiK_hJifk8OlmtymTX0uHPgG45T1XSwr9yppleLiyClG9mlFADo27geEDPWd9T2eWnIh2EcIcf3BMAxgoj_f9CZ6bSxtBaX71RjunW_H9vDqJ-x6AN5Qy5ACbdXC4ZLoaJwAuduTyOr3VwlpnI6gXSA8G-Gr4c4eUPXXVANXEqi4_IfUfohVVonOdfrTpy77PMjyisK8PyLdvvUE9W7EszDWnUWpIV3roPk7hu74j8Ek1DCkhsm0HaJ-IilPA1YB6TYXhNLM1my3C5_FbxHKH7_qRtRTtl0R9kDlPiHfEQWmUSwE1L7eY2vHiPTaaYxLl6RBVbG-oYWgTOrJ42oxJQOZl7eP-LUnEndVYBXpG5qPb_RhSsa3PyLBsQzCl-CFvzlU7SqAWeDnf1NhAl_8RhkbF5XWdmbZaJALhN7VG1smRest2lUQnDSl_5xXACWIekpXhX_pEGasqbce1kGQZ_Cy1BANhhL-hIvGeSaht_j48PrP2WhYJQZltTDuIQKiceFaEx5ww8nZbgYxWOuTaPvD514cgPklbbukR9YQxIIrey7XLUEjLU_g=w180-h120-no\" \/><\/a><\/td>\n<td style=\"background: transparent url('http:\/\/picasaweb.google.com.tr\/s\/c\/transparent_album_background.gif') no-repeat scroll left center; height: 200px;\" align=\"center\"><\/td>\n<\/tr>\n<tr>\n<td style=\"text-align: center; font-family: arial,sans-serif; font-size: 11px;\">\u015e\u0130le Do\u011fa Tatil K\u00f6y\u00fc, Mart 2015<\/td>\n<td style=\"text-align: center; font-family: arial,sans-serif; font-size: 11px;\">Pertevniyal 2013<\/td>\n<td style=\"text-align: center; font-family: arial,sans-serif; font-size: 11px;\">Konya 2016<\/td>\n<td style=\"text-align: center; font-family: arial,sans-serif; font-size: 11px;\">23 Nisan 2017 Vak\u0131ftepe<\/td>\n<td style=\"text-align: center; font-family: arial,sans-serif; font-size: 11px;\"><\/td>\n<\/tr>\n<\/tbody>\n<\/table>\n","protected":false},"excerpt":{"rendered":"<p>Pertevniyal (2004) Pertevniyal (2007) Pertevniyal (2008) Pertevniyal (20 Eyl\u00fcl 2008) Pertevniyal (2011) Nisan \u015e\u0130le Do\u011fa Tatil K\u00f6y\u00fc, Mart 2015 Pertevniyal 2013 Konya 2016 23 Nisan 2017 Vak\u0131ftepe<\/p>\n","protected":false},"author":1,"featured_media":0,"parent":5089,"menu_order":4,"comment_status":"open","ping_status":"open","template":"","meta":{"footnotes":""},"class_list":["post-6733","page","type-page","status-publish","hentry"],"_links":{"self":[{"href":"https:\/\/xn--adal-oza.net\/index.php?rest_route=\/wp\/v2\/pages\/6733","targetHints":{"allow":["GET"]}}],"collection":[{"href":"https:\/\/xn--adal-oza.net\/index.php?rest_route=\/wp\/v2\/pages"}],"about":[{"href":"https:\/\/xn--adal-oza.net\/index.php?rest_route=\/wp\/v2\/types\/page"}],"author":[{"embeddable":true,"href":"https:\/\/xn--adal-oza.net\/index.php?rest_route=\/wp\/v2\/users\/1"}],"replies":[{"embeddable":true,"href":"https:\/\/xn--adal-oza.net\/index.php?rest_route=%2Fwp%2Fv2%2Fcomments&post=6733"}],"version-history":[{"count":2,"href":"https:\/\/xn--adal-oza.net\/index.php?rest_route=\/wp\/v2\/pages\/6733\/revisions"}],"predecessor-version":[{"id":7735,"href":"https:\/\/xn--adal-oza.net\/index.php?rest_route=\/wp\/v2\/pages\/6733\/revisions\/7735"}],"up":[{"embeddable":true,"href":"https:\/\/xn--adal-oza.net\/index.php?rest_route=\/wp\/v2\/pages\/5089"}],"wp:attachment":[{"href":"https:\/\/xn--adal-oza.net\/index.php?rest_route=%2Fwp%2Fv2%2Fmedia&parent=6733"}],"curies":[{"name":"wp","href":"https:\/\/api.w.org\/{rel}","templated":true}]}}