{"id":6738,"date":"2018-06-14T11:40:29","date_gmt":"2018-06-14T09:40:29","guid":{"rendered":"https:\/\/xn--adal-oza.net\/?page_id=6738"},"modified":"2023-02-23T16:54:43","modified_gmt":"2023-02-23T14:54:43","slug":"bilgisayar-muhendisligi-bolum-baskanlari-toplantilari-eng","status":"publish","type":"page","link":"https:\/\/xn--adal-oza.net\/?page_id=6738&lang=en","title":{"rendered":"Bilgisayar M\u00fchendisli\u011fi B\u00f6l\u00fcm Ba\u015fkanlar\u0131 Toplant\u0131lar\u0131"},"content":{"rendered":"<table style=\"text-align: center;\" border=\"0\" width=\"100%\" cellspacing=\"0\" cellpadding=\"0\">\n<colgroup>\n<col width=\"%20\">\n<col width=\"%20\">\n<col width=\"%20\">\n<col width=\"%20\">\n<col width=\"%20\"><\/colgroup>\n<tbody>\n<tr>\n<td style=\"background: transparent url('http:\/\/picasaweb.google.com.tr\/s\/c\/transparent_album_background.gif') no-repeat scroll left center; height: 200px;\" align=\"center\"><a href=\"https:\/\/goo.gl\/photos\/N11zqeMuR8UoHdEr8\"><img loading=\"lazy\" decoding=\"async\" class=\"aligncenter\" title=\"BMBB 2005\" src=\"http:\/\/lh3.ggpht.com\/_xowhw8Tat0U\/S6UsHNmFWwI\/AAAAAAAAAHg\/IG-epX0CFP0\/s128\/DSC00876.JPG\" alt=\"\" width=\"180\" height=\"120\"><\/a><\/td>\n<td style=\"background: transparent url('http:\/\/picasaweb.google.com.tr\/s\/c\/transparent_album_background.gif') no-repeat scroll left center; height: 200px;\" align=\"center\"><a href=\"https:\/\/goo.gl\/photos\/KMQTQQ6Xe1D667Hy8\"><img loading=\"lazy\" decoding=\"async\" class=\"aligncenter\" title=\"BMBB Toplant\u0131s\u0131 2008\" src=\"http:\/\/lh6.ggpht.com\/_xowhw8Tat0U\/S6VheLl0FKI\/AAAAAAAAAgY\/rLpmRwdiqr0\/s128\/al-TBD%20MIBY%20Cesme%20%282008%29.JPG\" alt=\"\" width=\"180\" height=\"120\"><\/a><\/td>\n<td style=\"background: transparent url('http:\/\/picasaweb.google.com.tr\/s\/c\/transparent_album_background.gif') no-repeat scroll left center; height: 200px;\" align=\"center\"><a href=\"https:\/\/goo.gl\/photos\/DB3bmTHJDDX918159\"><img loading=\"lazy\" decoding=\"async\" class=\"aligncenter\" title=\"Pamukkale\" src=\"http:\/\/lh3.ggpht.com\/-lT06HALy110\/TNBuo-XA-wE\/AAAAAAAABcI\/r6tTcFHmKgc\/s144-c\/BMBB.jpg?gl=TR\" alt=\"\" width=\"180\" height=\"180\"><\/a><\/td>\n<td style=\"background: transparent url('http:\/\/picasaweb.google.com.tr\/s\/c\/transparent_album_background.gif') no-repeat scroll left center; height: 200px;\" align=\"center\"><a href=\"https:\/\/plus.google.com\/photos\/105558740625646300856\/albums\/5814532742812368961\"><img loading=\"lazy\" decoding=\"async\" src=\"https:\/\/lh3.googleusercontent.com\/-i3YbfothrGo\/ULFewMORqqI\/AAAAAAAAC38\/jz2ZYYRPUpE\/w577-h384-p-k\/EA1_1394.JPG\" alt=\"Foto\u011fraf\" width=\"180\" height=\"120\"><\/a><\/td>\n<td style=\"background: transparent url('http:\/\/picasaweb.google.com.tr\/s\/c\/transparent_album_background.gif') no-repeat scroll left center; height: 200px;\" align=\"center\"><a href=\"https:\/\/goo.gl\/photos\/gCPNcpL8Y3EY5QgL7\"><img loading=\"lazy\" decoding=\"async\" class=\"aligncenter\" title=\"Isparta\" src=\"http:\/\/lh6.ggpht.com\/-CgAacAc9kjI\/TsEL9eeEXkE\/AAAAAAAACpE\/aGd0cjzM7ls\/s144-c\/BMBB2011Isparta.jpg?gl=TR\" alt=\"\" width=\"180\" height=\"180\"><\/a><\/td>\n<\/tr>\n<tr>\n<td style=\"text-align: center; font-family: arial,sans-serif; font-size: 11px;\">BMBB 2005 K\u0131br\u0131s<\/td>\n<td style=\"text-align: center; font-family: arial,sans-serif; font-size: 11px;\">BMBB 2008 \u00c7e\u015fme<\/td>\n<td style=\"text-align: center; font-family: arial,sans-serif; font-size: 11px;\">BMBB 2010 Pamukkale<\/td>\n<td style=\"text-align: center; font-family: arial,sans-serif; font-size: 11px;\">BMBB 2012 \u00c7e\u015fme<\/td>\n<td style=\"text-align: center; font-family: arial,sans-serif; font-size: 11px;\">BMBB 2011 Isparta<\/td>\n<\/tr>\n<tr>\n<td style=\"background: transparent url('http:\/\/picasaweb.google.com.tr\/s\/c\/transparent_album_background.gif') no-repeat scroll left center; height: 200px;\" align=\"center\"><a href=\"https:\/\/plus.google.com\/photos\/105558740625646300856\/albums\/5814532118231805793\"><img loading=\"lazy\" decoding=\"async\" src=\"https:\/\/lh3.googleusercontent.com\/-14MJH2zGw9I\/ULFeK8kiS0I\/AAAAAAAAC0k\/ZnPxkb7usrI\/w577-h384-p-k\/EA1_1447.JPG\" alt=\"Foto\u011fraf\" width=\"180\" height=\"120\"><\/a><\/td>\n<td style=\"background: transparent url('http:\/\/picasaweb.google.com.tr\/s\/c\/transparent_album_background.gif') no-repeat scroll left center; height: 200px;\" align=\"center\"><a href=\"https:\/\/plus.google.com\/photos\/105558740625646300856\/albums\/5814533804999635921\"><img loading=\"lazy\" decoding=\"async\" src=\"https:\/\/lh3.googleusercontent.com\/-rai_dLSdHSI\/ULFftihzUNI\/AAAAAAAAC-Q\/VlVDQdXhBGc\/w577-h384-p-k\/EA1_1369.JPG\" alt=\"Foto\u011fraf\" width=\"180\" height=\"120\"><\/a><\/td>\n<td style=\"background: transparent url('http:\/\/picasaweb.google.com.tr\/s\/c\/transparent_album_background.gif') no-repeat scroll left center; height: 200px;\" align=\"center\"><a href=\"https:\/\/plus.google.com\/photos\/105558740625646300856\/albums\/5814531280381259473\"><img loading=\"lazy\" decoding=\"async\" src=\"https:\/\/lh6.googleusercontent.com\/-oWxyStVvhJQ\/ULFdca67MCI\/AAAAAAAACv0\/Dalg4N1GS0U\/w284-h189-n-k\/EA1_1474.JPG\" alt=\"Foto\u011fraf\" width=\"180\" height=\"120\"><\/a><\/td>\n<td style=\"background: transparent url('http:\/\/picasaweb.google.com.tr\/s\/c\/transparent_album_background.gif') no-repeat scroll left center; height: 200px;\" align=\"center\"><\/td>\n<td style=\"background: transparent url('http:\/\/picasaweb.google.com.tr\/s\/c\/transparent_album_background.gif') no-repeat scroll left center; height: 200px;\" align=\"center\"><\/td>\n<\/tr>\n<tr>\n<td style=\"text-align: center; font-family: arial,sans-serif; font-size: 11px;\">BMBB 2012 \u00c7e\u015fme Gala yeme\u011fi<\/td>\n<td style=\"text-align: center; font-family: arial,sans-serif; font-size: 11px;\">BMBB 2012 \u00c7e\u015fme \u00c7e\u015fitli<\/td>\n<td style=\"text-align: center; font-family: arial,sans-serif; font-size: 11px;\">BMBB 2012 \u00c7e\u015fme Portreler<\/td>\n<td style=\"text-align: center; font-family: arial,sans-serif; font-size: 11px;\"><\/td>\n<td style=\"text-align: center; font-family: arial,sans-serif; font-size: 11px;\"><\/td>\n<\/tr>\n<tr>\n<td style=\"text-align: center; font-family: arial,sans-serif; font-size: 11px;\"><\/td>\n<td style=\"text-align: center; font-family: arial,sans-serif; font-size: 11px;\"><\/td>\n<td style=\"text-align: center; font-family: arial,sans-serif; font-size: 11px;\"><\/td>\n<td style=\"text-align: center; font-family: arial,sans-serif; font-size: 11px;\"><\/td>\n<td style=\"text-align: center; font-family: arial,sans-serif; font-size: 11px;\"><\/td>\n<\/tr>\n<tr>\n<td style=\"text-align: center; font-family: arial,sans-serif; font-size: 11px;\"><\/td>\n<td style=\"text-align: center; font-family: arial,sans-serif; font-size: 11px;\"><\/td>\n<td style=\"text-align: center; font-family: arial,sans-serif; font-size: 11px;\"><\/td>\n<td style=\"text-align: center; font-family: arial,sans-serif; font-size: 11px;\"><\/td>\n<td style=\"text-align: center; font-family: arial,sans-serif; font-size: 11px;\"><\/td>\n<\/tr>\n<\/tbody>\n<\/table>\n<table style=\"height: 160px;\" width=\"160\">\n<tbody>\n<tr>\n<td valign=\"top\">\n<table style=\"width: 220px;\">\n<tbody>\n<tr>\n<td style=\"background: url('http:\/\/picasaweb.google.com.tr\/s\/c\/transparent_album_background.gif') no-repeat scroll left center transparent; height: 200px;\" align=\"center\"><\/td>\n<\/tr>\n<tr>\n<td style=\"text-align: center; font-family: arial,sans-serif; font-size: 11px;\"><\/td>\n<\/tr>\n<\/tbody>\n<\/table>\n<\/td>\n<td valign=\"top\">\n<table style=\"width: 220px;\">\n<tbody>\n<tr>\n<td style=\"background: url('http:\/\/picasaweb.google.com.tr\/s\/c\/transparent_album_background.gif') no-repeat scroll left center transparent; height: 200px;\" align=\"center\"><\/td>\n<\/tr>\n<tr>\n<td style=\"text-align: center; font-family: arial,sans-serif; font-size: 11px;\"><\/td>\n<\/tr>\n<\/tbody>\n<\/table>\n<\/td>\n<td valign=\"top\">\n<table style=\"width: 220px;\">\n<tbody>\n<tr>\n<td style=\"background: url('http:\/\/picasaweb.google.com.tr\/s\/c\/transparent_album_background.gif') no-repeat scroll left center transparent; height: 200px;\" align=\"center\"><\/td>\n<\/tr>\n<tr>\n<td style=\"text-align: center; font-family: arial,sans-serif; font-size: 11px;\"><\/td>\n<\/tr>\n<\/tbody>\n<\/table>\n<\/td>\n<td valign=\"top\">\n<table style=\"width: 220px;\">\n<tbody>\n<tr>\n<td style=\"background: url('http:\/\/picasaweb.google.com.tr\/s\/c\/transparent_album_background.gif') no-repeat scroll left center transparent; height: 200px;\" align=\"center\"><\/td>\n<\/tr>\n<tr>\n<td style=\"text-align: center; font-family: arial,sans-serif; font-size: 11px;\"><\/td>\n<\/tr>\n<\/tbody>\n<\/table>\n<\/td>\n<\/tr>\n<tr>\n<td valign=\"top\">\n<table style=\"width: 220px;\">\n<tbody>\n<tr>\n<td style=\"background: url('http:\/\/picasaweb.google.com.tr\/s\/c\/transparent_album_background.gif') no-repeat scroll left center transparent; height: 200px;\" align=\"center\"><\/td>\n<\/tr>\n<tr>\n<td style=\"text-align: center; font-family: arial,sans-serif; font-size: 11px;\"><\/td>\n<\/tr>\n<\/tbody>\n<\/table>\n<\/td>\n<td valign=\"top\">\n<table style=\"width: 220px;\">\n<tbody>\n<tr>\n<td style=\"background: url('http:\/\/picasaweb.google.com.tr\/s\/c\/transparent_album_background.gif') no-repeat scroll left center transparent; height: 200px;\" align=\"center\"><\/td>\n<\/tr>\n<tr>\n<td style=\"text-align: center; font-family: arial,sans-serif; font-size: 11px;\"><\/td>\n<\/tr>\n<\/tbody>\n<\/table>\n<\/td>\n<td valign=\"top\">\n<table style=\"width: 220px;\">\n<tbody>\n<tr>\n<td style=\"background: url('http:\/\/picasaweb.google.com.tr\/s\/c\/transparent_album_background.gif') no-repeat scroll left center transparent; height: 200px;\" align=\"center\"><\/td>\n<\/tr>\n<tr>\n<td style=\"text-align: center; font-family: arial,sans-serif; font-size: 11px;\"><\/td>\n<\/tr>\n<\/tbody>\n<\/table>\n<\/td>\n<td valign=\"top\">\n<table style=\"width: 220px;\">\n<tbody>\n<tr>\n<td style=\"background: url('http:\/\/picasaweb.google.com.tr\/s\/c\/transparent_album_background.gif') no-repeat scroll left center transparent; height: 200px;\" align=\"center\"><\/td>\n<\/tr>\n<tr>\n<td style=\"text-align: center; font-family: arial,sans-serif; font-size: 11px;\"><\/td>\n<\/tr>\n<\/tbody>\n<\/table>\n<\/td>\n<\/tr>\n<tr>\n<td valign=\"top\">\n<table style=\"width: 220px;\">\n<tbody>\n<tr>\n<td style=\"background: url('http:\/\/picasaweb.google.com.tr\/s\/c\/transparent_album_background.gif') no-repeat scroll left center transparent; height: 200px;\" align=\"center\"><a href=\"https:\/\/plus.google.com\/photos\/118018111528715396689\/albums\/6094199563361274033?authkey=CJvtwbrKx_K-3QE\"><img loading=\"lazy\" decoding=\"async\" class=\"aligncenter\" src=\"https:\/\/lh5.googleusercontent.com\/-83I6-OdMLeU\/VJLyNuR9SLE\/AAAAAAAAJXY\/lw1bauPsjT4\/w199-h137-p\/EfesSosyal\" alt=\"Foto\u011fraf\" width=\"180\" height=\"120\"><\/a><\/td>\n<\/tr>\n<tr>\n<td style=\"text-align: center; font-family: arial,sans-serif; font-size: 11px;\">BMBB 2012 Efes<\/td>\n<\/tr>\n<\/tbody>\n<\/table>\n<\/td>\n<td valign=\"top\">\n<table style=\"width: 220px;\">\n<tbody>\n<tr>\n<td style=\"background: url('http:\/\/picasaweb.google.com.tr\/s\/c\/transparent_album_background.gif') no-repeat scroll left center transparent; height: 200px;\" align=\"center\"><a href=\"https:\/\/plus.google.com\/photos\/105558740625646300856\/albums\/5814531080624449841\"><img loading=\"lazy\" decoding=\"async\" src=\"https:\/\/lh4.googleusercontent.com\/-iKBXJP7EAT8\/ULFdQXipYrI\/AAAAAAAACu8\/KoYJ01AFYj4\/w577-h384-p-k\/EA1_1531.JPG\" alt=\"Foto\u011fraf\" width=\"180\" height=\"120\"><\/a><\/td>\n<\/tr>\n<tr>\n<td style=\"text-align: center; font-family: arial,sans-serif; font-size: 11px;\">BMBB 2012 Meryem Ana<\/td>\n<\/tr>\n<\/tbody>\n<\/table>\n<\/td>\n<td valign=\"top\">\n<table style=\"width: 220px;\">\n<tbody>\n<tr>\n<td style=\"background: url('http:\/\/picasaweb.google.com.tr\/s\/c\/transparent_album_background.gif') no-repeat scroll left center transparent; height: 200px;\" align=\"center\"><a href=\"https:\/\/plus.google.com\/photos\/118018111528715396689\/albums\/6094199095007593153?authkey=CP-kv-G_-t2XDA\"><img loading=\"lazy\" decoding=\"async\" class=\"aligncenter\" src=\"https:\/\/lh5.googleusercontent.com\/OoYk9DhppurqqFQK4hhQP1LQaekoMkfttLclqh4Nbik=w339-h225-p-no\" alt=\"Foto\u011fraf\" width=\"180\" height=\"120\"><\/a><\/td>\n<\/tr>\n<tr>\n<td style=\"text-align: center; font-family: arial,sans-serif; font-size: 11px;\">BMBB 2012 \u015eirince<\/td>\n<\/tr>\n<\/tbody>\n<\/table>\n<\/td>\n<td valign=\"top\">\n<table style=\"width: 220px;\">\n<tbody>\n<tr>\n<td style=\"background: url('http:\/\/picasaweb.google.com.tr\/s\/c\/transparent_album_background.gif') no-repeat scroll left center transparent; height: 200px;\" align=\"center\"><a href=\"https:\/\/plus.google.com\/photos\/106327781380347569622\/albums\/5939797525102353889\"><img loading=\"lazy\" decoding=\"async\" src=\"https:\/\/lh3.googleusercontent.com\/wtV0jdhRIvSGEHuhtqjAAkdWMDUW8dmMGR1E3h4dc-i5=w305-h202-p-no\" alt=\"Foto\u011fraf\" width=\"180\" height=\"120\"><\/a><\/td>\n<\/tr>\n<tr>\n<td style=\"text-align: center; font-family: arial,sans-serif; font-size: 11px;\">BMBB 2013 Bak\u00fc<\/td>\n<\/tr>\n<\/tbody>\n<\/table>\n<\/td>\n<\/tr>\n<tr>\n<td valign=\"top\">\n<table style=\"width: 220px;\">\n<tbody>\n<tr>\n<td style=\"background: url('http:\/\/picasaweb.google.com.tr\/s\/c\/transparent_album_background.gif') no-repeat scroll left center transparent; height: 200px;\" align=\"center\"><a href=\"https:\/\/plus.google.com\/photos\/118018111528715396689\/albums\/6064774973993061425\"><img loading=\"lazy\" decoding=\"async\" src=\"https:\/\/lh6.googleusercontent.com\/t3WRNEeWFo_JOtHYKNM1XMvbnJ_-hGfPxRnF-0LlfrU=w338-h224-p-no\" alt=\"Foto\u011fraf\" width=\"180\" height=\"120\"><\/a><\/td>\n<\/tr>\n<tr>\n<td style=\"text-align: center; font-family: arial,sans-serif; font-size: 11px;\">BMBB 2014 Edirne<\/td>\n<\/tr>\n<\/tbody>\n<\/table>\n<\/td>\n<td valign=\"top\">\n<table style=\"width: 220px;\">\n<tbody>\n<tr>\n<td style=\"background: url('http:\/\/picasaweb.google.com.tr\/s\/c\/transparent_album_background.gif') no-repeat scroll left center transparent; height: 200px;\" align=\"center\"><a href=\"https:\/\/plus.google.com\/photos\/118018111528715396689\/albums\/6064796949080006001\"><img loading=\"lazy\" decoding=\"async\" src=\"https:\/\/lh4.googleusercontent.com\/ubP7q3ITNZ67SLtqRn_LlwsPcqGLfpnyAxor37y_mnQ=w338-h224-p-no\" alt=\"Foto\u011fraf\" width=\"180\" height=\"120\"><\/a><\/td>\n<\/tr>\n<tr>\n<td style=\"text-align: center; font-family: arial,sans-serif; font-size: 11px;\">BMBB 2014 Edirne Gala yeme\u011fi<\/td>\n<\/tr>\n<\/tbody>\n<\/table>\n<\/td>\n<td valign=\"top\">\n<table style=\"width: 220px;\">\n<tbody>\n<tr>\n<td style=\"background: url('http:\/\/picasaweb.google.com.tr\/s\/c\/transparent_album_background.gif') no-repeat scroll left center transparent; height: 200px;\" align=\"center\"><a href=\"https:\/\/goo.gl\/photos\/dX8YQCW4TzFABsP4A\"><img loading=\"lazy\" decoding=\"async\" src=\"https:\/\/lh6.googleusercontent.com\/WRHc3Mav32e4xMCJAwfPRG2QcJqqz-lo7y4h8TqiMuw=w289-h192-p-no\" alt=\"Foto\u011fraf\" width=\"180\" height=\"120\"><\/a><\/td>\n<\/tr>\n<tr>\n<td style=\"text-align: center; font-family: arial,sans-serif; font-size: 11px;\">BMBB 2014 Cuma&nbsp; Ak\u015fam\u0131 Yeme\u011fi<\/td>\n<\/tr>\n<\/tbody>\n<\/table>\n<\/td>\n<td valign=\"top\">\n<table style=\"width: 220px;\">\n<tbody>\n<tr>\n<td style=\"background: url('http:\/\/picasaweb.google.com.tr\/s\/c\/transparent_album_background.gif') no-repeat scroll left center transparent; height: 200px;\" align=\"center\"><a href=\"https:\/\/plus.google.com\/photos\/118018111528715396689\/albums\/6064779078645492161\"><img loading=\"lazy\" decoding=\"async\" src=\"https:\/\/lh4.googleusercontent.com\/kjFAHywPw-sbzjLdiwpZ9pgn-l66J35mdHnQE08VrgM=w311-h207-p-no\" alt=\"Foto\u011fraf\" width=\"180\" height=\"120\"><\/a><\/td>\n<\/tr>\n<tr>\n<td style=\"text-align: center; font-family: arial,sans-serif; font-size: 11px;\">BMBB 2014 Taverna (Selanik)<\/td>\n<\/tr>\n<\/tbody>\n<\/table>\n<\/td>\n<\/tr>\n<tr>\n<td valign=\"top\">\n<table style=\"width: 220px;\">\n<tbody>\n<tr>\n<td style=\"background: url('http:\/\/picasaweb.google.com.tr\/s\/c\/transparent_album_background.gif') no-repeat scroll left center transparent; height: 200px;\" align=\"center\"><a href=\"https:\/\/plus.google.com\/photos\/118018111528715396689\/albums\/6064777676286933617\"><img loading=\"lazy\" decoding=\"async\" src=\"https:\/\/lh4.googleusercontent.com\/-wWUjbRrtXAY\/VCprKfzNOnE\/AAAAAAAAIxs\/ypkIGSaCgSE\/w205-h142-p\/GezideKisiler\" alt=\"Foto\u011fraf\" width=\"180\" height=\"120\"><\/a><\/td>\n<\/tr>\n<tr>\n<td style=\"text-align: center; font-family: arial,sans-serif; font-size: 11px;\">BMBB 2014 Edirne Gezileri<\/td>\n<\/tr>\n<\/tbody>\n<\/table>\n<\/td>\n<td valign=\"top\">\n<table style=\"width: 220px;\">\n<tbody>\n<tr>\n<td style=\"background: url('http:\/\/picasaweb.google.com.tr\/s\/c\/transparent_album_background.gif') no-repeat scroll left center transparent; height: 200px;\" align=\"center\"><a href=\"https:\/\/goo.gl\/photos\/QphrXQbDstF5ngsS6\"><img loading=\"lazy\" decoding=\"async\" src=\"https:\/\/lh3.googleusercontent.com\/mU2G-GPAYTydEM88WPF5FSTomC85rek44RNdIzWVqRVAIHE0yEej-THCNVudq5GrZoGUdyqoQsax9K7W4w7p1jVAhF1n274UXgWpqFgw6l-2PG4xNw_Ux-0Mr79RaLuHdlGImhKrt10shFwyRVxdvpV2nU72VfNJflC4zDy3TR7fm49gc1cRzquYLX_FWolS9SxuZa4S_ie29wmCfPnRw25WL9ngQMaNFqCJPyBzKoFdKwW9CV4tXNSUxo_XYpIOA1esQtny-f8eug1wjTpOunjlO9L6xZKt5yl1ZZvBgWZXOgZGqofxhyQ56GI7-3Oa_sjC3iv02bQPnOOCwUtmpQL25IwiJqCKq-NJmO-32cna-JVm3OjBjYzvTspsBoS9zEj-_npap841FsBIaKaQUXdY8RHfV7Z4fdnFOYbL5o31PLd7PSMCV8P6lOnfQ-OgShW7GwLnnpJSEtrHXyQq8UB00GeiCYmOYTNaAFzMXETQgxUyV5MUC1ThT1NsqBdCl-t-OU4oPtEpdrDF5X83zpvr=w1141-h761-no\" alt=\"\" width=\"180\" height=\"120\"><\/a><\/td>\n<\/tr>\n<tr>\n<td style=\"text-align: center; font-family: arial,sans-serif; font-size: 11px;\">BMBB 2015 Kars Toplant\u0131s\u0131<\/td>\n<\/tr>\n<\/tbody>\n<\/table>\n<\/td>\n<td valign=\"top\">\n<table style=\"width: 220px;\">\n<tbody>\n<tr>\n<td style=\"background: url('http:\/\/picasaweb.google.com.tr\/s\/c\/transparent_album_background.gif') no-repeat scroll left center transparent; height: 200px;\" align=\"center\"><a href=\"https:\/\/goo.gl\/photos\/BMkfQ7yovZmFXscs6\"><img loading=\"lazy\" decoding=\"async\" src=\"https:\/\/lh3.googleusercontent.com\/tlfu3WizVJtn6cdULSkZBKQtByrKACo5yLNvjzZ6RLKVgCgvMBl1qrb3lWLSrVLz0rLYS8Ecff9VN__hI4DGt72u2yURKRaM_UBtlZYI3mpGD9cmn5njFRG9tuZXQrEWkzGPgz9T1chlwe_hT56HcMH2pyM1aqA9skNrTreqG10ZaiVUBAXGdBVS5JmXHa8QF4L3dlgLnGS98yYUpyfV-pT2iErI9SkxWMUNtEIDwhaxIwXTqm2LRLKessCldUVviq35NtJPOJt29TqsZaQL6mTQV8uZpYAbdz5xNGFZFrMrjeBZcLslKc-_buQHzn_oU1NLHYTTMTow-zZsAp-dooGEehZ2WK2OW20RLgzzrUKJEj-ycn-vc-lRj5ZagEJmzf-W-7nWJyv3t7Kp-1aLjGUrSuc3QVrn1ZAtSyh4w0MJa-i-oeN6wbO5OfUPe8AezRULef-VtI1iPDXgOo7h1iXzpCGcPeR4E5lVjArjn68TVxYgOB8myz0iVDrNIGd1yNEiYvWP4JD-WGf677iZy6ga=w1141-h761-no\" alt=\"\" width=\"180\" height=\"120\"><\/a><\/td>\n<\/tr>\n<tr>\n<td style=\"text-align: center; font-family: arial,sans-serif; font-size: 11px;\">BMBB 2015 Kars Gezileri<\/td>\n<\/tr>\n<\/tbody>\n<\/table>\n<\/td>\n<td valign=\"top\">\n<table style=\"width: 220px;\">\n<tbody>\n<tr>\n<td style=\"background: url('http:\/\/picasaweb.google.com.tr\/s\/c\/transparent_album_background.gif') no-repeat scroll left center transparent; height: 200px;\" align=\"center\"><\/td>\n<\/tr>\n<tr>\n<td style=\"text-align: center; font-family: arial,sans-serif; font-size: 11px;\"><\/td>\n<\/tr>\n<\/tbody>\n<\/table>\n<\/td>\n<\/tr>\n<tr>\n<td valign=\"top\">\n<table style=\"width: 220px;\">\n<tbody>\n<tr>\n<td style=\"background: url('http:\/\/picasaweb.google.com.tr\/s\/c\/transparent_album_background.gif') no-repeat scroll left center transparent; height: 200px;\" align=\"center\"><a href=\"https:\/\/goo.gl\/photos\/QyigXXdQ853T85Ff9\"><img loading=\"lazy\" decoding=\"async\" src=\"https:\/\/lh3.googleusercontent.com\/EwUh-u0VIZELaH9ntSRAXGfcSGU4ojgCdxVFPbjAin5HdOqm8EvDOdLfhTjDA8XfRZDCyN3YzzbnPF-nYB4QoUDkG2XkWmKNVta1O4dLLNXJuFKyihRvCPDz0lpJOV4ZfCs-HBTz_xy7pxYaXpshjk0dKqJbsx6P0dyJsd3CA06jc6D6r-5SirmLSDJI4xaobj5_br2QM9JTLKBB8DDpWQJ02U0fBxCevPhvdgZ2IiQqFC0CVmL-lUjh_F4jQComp-5kBAKhqsVSlR7y4O8kqWbw_Nt2BgLz22du7QuLelM4LxN_3JSfCPnqrjEKFTG2ApEbgE12GQ79yNoREhGFaX0YyZkYfvcxmyG9Ur7COc53ZOmYNKaneqwMOTGOD0gXsn6Xl6BVVuCr9gsYjbSSs4sCGLcBV5lZYrZU2LcEtPAqZkeW0bkiq-THzDS3zz5BEXtmUyp702qvcn1cZFVLNW-XMfKArwNS1q4aas2g16FenbHzAADYIjD7VeIMPd7FtMA2r7RweOx5PONNoRc2szveiXQLhDQOHn1hevSRBdJ8sWsAl2FyfGdaWxHl2N25JPdXdjTwUY3CN06DbenVAJ3m--8iTy-Lcd93pVq7ItD0EC99nA=w1858-h1240-no\" alt=\"\" width=\"180\" height=\"120\"><\/a><\/td>\n<\/tr>\n<tr>\n<td style=\"text-align: center; font-family: arial,sans-serif; font-size: 11px;\">BMBB 2016 \u00c7orlu Toplant\u0131s\u0131<\/td>\n<\/tr>\n<\/tbody>\n<\/table>\n<\/td>\n<td valign=\"top\">\n<table style=\"width: 220px;\">\n<tbody>\n<tr>\n<td style=\"background: url('http:\/\/picasaweb.google.com.tr\/s\/c\/transparent_album_background.gif') no-repeat scroll left center transparent; height: 200px;\" align=\"center\"><a href=\"https:\/\/goo.gl\/photos\/jCUGLEpNivo9jo9UA\"><img loading=\"lazy\" decoding=\"async\" src=\"https:\/\/lh3.googleusercontent.com\/omJ_pARDL3p-3eutnaDx8hymuD_NP6Syh5OAdQq-jWsngvmwZ7257wmYFtHkL2bIf0d7SManS3IBsInVmTldYOaInhgR2WcWquONiU8-AOOu0ZPuDcWKGY4qf-sJ5_-Yd1DO3ncFRPuuqHObUDcmFKlmUH1H1S9OQ6qDDHs1BXaGjs8NDqZAhOWcnPNRnSfWWIC8XUzDNe3a5qhuTDPpmLIdUCmpq3HPIHw_OrtJf50kX4I23X7VXMDEnL92UH-Zg2m_84pqAgESsVvyWg_FBH3SAYCwCwrJVB5mJBiKquQtFkkuj9sFPWu70EwSnVvQb1UdmcFiiqsfRd6uVrqoPBgvsnRYzKzb5JTExTGtBMnteiV5fZNkpFSJvBS_D22IsEzcnaCflCooVMnZHPu-OgGOpTLlMLpQsN8_otK7OwfW-KQIHXvYbP8FdZ4QsIsqdlhl1QYW9TGkh5a-61oM5Gk8GcanuZy8kOySU3RJXRlh2D7tPq9jA3P4-I1eqK3G_EM2iigeEnDuGmvozWdAFsJlLt1xv8oWEVx6UMQVYC5E4SQ8sMyYMD-8Z_BApJD_cdAGubbeNpecmchP7a5lrlZ7IYLadMcor27xYRV3iW_WchqN-g=w1858-h1240-no\" alt=\"\" width=\"180\" height=\"120\"><\/a><\/td>\n<\/tr>\n<tr>\n<td style=\"text-align: center; font-family: arial,sans-serif; font-size: 11px;\">Gala Yeme\u011fi (\u00c7orlu) 2016<\/td>\n<\/tr>\n<\/tbody>\n<\/table>\n<\/td>\n<td valign=\"top\">\n<table style=\"width: 220px;\">\n<tbody>\n<tr>\n<td style=\"background: url('http:\/\/picasaweb.google.com.tr\/s\/c\/transparent_album_background.gif') no-repeat scroll left center transparent; height: 200px;\" align=\"center\"><a href=\"https:\/\/goo.gl\/photos\/XRD7VGF7jfpdzBcM7\"><img loading=\"lazy\" decoding=\"async\" src=\"https:\/\/lh3.googleusercontent.com\/RmAqgmPrRvDu_99FJfyOvMlKSZALNPiwiLt1-JJAgRrvQ0K9OiyWN8IMdJRl706rsBJLFR_UsuEfg55Q-G9eFOh_Ob1HOII6nD2XMXi2ODVvHhSt8SSTTLr2q6bnIK-YvP-7n0oObQmASMjs4_fHI7RrPewKxfRfRmES6SoksrsywlOhSpCg2l2M3dmJUpRAEtyT-Big2KRsTh1kXiPIZF9txS_NCG_tfm-wHaFcfFLQy2IjbOMX9eBAg6LBw2SN3XhU90Y1r7MbsWWwTsNqd6qigUj9W5hD9KYnGY_CT22YF3EweY7WzBWRNf7q-Vr-xGOiBS5Ted7hFM6KnMQTsROJKAJD2wAtueEWJTTYgteQOnXD8-BwnedbmrIAUG7ttoRqeUgM0d4EQg4Xmig5ZFi4Sd6MENqez2wekG42ofPXaie_5xkbe5Ix1rwmH7WcOHP5meyrSStK0erfrYW5Hc1E00_Qb-pak28cfEFpngIeFfItrQfp2zBkdNwcextGLyw47G02yCG1bYfdR-cHR4SBczpyvoRhLKXrU0gR7zCQb8rTkSeYysVMivHwuoD_gvYzwvkVL_kapEcSkUGuAPbtdOnuYz08Cma6mjQwdISpR6MbxA=w1858-h1240-no\" alt=\"\" width=\"180\" height=\"120\"><\/a><\/td>\n<\/tr>\n<tr>\n<td style=\"text-align: center; font-family: arial,sans-serif; font-size: 11px;\">Ak\u015fam Yeme\u011fi (\u00c7orlu (2016)<\/td>\n<\/tr>\n<\/tbody>\n<\/table>\n<\/td>\n<td valign=\"top\">\n<table style=\"width: 220px;\">\n<tbody>\n<tr>\n<td style=\"background: url('http:\/\/picasaweb.google.com.tr\/s\/c\/transparent_album_background.gif') no-repeat scroll left center transparent; height: 200px;\" align=\"center\"><\/td>\n<\/tr>\n<tr>\n<td style=\"text-align: center; font-family: arial,sans-serif; font-size: 11px;\"><\/td>\n<\/tr>\n<\/tbody>\n<\/table>\n<\/td>\n<\/tr>\n<\/tbody>\n<\/table>\n","protected":false},"excerpt":{"rendered":"<p>BMBB 2005 K\u0131br\u0131s BMBB 2008 \u00c7e\u015fme BMBB 2010 Pamukkale BMBB 2012 \u00c7e\u015fme BMBB 2011 Isparta BMBB 2012 \u00c7e\u015fme Gala yeme\u011fi BMBB 2012 \u00c7e\u015fme \u00c7e\u015fitli BMBB 2012 \u00c7e\u015fme Portreler BMBB 2012 Efes BMBB 2012 Meryem Ana BMBB 2012 \u015eirince BMBB 2013 Bak\u00fc BMBB 2014 Edirne BMBB 2014 Edirne Gala yeme\u011fi BMBB 2014 Cuma&nbsp; Ak\u015fam\u0131 Yeme\u011fi BMBB &hellip; <\/p>\n<p class=\"link-more\"><a href=\"https:\/\/xn--adal-oza.net\/?page_id=6738&#038;lang=en\" class=\"more-link\">Okumaya devam et<span class=\"screen-reader-text\"> &#8220;Bilgisayar M\u00fchendisli\u011fi B\u00f6l\u00fcm Ba\u015fkanlar\u0131 Toplant\u0131lar\u0131&#8221;<\/span><\/a><\/p>\n","protected":false},"author":1,"featured_media":0,"parent":5089,"menu_order":3,"comment_status":"open","ping_status":"open","template":"","meta":{"footnotes":""},"class_list":["post-6738","page","type-page","status-publish","hentry"],"_links":{"self":[{"href":"https:\/\/xn--adal-oza.net\/index.php?rest_route=\/wp\/v2\/pages\/6738","targetHints":{"allow":["GET"]}}],"collection":[{"href":"https:\/\/xn--adal-oza.net\/index.php?rest_route=\/wp\/v2\/pages"}],"about":[{"href":"https:\/\/xn--adal-oza.net\/index.php?rest_route=\/wp\/v2\/types\/page"}],"author":[{"embeddable":true,"href":"https:\/\/xn--adal-oza.net\/index.php?rest_route=\/wp\/v2\/users\/1"}],"replies":[{"embeddable":true,"href":"https:\/\/xn--adal-oza.net\/index.php?rest_route=%2Fwp%2Fv2%2Fcomments&post=6738"}],"version-history":[{"count":2,"href":"https:\/\/xn--adal-oza.net\/index.php?rest_route=\/wp\/v2\/pages\/6738\/revisions"}],"predecessor-version":[{"id":9155,"href":"https:\/\/xn--adal-oza.net\/index.php?rest_route=\/wp\/v2\/pages\/6738\/revisions\/9155"}],"up":[{"embeddable":true,"href":"https:\/\/xn--adal-oza.net\/index.php?rest_route=\/wp\/v2\/pages\/5089"}],"wp:attachment":[{"href":"https:\/\/xn--adal-oza.net\/index.php?rest_route=%2Fwp%2Fv2%2Fmedia&parent=6738"}],"curies":[{"name":"wp","href":"https:\/\/api.w.org\/{rel}","templated":true}]}}