{"id":6742,"date":"2018-06-14T11:41:41","date_gmt":"2018-06-14T09:41:41","guid":{"rendered":"https:\/\/xn--adal-oza.net\/?page_id=6742"},"modified":"2018-06-14T11:41:41","modified_gmt":"2018-06-14T09:41:41","slug":"ddi-takimi","status":"publish","type":"page","link":"https:\/\/xn--adal-oza.net\/?page_id=6742&lang=en","title":{"rendered":"DD\u0130 Takimi"},"content":{"rendered":"<table style=\"text-align: center;\" border=\"0\" width=\"100%\" cellspacing=\"0\" cellpadding=\"0\">\n<colgroup>\n<col width=\"%20\" \/>\n<col width=\"%20\" \/>\n<col width=\"%20\" \/>\n<col width=\"%20\" \/>\n<col width=\"%20\" \/><\/colgroup>\n<tbody>\n<tr>\n<td style=\"background: transparent url('http:\/\/picasaweb.google.com.tr\/s\/c\/transparent_album_background.gif') no-repeat scroll left center; height: 200px;\" align=\"center\"><a href=\"https:\/\/plus.google.com\/photos\/118018111528715396689\/albums\/5966137015828710705\"><img loading=\"lazy\" decoding=\"async\" src=\"https:\/\/lh4.googleusercontent.com\/uoHuYO9gcqNxbsErxRXAhJwB4Ef4KLbTGm7bupnpPNI=w338-h224-p-no\" alt=\"Foto\u011fraf\" width=\"180\" height=\"120\" \/><\/a><\/td>\n<td style=\"background: transparent url('http:\/\/picasaweb.google.com.tr\/s\/c\/transparent_album_background.gif') no-repeat scroll left center; height: 200px;\" align=\"center\"><\/td>\n<td style=\"background: transparent url('http:\/\/picasaweb.google.com.tr\/s\/c\/transparent_album_background.gif') no-repeat scroll left center; height: 200px;\" align=\"center\"><\/td>\n<td style=\"background: transparent url('http:\/\/picasaweb.google.com.tr\/s\/c\/transparent_album_background.gif') no-repeat scroll left center; height: 200px;\" align=\"center\"><\/td>\n<td style=\"background: transparent url('http:\/\/picasaweb.google.com.tr\/s\/c\/transparent_album_background.gif') no-repeat scroll left center; height: 200px;\" align=\"center\"><\/td>\n<\/tr>\n<tr>\n<td style=\"text-align: center; font-family: arial,sans-serif; font-size: 11px;\">DD\u0130 Tak\u0131m\u0131 (2013)<\/td>\n<td style=\"text-align: center; font-family: arial,sans-serif; font-size: 11px;\"><\/td>\n<td style=\"text-align: center; font-family: arial,sans-serif; font-size: 11px;\"><\/td>\n<td style=\"text-align: center; font-family: arial,sans-serif; font-size: 11px;\"><\/td>\n<td style=\"text-align: center; font-family: arial,sans-serif; font-size: 11px;\"><\/td>\n<\/tr>\n<\/tbody>\n<\/table>\n","protected":false},"excerpt":{"rendered":"<p>DD\u0130 Tak\u0131m\u0131 (2013)<\/p>\n","protected":false},"author":1,"featured_media":0,"parent":5089,"menu_order":0,"comment_status":"open","ping_status":"open","template":"","meta":{"footnotes":""},"class_list":["post-6742","page","type-page","status-publish","hentry"],"_links":{"self":[{"href":"https:\/\/xn--adal-oza.net\/index.php?rest_route=\/wp\/v2\/pages\/6742","targetHints":{"allow":["GET"]}}],"collection":[{"href":"https:\/\/xn--adal-oza.net\/index.php?rest_route=\/wp\/v2\/pages"}],"about":[{"href":"https:\/\/xn--adal-oza.net\/index.php?rest_route=\/wp\/v2\/types\/page"}],"author":[{"embeddable":true,"href":"https:\/\/xn--adal-oza.net\/index.php?rest_route=\/wp\/v2\/users\/1"}],"replies":[{"embeddable":true,"href":"https:\/\/xn--adal-oza.net\/index.php?rest_route=%2Fwp%2Fv2%2Fcomments&post=6742"}],"version-history":[{"count":1,"href":"https:\/\/xn--adal-oza.net\/index.php?rest_route=\/wp\/v2\/pages\/6742\/revisions"}],"predecessor-version":[{"id":6743,"href":"https:\/\/xn--adal-oza.net\/index.php?rest_route=\/wp\/v2\/pages\/6742\/revisions\/6743"}],"up":[{"embeddable":true,"href":"https:\/\/xn--adal-oza.net\/index.php?rest_route=\/wp\/v2\/pages\/5089"}],"wp:attachment":[{"href":"https:\/\/xn--adal-oza.net\/index.php?rest_route=%2Fwp%2Fv2%2Fmedia&parent=6742"}],"curies":[{"name":"wp","href":"https:\/\/api.w.org\/{rel}","templated":true}]}}