{"id":6919,"date":"2018-06-19T10:35:53","date_gmt":"2018-06-19T08:35:53","guid":{"rendered":"https:\/\/xn--adal-oza.net\/?page_id=6919"},"modified":"2022-11-02T12:48:54","modified_gmt":"2022-11-02T10:48:54","slug":"6919-2","status":"publish","type":"page","link":"https:\/\/xn--adal-oza.net\/?page_id=6919&lang=en","title":{"rendered":"Bartu 2018"},"content":{"rendered":"<table style=\"text-align: center;\" border=\"0\" width=\"100%\" cellspacing=\"0\" cellpadding=\"0\">\n<colgroup>\n<col width=\"%20\">\n<col width=\"%20\">\n<col width=\"%20\">\n<col width=\"%20\">\n<col width=\"%20\"><\/colgroup>\n<tbody>\n<tr>\n<td style=\"background: transparent url('http:\/\/picasaweb.google.com.tr\/s\/c\/transparent_album_background.gif') no-repeat scroll left center; height: 200px;\" align=\"center\"><a href=\"https:\/\/photos.app.goo.gl\/3zKTCUeF3MfUUW8GA\"><img loading=\"lazy\" decoding=\"async\" class=\"\" src=\"https:\/\/lh3.googleusercontent.com\/KnTmAIeTDYaempS_yp-_ZyTEgWJdKuKgFsxvlnsV6fxfgMF8eFYkDowl2ql7GtViAEN_tkjjpjZMFgk3pFIRlCOJ3CSrtbbY3hMuP6S8-8u9pLFqj6sc4VBmwrvg4laYP0sWpj2-YhHPE4QyoTXsZhF2QZvc-bP2BDyJDqK1zSJax7cQXfKpHEu3zNOvIcyByx3vZZbYCW4TZe8pp3LBoMKfgJD8ctymEnQRfTCHHi6giHDU8f1Il94a5Oz0OrQCBloTryCRtYHtjPgOOEoY3enIFmQJlr-a5iu9hN2dsweaLi9jW2tFl2IOidlGUZG_coSTkkOMNL-cjfDFjL9YjPtxWMkf330UZdsDQ1mBURehozk-MMlB9TvJpjqfblODMdb0mx9HVzN5oJuz5FsrKyFroBCu_qubhNSPfbOF-zsM0z3xFCxICk7mlzCFhGpriVTPwsN96HAREuwHk1cg545lKeUQMPjU2geGlt1PxxjDGnSrKpl-vKjl3vbhllQHl0_uS6dHsA6mRvte3aKXiOQ_aiffl8CfYDUyMfqIGFXmXiAG55Am31VGTy65mDwAv4E5Df1DM3W0oN1NcNW8XPZ3_yRiXCHVJ_RvOiLA8oMVEbW9ks7E8DxrK75zvDyYS6iUCIddAsLcmf_ECrIeFFSwiY98tqh8=w1742-h1157-no\" width=\"193\" height=\"128\"><\/a><\/td>\n<td style=\"background: transparent url('http:\/\/picasaweb.google.com.tr\/s\/c\/transparent_album_background.gif') no-repeat scroll left center; height: 200px;\" align=\"center\"><a href=\"https:\/\/photos.app.goo.gl\/n13EXaSids6ufZh77\"><img loading=\"lazy\" decoding=\"async\" class=\"\" src=\"https:\/\/lh3.googleusercontent.com\/ufBXfGCZgDbe7ytnqYT_tfDOVSXRNHRYrIdtkSDU_eddOyuT6cQHkSq-BGUSHor8-qom113TF8fTbERv2tCGHHd2YOBiYexlDg0SYtSLvJH3N6hfyxdeHUaSnPnRfwKU91hbuDH8E6WtzIsvIvMBWIkEhX1vnW6uELA0Zn_GgFg-4ePXy7W1EU5QSubbXjmfENQTeXH2TNYDam-3NGNRnB_rfciWecx3YAzDZLnLBzvua_pmtUJwDdn_2rVxo00F1kAlpVSv6qilOEWk--hK4m2LttzFEc2ikL7iAZZ6BoAliPidU3dusBW39DPH3glh4QIBEbalpeTmqkL4OSjb3iLP1CpNmYpy_S1UFy161d07pKjRc6K-AZZ_isVEto04WFptbspsC__NoxVbc_7KeejHBO9H3RnnEbH6A-KoJVpajrT0d8JxRfDPITO8tqTgpSztY4jKGHwuMumMSz0GThaaz2koYI4yITfc9HRy0XadttI0FIB3Tb2fMcDOSx03Qls3EjWyuCjAFkF4IMKQlNRfoeeBWTYWWoVgDVKIgbgIDvJQX__pkx_MTXdyTRp3mmj5Wzu1KD-ttVKc51B-cdrZDNqMAdVNspsliZPKidpkUHSGUkOEX2XvtFEezJY=w718-h480-no\" width=\"207\" height=\"138\"><\/a><\/td>\n<td style=\"background: transparent url('http:\/\/picasaweb.google.com.tr\/s\/c\/transparent_album_background.gif') no-repeat scroll left center; height: 200px;\" align=\"center\"><a href=\"https:\/\/photos.app.goo.gl\/yLMS6hWyLRfG3Ctb6\"><img loading=\"lazy\" decoding=\"async\" class=\"\" src=\"https:\/\/lh3.googleusercontent.com\/YgkEVbyNrLTmLrTnSSVje1yxwCvNwr71SU5pVHLugu0YglCL4iBmIMPX3sUH9kNchTYtz_5iS7w6e0PN91-nmbZfHJNKBokF2EdeiEvgH5ZOi8iHI_JO2uEEOOQXRZwS-JbTxv8ssXAzkCmjoJ3PviCnYNBURZOivY42yd5OHFxsuluhhZ1CEbLSC8JoBRbn-LX71lTMOY7fwkFU6kLsxK6rO92k7w5pwWnlwRx0CYjnV2Spi0ynQQ4P3CL_091KvKat6cZGudMJsU-fBOPo6iLQvt3aZebdG9Ex2QFhNztzFSkVu9N099iKuiX2nQyI4zjKnp0WDtkgQlKHzF2Zr5Tib4uBUzxOTIRVpE5gLvDKuU7Ihhq2tPqbPOFIyvu0CMQDzM0r2hIs_Q5ZA6mXW83at9FyJEvITPvAU5287AFn7AJ-gqpnF3K4REKX34PM2JXdnishQyzBYgMBFd6R3oXbnzpoA9PpXFA8iBqEN_feRc82Y1GhwjgMWjmNWXQ126WDdAaaGTk5pUlBzzo6oqDp3DtA3UDPQTOc-CPvXwYk-R6qTpFbb6r_aoU870lgEvPxvHJiwLp9K7t1w5tB8eXv7geUVUcd-d-nndWoPgBav9DR7SkgAzsIchUOCFw=w1651-h1101-no\" width=\"184\" height=\"123\"><\/a><\/td>\n<td style=\"background: transparent url('http:\/\/picasaweb.google.com.tr\/s\/c\/transparent_album_background.gif') no-repeat scroll left center; height: 200px;\" align=\"center\"><a href=\"https:\/\/photos.app.goo.gl\/A8ryFoChoGWHjuxB7\"><img loading=\"lazy\" decoding=\"async\" class=\"\" src=\"https:\/\/lh3.googleusercontent.com\/pw\/AL9nZEXYhz294KdacMD-79gBenTDrGT_gQle_Ko32jEcgNOnDRQU81quGR_qk1yzTsqvjg9e3ZBJI5MzBpUorlBrIJ8cdBp6KPLOSpS0fmfEqRRqNZ6rAMrnsnTIOey7w8i2EdVQoLyatZQD9IxGTqOcCNsw=w1800-h1196-no?authuser=2\" width=\"196\" height=\"130\"><\/a><\/td>\n<td style=\"background: transparent url('http:\/\/picasaweb.google.com.tr\/s\/c\/transparent_album_background.gif') no-repeat scroll left center; height: 200px;\" align=\"center\"><a href=\"https:\/\/photos.app.goo.gl\/hWrkLHPh1KWjfzXd7\"><img loading=\"lazy\" decoding=\"async\" class=\"\" src=\"https:\/\/lh3.googleusercontent.com\/pw\/AL9nZEVuHA6z8t4HsTZeeYgyO005wBJ3DEuYLHuBuO30vPxlhzNWNn5PduXXqCLvXn7wIgj6KlGj1Nmi2rWd9HQzEbe7LA8U2nqSEF2V2pkAIKnMcnRd24hrDZj6B321la0HSVkJULMOlKw75490zhac2ayC=w1800-h1196-no?authuser=2\" width=\"204\" height=\"136\"><\/a><\/td>\n<\/tr>\n<tr>\n<td style=\"text-align: center; font-family: arial,sans-serif; font-size: 11px;\">14 Mart 2018 Danone<\/td>\n<td style=\"text-align: center; font-family: arial,sans-serif; font-size: 11px;\">27 Temmuz Kovada<\/td>\n<td style=\"text-align: center; font-family: arial,sans-serif; font-size: 11px;\">12 A\u011fustos K\u00f6y D\u00fc\u011f\u00fcn\u00fc<\/td>\n<td style=\"text-align: center; font-family: arial,sans-serif; font-size: 11px;\">14 Mart 2018 Danone Video &#8211; I<\/td>\n<td style=\"text-align: center; font-family: arial,sans-serif; font-size: 11px;\">14 Mart 2018 Danone Video &#8211; II<\/td>\n<\/tr>\n<tr>\n<td style=\"background: transparent url('http:\/\/picasaweb.google.com.tr\/s\/c\/transparent_album_background.gif') no-repeat scroll left center; height: 200px;\" align=\"center\"><a href=\"https:\/\/photos.app.goo.gl\/859EKnUuYUF1yjoU7\"><img loading=\"lazy\" decoding=\"async\" class=\"\" src=\"https:\/\/lh3.googleusercontent.com\/pw\/AL9nZEVuYWBW58Nz0N7ee2BA9QLenT8xU1wAWT7Bia9Wpk7vPwTB-DlfmaL3NQR1KNBN98L-7Ss3PvCCD6K4e3zOhlReb6_QdYAmGuQEMqmwFzOewQvnx1yPbXtxNjZpEJ0OACUM8xxlZN9-ayk2F3LM2Dyz=w1800-h1196-no?authuser=2\" width=\"175\" height=\"116\"><\/a><\/td>\n<td style=\"background: transparent url('http:\/\/picasaweb.google.com.tr\/s\/c\/transparent_album_background.gif') no-repeat scroll left center; height: 200px;\" align=\"center\"><a href=\"https:\/\/photos.app.goo.gl\/JMfeMRJMT3XJopvy8\"><img loading=\"lazy\" decoding=\"async\" class=\"\" src=\"https:\/\/lh3.googleusercontent.com\/ieh4KS2d2vjkue89NdED39o6jxoJMyxFzd0Q4CYUNSbdTa47wjJviegdr2tEgQu9leMI1AZxbJ0oKe6A-YeYZHDKZ5IoqV7fttFlsS84yXUz4bttAFcE-w17OOhF8e4So9SDuYIJL-4RokIKreXIzGoqwtBsdMJDoj_5n0cPTXL6gaWt4GCi2divMpHWqFSAlaFDvN9ihdFkDeElljGOZaHnijGY52ybKyIADiVIDQ6EIHiazjxs5x8HH4_RKGs2NoONI8NudqTTnA7_IIa3I69jkgRsKvdktZBaBOA2Q2NkUXq18JMnoQeQHY8rMxcxU1fdSNVQy9X5czELNgXRfsXY-KAh2F_ystjpJkB13cgOU0N4V04dTPke0oXt7btjc-VVuqPMkN-jHrbYYngrFwexJahIL3wVyhhaV8bjN7T6RPwkJLWQQoIvtN6ZCX99Rmpx6fNGGdmgcre-MptcHTruIYD0fIbVrJWmOCvDm1ED_O2nSnLmvvPm7PVygDHOsm1Ut34vLP1Us9Yr5E9DwURkcanwGz6f1eZijqhIRxFpB9GIJrDL3nCZ3Rum6I6Hy2oi35IQIdv4x93-GPVVESBA1e9N3FJoSBaOUTYHps7IrblFG4rXYKGNViIzTxE8IKrDkAMk9uSnt7lYKiIh7RkLahicn0jjNaN2bgrm4jTfmYCGfWVC6BPh_0kdJdVEIznmd0qXK-unn1pVGS6py4NudjE1lXw4ayHHnt7QYU4V_iTn=w1319-h876-no\" width=\"196\" height=\"130\"><\/a><\/td>\n<td style=\"background: transparent url('http:\/\/picasaweb.google.com.tr\/s\/c\/transparent_album_background.gif') no-repeat scroll left center; height: 200px;\" align=\"center\"><a href=\"https:\/\/photos.app.goo.gl\/RrDTbY2hhvpswNjg8\"><img loading=\"lazy\" decoding=\"async\" class=\"\" src=\"https:\/\/lh3.googleusercontent.com\/pQ27aSqrFGW8tDdZUql2VuD2p5Ef8ItrKV8pNJbgMiySYlkMmvTYp5BFpFf-2HQARYcUwetv4SzvN2WLhKfuq3kL2z2P25isXzRFAd19nM4r_DF48lI_K60kvwOKSjOgQXgMqXdic8LNLYngD6m97QKaD8nCdgPM3zPvTAAPdbFl72ZnHcYAQkWjHZcD_6X5j8c7buT4eXVLQDJa3j9auq3toy7YOMJgSjYcYRUOdEYQZpsNB8w2NycNLHKwqV7ZgJghnNgvzIDnXB-gtmsjgvChz9ZbS3x4Y5mPBChFOF9GqflHD1nMruyQL95dvzTqVbroSONgf7WLwhJYuwWaldOm4jMbQtmjV5YWtgJtexf9p0jLdsc9cDyI224ceNPH-7zKx1P5S-WQtTNrZlV6vEuIeHKC1draFpVY3tNcNr3wv9MA8mGlHmnAsVtSF7DSTwvFJlIcUDTQ7sRL6G611LKfKQP6pVTSz0eY1iLo2J7u-ME8KfRjsVkf-Es9lKVvzMvjwSim5Nyq1ErYmNK2PcH-ri46AkFlEG1NDrudGTXRzv38PeVFHW5ugCwoP96zFu1H4gTmRNS7gJn8HL-Q8Y20H19WWIrksvHQU-EAknYUuchlyRvJKPAfp2aTdaIRwGjOUgDW9wYDp0xo4k-7oJo3ZqzBAwrfJc6ZAFnJm2reRjhJaphthGlDA1PHXfBYy1y71AysUiZKUR0ZABoaB-Osp_EVMebRR_Dxq16Kc83ljDzx=w1319-h876-no\" width=\"193\" height=\"128\"><\/a><\/td>\n<td style=\"background: transparent url('http:\/\/picasaweb.google.com.tr\/s\/c\/transparent_album_background.gif') no-repeat scroll left center; height: 200px;\" align=\"center\"><a href=\"https:\/\/photos.app.goo.gl\/3zKTCUeF3MfUUW8GA\"><img loading=\"lazy\" decoding=\"async\" class=\"\" src=\"https:\/\/lh3.googleusercontent.com\/i83z73RaSYBtsSpfQvGSQNx5cXFRwyjAmg-WewpSzpL0ClAhusXSaA1LpmogzaxA5czMkVGbB0SZZUU7tx0BI-HEIfxg3rq1soEaZm81igAFltH3Oo1ajsmxfKX2gXNSo8Ml_nYKp0SqWNhIOelLLlF0FaugHv_jVL-MC9WSA34G4DnCBrOtdMrqKY6nG0G1Z78OKUhos9aC63om3EK4Tdz82hFVCe-E3n5AMK-QsKB3cQFDLXdt50dy_cLZfGyIThC6N3NQDltaDfuZ82UMAzKBwT2RRuSiQCgCl_7rpWF-gX_fBRG4DSglGhVZhbpfq_ckYtdDG6IqF0d8bM_0RY8i2618qThtM5__USF39asFFkteyfRMvC5pbFpsXQbf2_YUhOqeCiufZwQoKtKiL2NGun53KVRKJdJf-8Xh6fgtC183A3BSRIEKj-5QnCj-yfG5L4npOgqQkucyW6xSjwaa0bdiLqoWriof-DaCIvv8_wLKzRzW2wShIYqGgWJJKmAPWmX3tYGE8--Q-yXs1ggl2zxt-s0uW246DKQxkB4GEjDxai5viAWvpBb9tnogmQIV4VvDZyoDSMmD1BgzN8Rc2a0Tt6XktTov-eaPbvbsBmy-pPVwdIAqQpgPBVQk6F7fE-aPeb_Od4CqvADVVVbAC-pXXZYEX3s9SRKdPXrvQ5FXAHuAu-MrcLWUonQTgbwvZN9ETzWLC5cLUnyzWXDzs8H25W86_1lyIfgd20o0g3tQ=w1319-h876-no\" width=\"189\" height=\"126\"><\/a><\/td>\n<td style=\"background: transparent url('http:\/\/picasaweb.google.com.tr\/s\/c\/transparent_album_background.gif') no-repeat scroll left center; height: 200px;\" align=\"center\"><\/td>\n<\/tr>\n<tr>\n<td style=\"text-align: center; font-family: arial,sans-serif; font-size: 11px;\">14 Mart 2018 Danone Video &#8211; III<\/td>\n<td style=\"text-align: center; font-family: arial,sans-serif; font-size: 11px;\">14 Mart 2018 Danone Video &#8211; IV<\/td>\n<td style=\"text-align: center; font-family: arial,sans-serif; font-size: 11px;\">14 Mart 2018 Danone Video &#8211; V<\/td>\n<td style=\"text-align: center; font-family: arial,sans-serif; font-size: 11px;\">14 Mart 2018 Danone \u00c7ekimleri<\/td>\n<td style=\"text-align: center; font-family: arial,sans-serif; font-size: 11px;\"><\/td>\n<\/tr>\n<\/tbody>\n<\/table>\n","protected":false},"excerpt":{"rendered":"<p>14 Mart 2018 Danone 27 Temmuz Kovada 12 A\u011fustos K\u00f6y D\u00fc\u011f\u00fcn\u00fc 14 Mart 2018 Danone Video &#8211; I 14 Mart 2018 Danone Video &#8211; II 14 Mart 2018 Danone Video &#8211; III 14 Mart 2018 Danone Video &#8211; IV 14 Mart 2018 Danone Video &#8211; V 14 Mart 2018 Danone \u00c7ekimleri<\/p>\n","protected":false},"author":1,"featured_media":6911,"parent":5137,"menu_order":0,"comment_status":"closed","ping_status":"closed","template":"","meta":{"footnotes":""},"class_list":["post-6919","page","type-page","status-publish","has-post-thumbnail","hentry"],"_links":{"self":[{"href":"https:\/\/xn--adal-oza.net\/index.php?rest_route=\/wp\/v2\/pages\/6919","targetHints":{"allow":["GET"]}}],"collection":[{"href":"https:\/\/xn--adal-oza.net\/index.php?rest_route=\/wp\/v2\/pages"}],"about":[{"href":"https:\/\/xn--adal-oza.net\/index.php?rest_route=\/wp\/v2\/types\/page"}],"author":[{"embeddable":true,"href":"https:\/\/xn--adal-oza.net\/index.php?rest_route=\/wp\/v2\/users\/1"}],"replies":[{"embeddable":true,"href":"https:\/\/xn--adal-oza.net\/index.php?rest_route=%2Fwp%2Fv2%2Fcomments&post=6919"}],"version-history":[{"count":12,"href":"https:\/\/xn--adal-oza.net\/index.php?rest_route=\/wp\/v2\/pages\/6919\/revisions"}],"predecessor-version":[{"id":9089,"href":"https:\/\/xn--adal-oza.net\/index.php?rest_route=\/wp\/v2\/pages\/6919\/revisions\/9089"}],"up":[{"embeddable":true,"href":"https:\/\/xn--adal-oza.net\/index.php?rest_route=\/wp\/v2\/pages\/5137"}],"wp:featuredmedia":[{"embeddable":true,"href":"https:\/\/xn--adal-oza.net\/index.php?rest_route=\/wp\/v2\/media\/6911"}],"wp:attachment":[{"href":"https:\/\/xn--adal-oza.net\/index.php?rest_route=%2Fwp%2Fv2%2Fmedia&parent=6919"}],"curies":[{"name":"wp","href":"https:\/\/api.w.org\/{rel}","templated":true}]}}