{"id":7178,"date":"2019-01-15T13:09:32","date_gmt":"2019-01-15T11:09:32","guid":{"rendered":"https:\/\/xn--adal-oza.net\/?page_id=7178"},"modified":"2024-12-04T19:35:44","modified_gmt":"2024-12-04T17:35:44","slug":"tatarstan","status":"publish","type":"page","link":"https:\/\/xn--adal-oza.net\/?page_id=7178&lang=en","title":{"rendered":"Tatarstan"},"content":{"rendered":"<table style=\"text-align: center;\" border=\"0\" width=\"100%\" cellspacing=\"0\" cellpadding=\"0\"><colgroup> <col width=\"%25\" \/> <col width=\"%25\" \/> <col width=\"%25\" \/> <col width=\"%25\" \/> <\/colgroup>\n<tbody>\n<tr>\n<td style=\"background: transparent url('http:\/\/picasaweb.google.com.tr\/s\/c\/transparent_album_background.gif') no-repeat scroll left center; height: 200px;\" align=\"center\"><a href=\"https:\/\/photos.app.goo.gl\/VQ3EFZCGidyFmWhX8\"><img loading=\"lazy\" decoding=\"async\" src=\"https:\/\/lh3.googleusercontent.com\/w_eCa4nSerzdIIMd9p3FNum0qW-g3e2wxxB5HqvTt0TZWUh-wJJCRkzwHlHkwAWDL_OiIjszxEVAhalQPowlNr9Dd409ifrk-HOfuPM3DrVk87REKG5KuXBPvIwS1UcUtrnQbLoaUo1lWhDQtm-_SjTENWuLT-DAi9_fXrbW6drVoAt7SPqZEKdU2rzF8r5A5DiK2Vss9PZwfuTJvCyt0lVhdB13mE022KrhoCbTqYiep3AlJf549oy9KCmoPX8X9uGvi0H6sQVrMqlVxhNFtB2ays0LgA76f1APfNeTNBrz-LOzfrsh4I9qzqPcW0umw0DXU1ecrcx6S0XQWgZ3hcpIdhLynSm-bQHTUQ6lJzFWdjYOlRU4rxY_O2OynLLFsBAA-PmIOEdfxLNc3sXhnNUNHdhKPqJtmCHHBkOd31CxVl8-mEgpRvCxBl06DNT8N-clU3ZEShnTIGrqMn_iFCAPjvagfvIJTCapF4svzcwYZQNCPwy-NU4CTRfuE6DxqRUM-mo0MyhmGsS194ZSLXUSubTxJdp_k0SIdDFklK_y=w1260-h839-no\" alt=\"\" width=\"180\" height=\"120\" \/><\/a><\/td>\n<td style=\"background: transparent url('http:\/\/picasaweb.google.com.tr\/s\/c\/transparent_album_background.gif') no-repeat scroll left center; height: 200px;\" align=\"center\"><a href=\"https:\/\/photos.app.goo.gl\/WFVE77ATvSCieGSaA\"><img decoding=\"async\" src=\"https:\/\/lh6.googleusercontent.com\/-AIIid2FFVY8\/Uvf-pc3GbFE\/AAAAAAAAVBk\/YUSh2zmcuT4\/w180-h120-p\/KazanKremlin\" alt=\"Foto\u011fraf\" \/><\/a><\/td>\n<td style=\"background: transparent url('http:\/\/picasaweb.google.com.tr\/s\/c\/transparent_album_background.gif') no-repeat scroll left center; height: 200px;\" align=\"center\"><a href=\"https:\/\/photos.app.goo.gl\/o3UWnSNvGbQWDcso8\"><img decoding=\"async\" src=\"https:\/\/lh3.googleusercontent.com\/b0BHQ9WcGhp22K1kRXCaXGvRNrXzkmL_4ZVHiTsyEhiR=w120-h180-p-no\" alt=\"Foto\u011fraf\" \/><\/a><\/td>\n<td style=\"background: transparent url('http:\/\/picasaweb.google.com.tr\/s\/c\/transparent_album_background.gif') no-repeat scroll left center; height: 200px;\" align=\"center\"><a href=\"https:\/\/photos.app.goo.gl\/oU2hdB2vZX7AF7tV8\"><img loading=\"lazy\" decoding=\"async\" src=\"https:\/\/lh6.googleusercontent.com\/IpZOXAS1Z-t_d9OxLVxOR0vLbc_fgMT4bneziE8QbPVZ=w138-h207-p-no\" alt=\"Foto\u011fraf\" width=\"120\" height=\"180\" \/><\/a><\/td>\n<\/tr>\n<tr>\n<td style=\"text-align: center; font-family: arial,sans-serif; font-size: 11px;\">Kazan<\/td>\n<td style=\"text-align: center; font-family: arial,sans-serif; font-size: 11px;\">Kazan Kremlin<\/td>\n<td style=\"text-align: center; font-family: arial,sans-serif; font-size: 11px;\">Kul \u015eerif Camisi<\/td>\n<td style=\"text-align: center; font-family: arial,sans-serif; font-size: 11px;\">Suyubike E\u011fik Kulesi<\/td>\n<\/tr>\n<tr>\n<td style=\"background: transparent url('http:\/\/picasaweb.google.com.tr\/s\/c\/transparent_album_background.gif') no-repeat scroll left center; height: 200px;\" align=\"center\"><a href=\"https:\/\/photos.app.goo.gl\/LGerJ7aK9ngTwcFD7\"><img loading=\"lazy\" decoding=\"async\" src=\"https:\/\/lh3.googleusercontent.com\/OVugyE0PdhRUvLq20j7y3AwLZqFNIylaqBcCm10pyI75=w311-h207-p-no\" alt=\"Foto\u011fraf\" width=\"180\" height=\"120\" \/><\/a><\/td>\n<td style=\"background: transparent url('http:\/\/picasaweb.google.com.tr\/s\/c\/transparent_album_background.gif') no-repeat scroll left center; height: 200px;\" align=\"center\"><a href=\"https:\/\/photos.app.goo.gl\/CeXbHXzLMZPhZprJ6\"><img loading=\"lazy\" decoding=\"async\" src=\"https:\/\/lh6.googleusercontent.com\/uNhGLSIn8eIZONZUIS2NeMuLXVLuy_1G4H0XBKEVWV0Y=s195-p-no\" alt=\"Foto\u011fraf\" width=\"180\" height=\"180\" \/><\/a><\/td>\n<td style=\"background: transparent url('http:\/\/picasaweb.google.com.tr\/s\/c\/transparent_album_background.gif') no-repeat scroll left center; height: 200px;\" align=\"center\"><a href=\"https:\/\/photos.app.goo.gl\/z6578n7pphD1A5mMA\"><img loading=\"lazy\" decoding=\"async\" src=\"https:\/\/lh3.googleusercontent.com\/0nQAvFaU2WCo-9Ob8eu9mijMVx570A07TuPT-kM8jYO5=w337-h224-p-no\" alt=\"Foto\u011fraf\" width=\"180\" height=\"120\" \/><\/a><\/td>\n<td><a href=\"https:\/\/photos.app.goo.gl\/MpbpthLtVv5zdEL9A\"><img loading=\"lazy\" decoding=\"async\" src=\"https:\/\/lh6.googleusercontent.com\/ZhKxhOFI6F9yiIQAtwOTSUWJQwLshO8zA0OSQNdbPx6T=w310-h206-p-no\" alt=\"Foto\u011fraf\" width=\"180\" height=\"120\" \/><\/a><\/td>\n<\/tr>\n<tr>\n<td style=\"text-align: center; font-family: arial,sans-serif; font-size: 11px;\">Kremlin M\u00fczesi<\/td>\n<td style=\"text-align: center; font-family: arial,sans-serif; font-size: 11px;\">Kazak Ulusal M\u00fczesi<\/td>\n<td style=\"text-align: center; font-family: arial,sans-serif; font-size: 11px;\">Sovyet Hayat\u0131 M\u00fczesi<\/td>\n<td style=\"text-align: center; font-family: arial,sans-serif; font-size: 11px;\">St. Peter ve St Paul Katedrali<\/td>\n<\/tr>\n<tr>\n<td><a href=\"https:\/\/photos.app.goo.gl\/XkKZUnxD23CtMi1c6\"><img decoding=\"async\" src=\"https:\/\/lh6.googleusercontent.com\/-hlIy0PTGqOE\/Uvf9BZPmJbE\/AAAAAAAAU80\/gEW2z8oILwY\/w180-h120-p\/KazanFederalUniversitesi\" alt=\"Foto\u011fraf\" \/><\/a><\/td>\n<td><a href=\"https:\/\/photos.app.goo.gl\/qvLVNFU2pWSzu6JG6\"><img loading=\"lazy\" decoding=\"async\" src=\"https:\/\/lh4.googleusercontent.com\/nCCoqdnbERcpGeZT6YLHQTuhTEzJe_pECDONMazClWLW=w299-h198-p-no\" alt=\"Foto\u011fraf\" width=\"180\" height=\"120\" \/><\/a><\/td>\n<td><a href=\"https:\/\/photos.app.goo.gl\/2aVNmfqZsM4Qxrxb7\"><img decoding=\"async\" src=\"https:\/\/lh4.googleusercontent.com\/-icgau1m7El4\/Uvf8v-_GEHE\/AAAAAAAAU5E\/RO5zwwyx7FI\/w180-h120-p\/KuklaTiyatrosu\" alt=\"Foto\u011fraf\" \/><\/a><\/td>\n<td><a href=\"https:\/\/photos.app.goo.gl\/TMv8UrgbfKUZwo3n9\"><img decoding=\"async\" src=\"https:\/\/lh4.googleusercontent.com\/-VycePAwqe94\/Uvf82mL3mdE\/AAAAAAAAU5w\/5b7kuEQXtNs\/w180-h120-p\/UlusalTiyatro\" alt=\"Foto\u011fraf\" \/><\/a><\/td>\n<\/tr>\n<tr>\n<td style=\"text-align: center; font-family: arial,sans-serif; font-size: 11px;\">Kazan Federal \u00dcniversitesi<\/td>\n<td style=\"text-align: center; font-family: arial,sans-serif; font-size: 11px;\">Ulusal Kitapl\u0131k<\/td>\n<td style=\"text-align: center; font-family: arial,sans-serif; font-size: 11px;\">Kukla Tiyatrosu<\/td>\n<td style=\"text-align: center; font-family: arial,sans-serif; font-size: 11px;\">Ulusal Tiyatro<\/td>\n<\/tr>\n<tr>\n<td><a href=\"https:\/\/photos.app.goo.gl\/MAde59Qc8NzJysCF7\"><img decoding=\"async\" src=\"https:\/\/lh3.googleusercontent.com\/-QqHEOJAIJUU\/Uvf8mUrbb3E\/AAAAAAAAU6g\/3N32vBgBvLo\/w180-h120-p\/BuzHeykeller\" alt=\"Foto\u011fraf\" \/><\/a><\/td>\n<td><a href=\"https:\/\/photos.app.goo.gl\/3Lkxm7YJ3CE7pR8n9\"><img decoding=\"async\" src=\"https:\/\/lh5.googleusercontent.com\/-rBi350BDB-Y\/Uvf4_2NTz9E\/AAAAAAAAUv4\/mQ6s4zFsh8A\/w180-h120-p\/Svijazhsk\" alt=\"Foto\u011fraf\" \/><\/a><\/td>\n<td><a href=\"https:\/\/photos.app.goo.gl\/8amZUBtfE5Ad8Y2v9\"><img decoding=\"async\" src=\"https:\/\/lh3.googleusercontent.com\/-SdfHH0AyaXs\/Uvf4Tn9SoOE\/AAAAAAAAUpk\/yZq2TzBm1mA\/w180-h120-p\/SvijazhskTarihMuzesi\" alt=\"Foto\u011fraf\" \/><\/a><\/td>\n<td><a href=\"https:\/\/goo.gl\/photos\/nVDfRRY2phJq2emi8\"><img loading=\"lazy\" decoding=\"async\" src=\"https:\/\/lh3.googleusercontent.com\/dw21DhM7NddwpP9TxVE59qDZ_7dNaXmX3bTPQJNGhLPxHinuoqylSvp8FXYkgYkEohk73mh3Imvmw_8EGF6sd0F9e-K5LT9HM3YeT0EFY9mdj6jqFe-bwAfKzAujFLp_DIfiMeBHZLVJcGiMJk8uFr6DlAlGSdNndbJYp2GePaKytfWIflU2O_niSooADbi04iCk6ZuaXTj3VnJaYvCdCKJjjTQ9PUfhgfeEzK6UM0cKx2yh3fisfxBJZ2Q-aLrovICR7WKIXT-PavaAokso5JWH0AuZMBtRFr1eMDZKWI3iQV0LfOtnbl3xH_AA-xokh8_wx1dTWbIiL5xVhD8242QbImqWEy54uEaZ7cqwuU9i5CHBN10_r8tQaShz5biIvvroWhlvfVpzes0YZSCqVjr5DVSsSqw3qKaA3-wJs36Zfb05Jr2xLDTHaaNpWYSPzA6WQpVvk06WQ9y1_gX4pnUo8mlXT1QSnI5k5eNT84hYUsRa3r1UFRC-8laTIw8J-XUhesNedoY7nGherUeGw100ihlwpIwfUDMjOmS_D7P4=w371-h247-no\" alt=\"\" width=\"180\" height=\"120\" \/><\/a><\/td>\n<\/tr>\n<tr>\n<td style=\"text-align: center; font-family: arial,sans-serif; font-size: 11px;\">Buz Heykeller<\/td>\n<td style=\"text-align: center; font-family: arial,sans-serif; font-size: 11px;\">Svijazhsk<\/td>\n<td style=\"text-align: center; font-family: arial,sans-serif; font-size: 11px;\">Svijazhsk Tarih M\u00fczesi<\/td>\n<td style=\"text-align: center; font-family: arial,sans-serif; font-size: 11px;\">Ekmek M\u00fczesi<\/td>\n<\/tr>\n<tr>\n<td><a href=\"https:\/\/goo.gl\/photos\/RtTe1v365TtMGWNf7\"><img loading=\"lazy\" decoding=\"async\" src=\"https:\/\/lh3.googleusercontent.com\/fyAhBFARArHO9zuU7zKnNCufahsGkDaCmDf03FZ_C9Rd1Xx7F8NOp586-WGQLUgxzacSsIAwveHq2gC-uPL-8izNxuG0O3tI3xAgaYEvrAvN_8WqC52ORc6D1_N0IQpFIilPW6fAabJah_LcAiK_hvhoeVxNcnDBD2nxxNBs9faQ436rrmGsR2GUffDWwwGJ_FDIHvIvX8-HgxHYS8opjAPMLJon3LUO30SlxYnPpfIl1Cm-PGXSoInRGKcY-W9COADWlAc53y7G2Mn4n8qywgqLj9ECClv_FMNEBNdM84iY5aWpn_zyto77LnL74pFQs7RxXZL5xe97Kg416Tjifb6i7tNFxdL48OmgJi8zb8GsKIqjd-ZPPdb7WybI7ILAFzWP22akwOdMak7Uyn-fk8Sq-U-yBMfl4_3la0AJ7diPsYCbw2Qi-VeuVcDxTfjkiNjNSXwWOUI8M9_hqGH8VJhcvJS4Ws1AjRst-KrVrGjBUairTB2XYATqcI0PwnP0yra_4sRQnxfuDpyQfZnBBfGea3fL_BhNCPveoDzq8iV0=w321-h214-no\" alt=\"\" width=\"180\" height=\"120\" \/><\/a><\/td>\n<td><a href=\"https:\/\/goo.gl\/photos\/vYnrmLiQ5M5SX6Wa7\"><img loading=\"lazy\" decoding=\"async\" src=\"https:\/\/lh3.googleusercontent.com\/MESqBUpcOvrkmZ4JfwBPE_s2F9Rz0VHYcm_hRt-I_K0_Olu-bViootL8D46rLCtMSfTPP919n8IyaOYIlY1D7hnNU5ZWuhDRtSte6z--uIBskVKwcUisKKk6q_dmiLgLpyr4_paFQfFk-A6-DOZMaEB0XrzFFYwkBOkaES6lgMPJX8-lfiqPFiTkAS0Awoj6RBPFT6kemaPPJE_XFwxwU_Pgd9MLZyhQ9hHgDTyOFs_UBbj-N_47aOaTgjIYuGRiuXfrGRFPnCJE3VbH6wGXEoTWq9I4TcXRwu5hViIVA4tTPOwd5-dFeIGGLNB4a_VkuSn8sNwGmmJA_ag_I6ggxJfr6VVclRMATOngNZB3nQL0VOgC0k4Zb60qv-nsL4W_ZAyiMEU4QufzVnJrRg6mB0auesgSlWUnNrLF6Fz0idZ4ylrn0F2REBq8hDtS1cR_QOmA_SEEpHhnE27ViiE9hX8zb7DH1ITTNlC2EqKbHLylGU2xtJMia5MwT99fcS3lDmwSSD9G_1HIFhrVEP0vziBj9ObVgIb2qwa8RmZuLe4Y=w370-h247-no\" alt=\"\" width=\"180\" height=\"120\" \/><\/a><\/td>\n<td><a href=\"https:\/\/goo.gl\/photos\/tSwTZTabL2mtysY98\"><img loading=\"lazy\" decoding=\"async\" class=\"aligncenter\" src=\"https:\/\/lh3.googleusercontent.com\/L8xx8ZzlHKVpa5eO6Da-1Yaj0j920_yV0uEdh_LsUUkLBj-wkNC0jZRhUS-0l42MrjL6I0A6G5IjAAZ6b_l_YRj1_gKf9RAD3cQS8vCfSwMZU6ni_KzVCnM7kYRQuUJNShfEMNa59Kyg-8diwOyjO7_fcTu3Yz4Ue3xpNzsgft8Q2xh0iJdSN9HPTyHxLnKWry4md1q81UA5fOnVMepSNFkuGepikrtmxjweqbHVZQaRH0dF-pxjkukWKuUbpEkv4BOBg0uL1E0513mNlBGQERuFNrjqfIWMdj-9w9e8vAzuhtTixoCPNNgFyAAm7r6HsUL7hV4MdzFTpSeBMvluD_6sluTjN1uXMwXFRA_E3skA2nGNwp63krQyfJ_PpSSwk_u6UjwR2sRxJijCM2KmAJmfY3bMBZ0EsVU1JoHqSk-qpwepL7e8opJ4uphUjpG1WhuUin261eR2f22s8iPdo1avOtK6hifuJlzF_SaGzBB-A2s92Mwa7Q5_msfWVP6XzMhe7_bXevcdJD6J-UcHvo5mwcUaUemcRw80bD9BW9XP=w331-h221-no\" alt=\"\" width=\"180\" height=\"120\" \/><\/a><\/td>\n<td><a href=\"https:\/\/goo.gl\/photos\/ZQzpHxDBHHwJPbGg8\"><img loading=\"lazy\" decoding=\"async\" class=\"aligncenter\" src=\"https:\/\/lh3.googleusercontent.com\/PJ9-TksSIUVOq4g7YiOwQeSqdLGeTsHWIPNlocTgCPOOnXYnYv7ei7bP3Gzx8nuhaXePQJfP75Y7rp-vEJbaVjLXl8JY9LsfRFomGbdf_uAMmeaUtPTG9t0R_t8TqxtSGH4k5GCkcv0NzNqfu5xweMB_cUqTxAtguvy-QuSmE2CZUkY6NfMBZE-pdQjZTpEop82eZ30LYUulvNeIKeuhwjf5_esu36UNpWr40pHMxNMRkHRhU8Q7CAoqol9yCgei8y31UpgilcHntusHQ7MWqsL8tCYawrPYIkr_3Ox5AzPd2n3SaxacSmkIK8NrzGgREweyzjL8w_0_1unLPMI8eRQ80ZeMM8-3SyxnbfCc4FhXeIDJgA3bHqM3NxgXDkwgJP_cC-Felng3CTVTalb9Zkw17ONkwGsjNFW6trxYkwpXTdFNsCkdUDXDAInNNA-v-X0Tl4M5DaRVzxiNRtH10NT9-Lx9Y2o2bmg4WraUFABU4dk4Y5aS05jdFAdMCTFr9IHsjlGBQWLGEMwiaqHWsqLbGC7ewtJO8SYWlzDrizhL=w321-h214-no\" alt=\"\" width=\"180\" height=\"120\" \/><\/a><\/td>\n<\/tr>\n<tr>\n<td style=\"text-align: center; font-family: arial,sans-serif; font-size: 11px;\">Ak Mescit<\/td>\n<td style=\"text-align: center; font-family: arial,sans-serif; font-size: 11px;\">An\u0131 Noktas\u0131<\/td>\n<td style=\"text-align: center; font-family: arial,sans-serif; font-size: 11px;\">Bulgar Medeniyeti M\u00fczesi<\/td>\n<td style=\"text-align: center; font-family: arial,sans-serif; font-size: 11px;\">Ulu Cami<\/td>\n<\/tr>\n<tr>\n<td><a href=\"https:\/\/goo.gl\/photos\/XWwJLYeDeffEnjEC6\"><img loading=\"lazy\" decoding=\"async\" class=\"aligncenter\" src=\"https:\/\/lh3.googleusercontent.com\/0T5KcctRVlCHFGSHoWEe3LwY6pRhP1O7T6iu67EiTtXL7E_uX93ui5MPgHjbkTSPrZ01hwdjYMk1HMrIJ2NxZLJGOSreM2LQAUnO0N8n9g3vNDnlJYud5huHcsq8ruiEX--x_I2eyq9L3kK611-_Oha9H9Rua1JQXZXicViAA4zNMYDBCM_Zz7ODkdl5XSrS3H-p2M46bgB-3uWvGmfkhW9xNpLMevB0EDhe5RMoG-EXDa-hYIW9brjErkRTdnC6tR15t3Kc1XWvlD7I8ju0vFFKajeZ_KVL3J4aml3XPsnVJogslqbhH3V_bbMXhTJEBKA-HuFjvt9mH0yuS_V-sNqW89xSkDoIRkvdL4cHoidKbFTxt6cRU80-yJFLRF8bKktoCa-fNomfG8z10Go9Q63CQTpUbMj1LEqRdo1umNfuk6ihBts_ySbPWNLmvs_568xHtzNU6O2yRoGg0ZAna8nWEClvpnK_9Uymz9cKBW02e7hWeXyrSouakbtjaL1ZT0gavTSUBxTwsCAacqf7qeXkajUGmUO9QliJjve8btTB=w371-h247-no\" alt=\"\" width=\"180\" height=\"120\" \/><\/a><\/td>\n<td><a href=\"https:\/\/goo.gl\/photos\/EnAKnv2kSs4D3dwR9\"><img loading=\"lazy\" decoding=\"async\" src=\"https:\/\/lh3.googleusercontent.com\/rhfJ-fBIHZECdrOcf1EA5iN5_ra-1-xkODkd1iu6q0kZey5KRPA-aAc8xBysU34i-0WIgK5dEQuruX5jrMWtJR390Ouzx40KE7bFNlEs9yGLYqsnrtlKB2rFcA6y709V_3Ad2M2Q3vq3LbWycLHKgdblosU5AxEi4A1aA8P2b2d2841-5D-5BF41JUXDnSv1o2X0JFDRKrgpSjVRQ08VguUteM4uDCgqthcCcRE01ir7yUiksykLgZmfWoxjtJ56n_5hRlgrDYgGmFKTD-EZtdolxbOjD7_JUTctkYdsq-mW1JiFk19HFNEwGK4QSGLGcNVHxjxWCzjeqa_6bz8R5tLm9YMzCtGYlcTF7kuuSgwPqCfu3cxHXrdfQEqd5lqKQsqncITDyU0M3vGVgBGcQdhugrs7g4-rmLGPFw9MfMka-XzudcjHmsCcqn_5zU2KirdyOmzmi0uQZw8P40R_nOKjf4KXCXkmBJYQ0s6vXOITtNlXyHJ8TaA3nL0ACI7k1vJk0a-nrlys-TUzH1NjdNM3WXdQTs7WEDcwRmGHrAB0=w370-h247-no\" alt=\"\" width=\"180\" height=\"120\" \/><\/a><\/td>\n<td><a href=\"https:\/\/goo.gl\/photos\/8phJUstuL1kdom4U8\"><img loading=\"lazy\" decoding=\"async\" src=\"https:\/\/lh3.googleusercontent.com\/aJ-dfOvehDdl79ANg82IdbkF11ZoRUULfHXTsCMXPz_nKRIKQzdHDNRoyRIsQ80KH5hso58FYYq6TAtzfqcxi9v5gDvZKW_CQjIdmKaYW0sPFbSgRJwRAq4QDiGsAqsDiYoDbh_0bfYf4h-nG0MpHkWfeNId57lc_2R7r0SCjkKS5eT_a7PES495BurC5ea2CUkGn4iVetSSZ6E48E7wLBSfTkXCXBye8P0XnVp4_2P3yUd0DSFpILtcyCfmojXhMc9fjiizX85NCAWozp9kvNBm6bB-MfWHtn6NxC8EDjQD-zPjkFlH81h420Rm2PQl15O1glp2vL1ZTqkvwsElOALrCDZxZbGKpkCLmwDGEjaMgtK2BMYRlUBDPUoIC739SM8m_UTHl7Y8EDXmCwfYXZqXVb_CWLs30NvFwAEnBpxm7nZ5VZt2dLzt0x-SxQtALRTIFvpwVlcyl7FO3ZLxWzVlwtWweF8StPRo-QelmUZWxrKy412LO06VQKu6JPDfInzOrhBqrWt_-CdvpIp1CdRtChMhVDyRSx9P-rd5VF6v=w614-h410-no\" alt=\"\" width=\"180\" height=\"120\" \/><\/a><\/td>\n<td><a href=\"https:\/\/goo.gl\/photos\/unR2KFa9FFJQZow49\"><img loading=\"lazy\" decoding=\"async\" src=\"https:\/\/lh3.googleusercontent.com\/jWXd3vF2RDH1WWwI-fhz7RoRb5DMnLo98QgEX7mI33mGv9Agho9vZPpikW06zCjsGux2CywVZ74erzbPqF9wtwX8OqA5A1W9okUt7tLb78jiwJVvtdvOT9xNZB3X2GUj0W9sJZJP7gC4ut7YnZWBNRzwQ-KjGGsDuQ0to3D_bn3Nd_6jaScHK1PnPL62mwCtqhRykCO33s2qCIfglRAIxaG8-WRlVel-nTTJLXY9JVjru9f0JfTWv4HMkuFge3Hg6HRhqWxdQd9HtMKIE360sqRMFX7oSCqB2Rq8obeolZPpr6OaxpGYV1SyFHDxDE8rAzASJJbs0fI4HTKDVvrbE9GWeGkRy4B8N6A_rLwqOoagOjOC2QboSD9Ky_YnMv9StQCM6ROYFFDSeZzkb34JPAuyeiLVOOzC69se2TDuxwQlEgX9Hd3HMEcBcf25nrlOUA3ulLqhkv35cVFXAjf4EgW3dLqMmNRsJOf3nCQS9XWp3lnpD4udiv1xVrljGyWgv2CiLSbD1QHAq1XKXvriFY8ItZaG7-DBY0CWDsCIpbMZ=w403-h269-no\" alt=\"\" width=\"180\" height=\"120\" \/><\/a><\/td>\n<\/tr>\n<tr>\n<td style=\"text-align: center; font-family: arial,sans-serif; font-size: 11px;\">Siyah Oda<\/td>\n<td style=\"text-align: center; font-family: arial,sans-serif; font-size: 11px;\">K\u00fc\u00e7\u00fck Minare<\/td>\n<td style=\"text-align: center; font-family: arial,sans-serif; font-size: 11px;\">Me\u015fa Neri<\/td>\n<td style=\"text-align: center; font-family: arial,sans-serif; font-size: 11px;\">Mercani Camisi<\/td>\n<\/tr>\n<tr>\n<td><a href=\"https:\/\/goo.gl\/photos\/s792Ws8dsKQ38B2L9\"><img loading=\"lazy\" decoding=\"async\" src=\"https:\/\/lh3.googleusercontent.com\/WohxIea_IIMV4TvXSnfM-6-xV9oY0ywLl8xPZIxkUPZHyJeEKBKBIc62Grme2TRJb72K-zQJn2U_rXOo_Bjmy2pCbgiQEDV-aRT1WO4wY7SSEGxXqEPyIP3RvhKWhgA9k-G5LKe88Ooidbm4eRlV5OPxGzFjG8kOmBPBsf3TwHL5nTEKsBGG2elx0tvNwHMSLIEz7w4Z06_iGPozaa3T1G35HsBx6vGNa9alaDKsk9hPrxe6_h3z8fNIGLEeOL1Z2HGDD2L2slrxj9nQn-l2mv7La3lQq4LL70oxdqpm9SVq1p9eH7mXWJUlM3RNUnBQNmxkv84k7fNAL9A1yLrMRZ4KPdrbO4aAp6_ioIG-KLDGG8pHtVdcdKwTrSdkuFdBSdMhKUrBPj9Q1RTjaSe-5nJzAJn7_YEHgM-gsf_7tZsOg86fnRK-oGpnaB7__2gXdXzvmMqzyPjrKxt3SoIuDcvxOyJveL799A2HXUNrEB88ItGMHQ0seKw4c1-WIrS-dQAQ4dvzO_KpJPGM4XBRngdnVMmTmIHDuJ8IMtRPSg4D=w494-h330-no\" alt=\"\" width=\"180\" height=\"120\" \/><\/a><\/td>\n<td><a href=\"https:\/\/goo.gl\/photos\/XsfALN5gJ4KMr54T9\"><img loading=\"lazy\" decoding=\"async\" src=\"https:\/\/lh3.googleusercontent.com\/9smpcFdZ2JmuLO-UYH2xYLEcCVKSMrViEBi1kZMW-hBD_9WtMT0UNn7dq2XW6RxrNRocS76f155EloymWnkN2aeuI04sXRtWWjPu3W2HR-q4OxBTUboAHR1PaP0Pv5qZvAhpkAEQ-ZX0ElbUrXLRJqYKwt9YS8ZiE_KWLZGs_BghOR9IxK9zcRbfoat_fvK84QnwBH5L8yxoVZhyvtRDT8mUdXJEZNGsAeTxBzvY25WiPIppjzCVlv3VRCK8iEA3rD3tGZD0iqNTm4qsjdEXqckXaYjjol9ZmTZ1dwWcLvV-ZWasr2pDeQ4Ri_tXUuNIK0LGELz4SL96gXiGHyolyqr19fAvdz2nUv8gwR3BfjLkJ4JcviLfRcS4dnxvfsAsz3LHqeIu7ZhTnDGdKuba1xbHfE28WidxW3JjtWMhDFRxsmGe4jj157INXr_CzVKyT6R0GeJu4KLAnY9naJHdcfhz_DR4fMyUx7vV_3nvwAyWzZj3pzOXM26UOf3-2P9YWPoYw2wSTpid8pWcEeT5LlTE6DFLbUOuMMZwiSnd0e7l=w1141-h761-no\" alt=\"\" width=\"180\" height=\"120\" \/><\/a><\/td>\n<\/tr>\n<tr>\n<td style=\"text-align: center; font-family: arial,sans-serif; font-size: 11px;\">Nurulla Camisi<\/td>\n<td style=\"text-align: center; font-family: arial,sans-serif; font-size: 11px;\">.Eski Mahalle<\/td>\n<\/tr>\n<tr>\n<td><a href=\"https:\/\/photos.app.goo.gl\/8wutHfQ8QVBiZLeC8\"><img loading=\"lazy\" decoding=\"async\" class=\"alignnone  wp-image-9503\" src=\"https:\/\/xn--adal-oza.net\/wp-content\/uploads\/2024\/12\/ak-Resim-7.5.2024-245x300.jpg\" alt=\"\" width=\"108\" height=\"132\" srcset=\"https:\/\/xn--adal-oza.net\/wp-content\/uploads\/2024\/12\/ak-Resim-7.5.2024-245x300.jpg 245w, https:\/\/xn--adal-oza.net\/wp-content\/uploads\/2024\/12\/ak-Resim-7.5.2024-835x1024.jpg 835w, https:\/\/xn--adal-oza.net\/wp-content\/uploads\/2024\/12\/ak-Resim-7.5.2024-768x942.jpg 768w, https:\/\/xn--adal-oza.net\/wp-content\/uploads\/2024\/12\/ak-Resim-7.5.2024.jpg 1077w\" sizes=\"auto, (max-width: 108px) 100vw, 108px\" \/><\/a><\/td>\n<td><a href=\"https:\/\/photos.app.goo.gl\/cfkS5nVd9aXN9aDGA\"><img loading=\"lazy\" decoding=\"async\" class=\"alignnone  wp-image-9504\" src=\"https:\/\/xn--adal-oza.net\/wp-content\/uploads\/2024\/12\/IMG-20241126-WA0117-225x300.jpg\" alt=\"\" width=\"114\" height=\"152\" srcset=\"https:\/\/xn--adal-oza.net\/wp-content\/uploads\/2024\/12\/IMG-20241126-WA0117-225x300.jpg 225w, https:\/\/xn--adal-oza.net\/wp-content\/uploads\/2024\/12\/IMG-20241126-WA0117-768x1024.jpg 768w, https:\/\/xn--adal-oza.net\/wp-content\/uploads\/2024\/12\/IMG-20241126-WA0117-1152x1536.jpg 1152w, https:\/\/xn--adal-oza.net\/wp-content\/uploads\/2024\/12\/IMG-20241126-WA0117.jpg 1200w\" sizes=\"auto, (max-width: 114px) 100vw, 114px\" \/><\/a><\/td>\n<td><a href=\"https:\/\/photos.app.goo.gl\/gA9WfyAxitxRyFAN9\"><img loading=\"lazy\" decoding=\"async\" class=\"alignnone  wp-image-9505\" src=\"https:\/\/xn--adal-oza.net\/wp-content\/uploads\/2024\/12\/ag-Kent-Camisi-225x300.jpg\" alt=\"\" width=\"122\" height=\"163\" srcset=\"https:\/\/xn--adal-oza.net\/wp-content\/uploads\/2024\/12\/ag-Kent-Camisi-225x300.jpg 225w, https:\/\/xn--adal-oza.net\/wp-content\/uploads\/2024\/12\/ag-Kent-Camisi-768x1024.jpg 768w, https:\/\/xn--adal-oza.net\/wp-content\/uploads\/2024\/12\/ag-Kent-Camisi-1152x1536.jpg 1152w, https:\/\/xn--adal-oza.net\/wp-content\/uploads\/2024\/12\/ag-Kent-Camisi.jpg 1200w\" sizes=\"auto, (max-width: 122px) 100vw, 122px\" \/><\/a><\/td>\n<td>\u00a0<\/td>\n<\/tr>\n<tr>\n<td style=\"text-align: center; font-family: arial,sans-serif; font-size: 11px;\">Kremlin Resim Galerisi (2024)<\/td>\n<td style=\"text-align: center; font-family: arial,sans-serif; font-size: 11px;\">Kul \u015eerif Camisi<\/td>\n<td style=\"text-align: center; font-family: arial,sans-serif; font-size: 11px;\">Cami<\/td>\n<td style=\"text-align: center; font-family: arial,sans-serif; font-size: 11px;\">\u00a0<\/td>\n<\/tr>\n<tr>\n<td><a href=\"https:\/\/photos.app.goo.gl\/CeTDXFqBSiHGw8dL7\"><img loading=\"lazy\" decoding=\"async\" class=\"wp-image-9498 aligncenter\" src=\"https:\/\/xn--adal-oza.net\/wp-content\/uploads\/2024\/12\/aa-Bulgar-kenti-300x225.jpg\" alt=\"\" width=\"151\" height=\"113\" srcset=\"https:\/\/xn--adal-oza.net\/wp-content\/uploads\/2024\/12\/aa-Bulgar-kenti-300x225.jpg 300w, https:\/\/xn--adal-oza.net\/wp-content\/uploads\/2024\/12\/aa-Bulgar-kenti-1024x768.jpg 1024w, https:\/\/xn--adal-oza.net\/wp-content\/uploads\/2024\/12\/aa-Bulgar-kenti-768x576.jpg 768w, https:\/\/xn--adal-oza.net\/wp-content\/uploads\/2024\/12\/aa-Bulgar-kenti-1536x1152.jpg 1536w, https:\/\/xn--adal-oza.net\/wp-content\/uploads\/2024\/12\/aa-Bulgar-kenti.jpg 1600w\" sizes=\"auto, (max-width: 151px) 100vw, 151px\" \/><\/a><\/td>\n<td><a href=\"https:\/\/photos.app.goo.gl\/4Vx294qDfPRJEnJH9\"><img loading=\"lazy\" decoding=\"async\" class=\"alignnone  wp-image-9497\" src=\"https:\/\/xn--adal-oza.net\/wp-content\/uploads\/2024\/12\/ka-Tac-250x300.jpg\" alt=\"\" width=\"128\" height=\"154\" srcset=\"https:\/\/xn--adal-oza.net\/wp-content\/uploads\/2024\/12\/ka-Tac-250x300.jpg 250w, https:\/\/xn--adal-oza.net\/wp-content\/uploads\/2024\/12\/ka-Tac-855x1024.jpg 855w, https:\/\/xn--adal-oza.net\/wp-content\/uploads\/2024\/12\/ka-Tac-768x920.jpg 768w, https:\/\/xn--adal-oza.net\/wp-content\/uploads\/2024\/12\/ka-Tac.jpg 1200w\" sizes=\"auto, (max-width: 128px) 100vw, 128px\" \/><\/a><\/td>\n<td><a href=\"https:\/\/photos.app.goo.gl\/eu7cQ7ZbYV3XQ88b8\"><img loading=\"lazy\" decoding=\"async\" class=\"alignnone  wp-image-9499\" src=\"https:\/\/xn--adal-oza.net\/wp-content\/uploads\/2024\/12\/aa-Han-Turbesi-300x225.jpg\" alt=\"\" width=\"182\" height=\"137\" srcset=\"https:\/\/xn--adal-oza.net\/wp-content\/uploads\/2024\/12\/aa-Han-Turbesi-300x225.jpg 300w, https:\/\/xn--adal-oza.net\/wp-content\/uploads\/2024\/12\/aa-Han-Turbesi-1024x768.jpg 1024w, https:\/\/xn--adal-oza.net\/wp-content\/uploads\/2024\/12\/aa-Han-Turbesi-768x576.jpg 768w, https:\/\/xn--adal-oza.net\/wp-content\/uploads\/2024\/12\/aa-Han-Turbesi-1536x1152.jpg 1536w, https:\/\/xn--adal-oza.net\/wp-content\/uploads\/2024\/12\/aa-Han-Turbesi.jpg 1600w\" sizes=\"auto, (max-width: 182px) 100vw, 182px\" \/><\/a><\/td>\n<td><a href=\"https:\/\/photos.app.goo.gl\/Wo14uLTH7QmnPCSX6\"><img loading=\"lazy\" decoding=\"async\" class=\"alignnone  wp-image-9500\" src=\"https:\/\/xn--adal-oza.net\/wp-content\/uploads\/2024\/12\/ai-Kuran-300x225.jpg\" alt=\"\" width=\"179\" height=\"134\" srcset=\"https:\/\/xn--adal-oza.net\/wp-content\/uploads\/2024\/12\/ai-Kuran-300x225.jpg 300w, https:\/\/xn--adal-oza.net\/wp-content\/uploads\/2024\/12\/ai-Kuran-1024x768.jpg 1024w, https:\/\/xn--adal-oza.net\/wp-content\/uploads\/2024\/12\/ai-Kuran-768x576.jpg 768w, https:\/\/xn--adal-oza.net\/wp-content\/uploads\/2024\/12\/ai-Kuran-1536x1152.jpg 1536w, https:\/\/xn--adal-oza.net\/wp-content\/uploads\/2024\/12\/ai-Kuran.jpg 1600w\" sizes=\"auto, (max-width: 179px) 100vw, 179px\" \/><\/a><\/td>\n<\/tr>\n<tr>\n<td style=\"text-align: center; font-family: arial,sans-serif; font-size: 11px;\">Bulgar Kenti (2024)<\/td>\n<td style=\"text-align: center; font-family: arial,sans-serif; font-size: 11px;\">Bulgar Medeniyet M\u00fczesi<\/td>\n<td style=\"text-align: center; font-family: arial,sans-serif; font-size: 11px;\">Han T\u00fcrbesi<\/td>\n<td style=\"text-align: center; font-family: arial,sans-serif; font-size: 11px;\">\u0130slamiyeti Kabul An\u0131t\u0131<\/td>\n<\/tr>\n<\/tbody>\n<\/table>\n\n\n<p><\/p>\n","protected":false},"excerpt":{"rendered":"<p>Kazan Kazan Kremlin Kul \u015eerif Camisi Suyubike E\u011fik Kulesi Kremlin M\u00fczesi Kazak Ulusal M\u00fczesi Sovyet Hayat\u0131 M\u00fczesi St. Peter ve St Paul Katedrali Kazan Federal \u00dcniversitesi Ulusal Kitapl\u0131k Kukla Tiyatrosu Ulusal Tiyatro Buz Heykeller Svijazhsk Svijazhsk Tarih M\u00fczesi Ekmek M\u00fczesi Ak Mescit An\u0131 Noktas\u0131 Bulgar Medeniyeti M\u00fczesi Ulu Cami Siyah Oda K\u00fc\u00e7\u00fck Minare Me\u015fa Neri &hellip; <\/p>\n<p class=\"link-more\"><a href=\"https:\/\/xn--adal-oza.net\/?page_id=7178&#038;lang=en\" class=\"more-link\">Okumaya devam et<span class=\"screen-reader-text\"> &#8220;Tatarstan&#8221;<\/span><\/a><\/p>\n","protected":false},"author":1,"featured_media":0,"parent":4567,"menu_order":0,"comment_status":"closed","ping_status":"closed","template":"","meta":{"footnotes":""},"class_list":["post-7178","page","type-page","status-publish","hentry"],"_links":{"self":[{"href":"https:\/\/xn--adal-oza.net\/index.php?rest_route=\/wp\/v2\/pages\/7178","targetHints":{"allow":["GET"]}}],"collection":[{"href":"https:\/\/xn--adal-oza.net\/index.php?rest_route=\/wp\/v2\/pages"}],"about":[{"href":"https:\/\/xn--adal-oza.net\/index.php?rest_route=\/wp\/v2\/types\/page"}],"author":[{"embeddable":true,"href":"https:\/\/xn--adal-oza.net\/index.php?rest_route=\/wp\/v2\/users\/1"}],"replies":[{"embeddable":true,"href":"https:\/\/xn--adal-oza.net\/index.php?rest_route=%2Fwp%2Fv2%2Fcomments&post=7178"}],"version-history":[{"count":19,"href":"https:\/\/xn--adal-oza.net\/index.php?rest_route=\/wp\/v2\/pages\/7178\/revisions"}],"predecessor-version":[{"id":9511,"href":"https:\/\/xn--adal-oza.net\/index.php?rest_route=\/wp\/v2\/pages\/7178\/revisions\/9511"}],"up":[{"embeddable":true,"href":"https:\/\/xn--adal-oza.net\/index.php?rest_route=\/wp\/v2\/pages\/4567"}],"wp:attachment":[{"href":"https:\/\/xn--adal-oza.net\/index.php?rest_route=%2Fwp%2Fv2%2Fmedia&parent=7178"}],"curies":[{"name":"wp","href":"https:\/\/api.w.org\/{rel}","templated":true}]}}