{"id":7757,"date":"2019-05-25T15:22:42","date_gmt":"2019-05-25T13:22:42","guid":{"rendered":"https:\/\/web.itu.edu.tr\/adali\/?page_id=7757"},"modified":"2022-11-02T12:52:18","modified_gmt":"2022-11-02T10:52:18","slug":"bartu-2019","status":"publish","type":"page","link":"https:\/\/xn--adal-oza.net\/?page_id=7757&lang=en","title":{"rendered":"Bartu 2019"},"content":{"rendered":"<table style=\"text-align: center;\" border=\"0\" width=\"100%\" cellspacing=\"0\" cellpadding=\"0\">\n<colgroup>\n<col width=\"%20\">\n<col width=\"%20\">\n<col width=\"%20\">\n<col width=\"%20\">\n<col width=\"%20\"><\/colgroup>\n<tbody>\n<tr>\n<td style=\"background: transparent url('http:\/\/picasaweb.google.com.tr\/s\/c\/transparent_album_background.gif') no-repeat scroll left center; height: 200px;\" align=\"center\"><a href=\"https:\/\/photos.app.goo.gl\/Z7NsSEWmnd2jbdnj6\"><img loading=\"lazy\" decoding=\"async\" class=\"\" src=\"https:\/\/lh3.googleusercontent.com\/PjwoP7x43_31GwpGFqc167UdsAsGPuCUHIPFkRkBpAp1fIBc-fazMqCm0PhsuG6Cjv8xc1pBOzTH6GjlfCy0n4651dfxu0IaVML2h1v4mCSHfu3R4ahSIBm8Gr29_qxT0-ggHbUQPGsAIRjUglEmHEYPja4Mf93BIL-PRZRK1GUMtzV26pIvydUMwYNmK6kFBlPuNjJqPumK5yjAGVZTW7OmRY5uZYmh27XoXcCpMeztoaebLtSKmfoIUx6_1t4C07JsIbNlrdVq5uPwVL8tBeZxkDGEFx2uFuxhZ2GZgBMlMoQeG7Dnc8lKyKcqhznRzusWnQOVup_cgltzYDQFXNlv93T07sffxCsk5MxX6W6zcxGADZN8NMUvztziElfSFcqcqy8MpNDGo_9_HjbQtO0i6TdnHi-uaC8IGhn65Qrf_e1kPag6OzV0-_0agr4SDCels--HMlErwpS_RpbG4CSweL5QHMl56gN0qWlufGCHM8h-ynOVIlOMf7T0V9WKQWoI5HqKCTJSto9GTdeve13mTj7nJyeKFpVXxMeftg_m7kDRi5RbtnYzgt3Ua0olOG-eiOkBzGy6sBgZoxwHHtXWu-gags29YHimxKflYaJ1E_GFA6fQD_GnVeOnW0iojxOwO1Wi_wTRn8fdYlwPy85Pv1WSvnlcvolX0dFijiu0SJ0-ZgYoAmsOq3fsSmieVIIsXETsCdhSlnHas0-73gD6=w1280-h854-no\" width=\"199\" height=\"133\"><\/a><\/td>\n<td style=\"background: transparent url('http:\/\/picasaweb.google.com.tr\/s\/c\/transparent_album_background.gif') no-repeat scroll left center; height: 200px;\" align=\"center\"><a href=\"https:\/\/photos.app.goo.gl\/4q6AjKVCKVGufwSr8\"><img loading=\"lazy\" decoding=\"async\" class=\"\" src=\"https:\/\/lh3.googleusercontent.com\/9z661FfAzmtWNV5dEJAtuy7cRgUCMp8CH9M5rvJh2VQ5J3GI5fyjII9YjAZ8xu6jcBlGMBL-MgHNdXANDt172jw9Pn7rgnjjc2lAH9OeNL61BMl3R590ksbtP5SJgsrb4WrPi2U-UxMgo37vLBpBkzs2faejYT3ZGbG8Rb_3022Dq9Sai6i7QWH_7mo5P_KRm-gC1vNgV1U28S_G9H0rLJ-0SSA0qSLkk_3gCwX-N1c4v6_yYMysvZWs8NOWOdBU8tEYOS4cEl1HpFOPa9FeotjcRx633j4cuk-ZgVGxDN1GEMPbP5ejFoQTwhpym4_GtCNrfVeh5EFrwlOvJw6D1SQ0cVOX6BFT9-KsR66WPykbNM-5FqvFeeaVJlzUG68VnVINtXBAn7WiF6ThimCuHl6gttvMDNJY-xbHYEB35SkiZLQjxgt8nUkOJ6Z3q_R7n_dsW5EsJoDEFLRLgsIER8Vd9W1trsQ6_D-nylZo5Q64S1ldr5J4N5MKkvzwnkRqo2H-6O7V061ZUfxeTSHa0l31tMD5E6gB2pe6hoi3oxwJ6YRYGbxwL-S2qpM5gw9WAxEuUA-RaGuE_DI9YLU1lB2ji2SkOU_6BzBLVfNdd5TJgCzERMA07vhws48ySZ3lTIlrz75pvWRayk00bA-QNVMam-tDSxw=w640-h426-no\" width=\"201\" height=\"134\"><\/a><\/td>\n<td style=\"background: transparent url('http:\/\/picasaweb.google.com.tr\/s\/c\/transparent_album_background.gif') no-repeat scroll left center; height: 200px;\" align=\"center\"><a href=\"https:\/\/photos.app.goo.gl\/Bycby7BoqNgNyQNx7\"><img loading=\"lazy\" decoding=\"async\" class=\"aligncenter\" src=\"https:\/\/lh3.googleusercontent.com\/6KB9-VahaijDhaBR_hFIMKrg-1sQbYCzrZhJQ4UgZfiatEBkP14LByImo8sC7mZ8uOBQn3qkhCspY5sahxMvyJT4wK6WcRuxg12CM4N27s9AHai0O0V3iBFFXBYIE-0bAPjdlL1ZT7LzTpL96FTCWcpjwerQXAjhaWcpE6M8GmTHDTrvJTiX6gf5KzVuf74Uy0NFA1Yjxj0vkipJrgEysJjx8C3DdpT4A_8rGjlq5asOka710UQgu3ajw7HSjmrukfaeQQr2zPHEMACE1Ra66lGngKX0tHgshAEHe4aFAN0kdy29mMaaMu_k60JrwY7TBr9A_dNakbgw9xmGH8pWAavyIY0ihKuZlOEUI_2llqxXNGy7xlz1y1A7J7gHsXtS0JWbdCRlt3ZZqWK0iNoGqhbQtYT7c04GXcfrpA3aRmAcTiI4vYnaR31-xvnI7PXhPjNd5rt9VqUoa-UmsbTRfjBaW7_oUgqZxWcd_255nnPWZ_ZP8M5BSQNaY5buu_4x53rIcXLZzjnDb4qq8ajNlF6kU2SqFkbdQaMfVXPtRwU-lip_wHN5TixxEdeqZlSOjE2BNa-r2sGNdm0cAiryqbGm1tVl5szRQdxBq41IE1zOUZGfE4F3jAXCOt5lEbw5HpSVWC-l1v9Ks-P2VRQWwoS7KR5XH5vimPljSsIlbc06Vv2PCqFA5XKBJ0n5V0wQg56v7nKPKe6UizVhMoSFJzUkTTK184_Hro10i5oExiGSh9ve=w480-h270-k-no\" width=\"233\" height=\"131\"><\/a><\/td>\n<td style=\"background: transparent url('http:\/\/picasaweb.google.com.tr\/s\/c\/transparent_album_background.gif') no-repeat scroll left center; height: 200px;\" align=\"center\"><\/td>\n<td style=\"background: transparent url('http:\/\/picasaweb.google.com.tr\/s\/c\/transparent_album_background.gif') no-repeat scroll left center; height: 200px;\" align=\"center\"><\/td>\n<\/tr>\n<tr>\n<td style=\"text-align: center; font-family: arial,sans-serif; font-size: 11px;\">\u0130lkokul bitiyor 24 May\u0131s 2019 &#8211; I<\/td>\n<td style=\"text-align: center; font-family: arial,sans-serif; font-size: 11px;\">\u0130lkokul bitiyor 24 May\u0131s 2019 &#8211; II<\/td>\n<td style=\"text-align: center; font-family: arial,sans-serif; font-size: 11px;\">Reklam filmi &#8211; II<\/td>\n<td style=\"text-align: center; font-family: arial,sans-serif; font-size: 11px;\"><\/td>\n<td style=\"text-align: center; font-family: arial,sans-serif; font-size: 11px;\"><\/td>\n<\/tr>\n<tr>\n<td style=\"background: transparent url('http:\/\/picasaweb.google.com.tr\/s\/c\/transparent_album_background.gif') no-repeat scroll left center; height: 200px;\" align=\"center\"><a href=\"https:\/\/photos.app.goo.gl\/PLZgKwG93RXE1FqC6\"><img loading=\"lazy\" decoding=\"async\" class=\"\" src=\"https:\/\/lh3.googleusercontent.com\/j6EqNBKwG53Z958zQwNVQA0sgxinFvxFEyborPPVNmmrem5FmoJApPOYQyiAQVwjuFEwahQgYd9Yg2tJFMzAXe84BwSvDmkKPw29WU3lBEbx07NUcGeGrXOUXcAf0tFK4mS41GdYWWlheLMFrRlYLDoFC0iIJFlo9k8P1QWO7xUVJPKt0CV54-cVyqCvDmE86OjR7WwZCNQ7K1dsr9K2HG8Ays72o7wl5L1JJf4Gn4qrZalwCKNBbWlav05I712pdIf-g0OV3PbhNnTPal8legTa_D5gJ-KAG85lH45F_JdfsBbyFfOqVLlOcxdXEwqjJ-pvWxA5v74c-7cwvP3l1WtU-qupC9SgVB7jg8Jgs-Df2kSSowzL3eSUuSPC-0jikH33hplsjWDuqUOT_C-qc2DjjrIu7scFLksRpKkgEq8WNdjladjGsplOESdaq2bWpbU7RMLoRRh1Mdxh51ThRBTlU4dw9bDM08d4fBDKfMJJMLmFIBPsSiR-jLUEOzi5bske6TVpah_CN40D_Uk4KYPKmGtlSn19JXbXUKuU6SVxjAuBf0f0wJdr7vbH2C8QmTEsqJwdn5O0YV9gcw7zQZm9eYiPGDsFYoBmVYSee-VvXIdFIzKqug3UudlAxDSqc-9y9Ut4bpWpTZ9TLFsogZuP5UVWeXg=w555-h740-no\" width=\"132\" height=\"174\"><\/a><\/td>\n<td style=\"background: transparent url('http:\/\/picasaweb.google.com.tr\/s\/c\/transparent_album_background.gif') no-repeat scroll left center; height: 200px;\" align=\"center\"><a href=\"https:\/\/photos.app.goo.gl\/Y8kX35bTJEiTk1hD7\"><img loading=\"lazy\" decoding=\"async\" class=\"\" src=\"https:\/\/lh3.googleusercontent.com\/X98IWzjumormoaiIyCsLIPVcY2MBWdEN0LLPyIA6qBXrdAdqPwhi7JACoeO463sBrRUNbDbOx7579J__1LDrvBXavxfCz21jJOjCZdCFnt8AkCQtED__9XyKdJGlCVFe-27pEWUYaVEmyz8Gv7gT3qLTp5gwgUnNfFiHeDy-pLZdJdam-nOXp45t0MCDaOxPbzrTPP4EFyXihbiRohUx1PUsg8k803yL_R0wW8U0woi-_J0zvvbs6jJZ-wGKhGdgwirZSHcjsvcGnQpI8Rlb0t5nK_SPeiHwUGpMqk9tT9k7T4dJq3wD6jOeu7c8XtvtmlKvOCx4N3F3iFV10ty0QAg5oe0ORmBR_7Ru6y8zaGIri0yPugTxLMsPT30Grue0onTX3LTGxxaUBEpdt3pzmMipVPu80TKrIBOaJnuI0YJ7uVEtF9hgPtr0vUKWQdYdaTV23P5QkPNwLk8D4bVlfhULgQHMoE1kK_y7t4kfaII0k2YC59ctjREL6ZRMXv0k1GfjGEzzmUFkePEvf-FEt_5KwxMpw8yJ_n7AM9fAZBJKGbg03TEZaBx7QyohA_jytFapV2wftsyDA8mTfDCvPcq5b4uHh8fVixUtxOjEc07R0hn5-MDtVnsxPz4a37GFpObU_PBxJ7GlsIpVUhkGSfMy0PyAQbiXuSeeWIgXcYq8gvrSmZRLq2E=w1280-h854-no\" width=\"201\" height=\"134\"><\/a><\/td>\n<td style=\"background: transparent url('http:\/\/picasaweb.google.com.tr\/s\/c\/transparent_album_background.gif') no-repeat scroll left center; height: 200px;\" align=\"center\"><a href=\"https:\/\/photos.app.goo.gl\/X9trkirJymFz3SBH9\"><img loading=\"lazy\" decoding=\"async\" class=\"\" src=\"https:\/\/lh3.googleusercontent.com\/YIC9TGLfT27SOz8-J--Nc9AAbL9RFyL0JiQdS-TDY_NZHZMdpCFbc6ZTiAMLNDT5l-JOpfuPS3FYYTWdZq-b8WcCFbilRDVut5YfDN_N6nZTtPU3nQddc8Mz5nHMCY-XwcJv-TDB4-kuPvOsgHZKcmpHRG-vjleDHsOYg5v2xcw1VqZ8Ud2Q-kHGIppJQR4iiNDj0g-oMDQEoLwR-y8fu-07cW6RK_hdTTcfojOWDdghHUxyIgDsYgyc8OW6ppTlN20wei-fphUC20rePp7W_VChhLW8FCwd40UDTbbWQpzKmceo4nyFPHL2J5hcVi1A24y19nQ8H1vGFk8ayRowraSLdl7kWlIc9bSBDKZTsYAqYXUintDGBMI-iGDv3k8V9Csmb2CB4Mcll8fwW-8yt5FgGdMmSyXVmhhqKR7D4Xw740I5G56Tg-P-HDAtuO-fJn4SSFianR6Ix6bN7eo42a72nnlEL2nuF2cxJIEOX81cjUabF4tqKqci7MYMr8taEzVEXYuQMXCwoAsupQjElC5ApeQDZrI-1mpQLULaO7QsPik-uOkqds8CobZXBFNFOtSybJKmPL2pH87BszJq7SuY0Sp3DrPHAyXzNSuy1C14j4IimwmSKuqzNYN-E054jb-UbkJS8APLuiBWlGLboopE4_ixCA3ZSKXuFS-TKvC9GRhEqltd0UY=w646-h861-no\" width=\"129\" height=\"173\"><\/a><\/td>\n<td style=\"background: transparent url('http:\/\/picasaweb.google.com.tr\/s\/c\/transparent_album_background.gif') no-repeat scroll left center; height: 200px;\" align=\"center\"><a href=\"https:\/\/photos.app.goo.gl\/VSbW9eU4PW3R2bRy8\"><img loading=\"lazy\" decoding=\"async\" class=\"\" src=\"https:\/\/lh3.googleusercontent.com\/8rSj8YskcErbm21dS_SLZeQRYdqsa_z0SIYOro0c65iuzOA_1pG4H--nkha7l0RwJZV5YLsxPPWej1qqdeW-rCD2dOAfCbMK5Qln4Kbtpa00hm1mVM3YTR18RYkKAXh8xvniv3JMm_7WOktriwJlOwT2qoxxQz15IcRa_I_eTXCnc4YFJWxO-ln0n7bMJuLzw3QOqsw-lsaf2Nolw8dvpnXdcCVcvpl2GNkQwqm8gYSKO6dmBy9LaNweUUVXHqKcwW50h9DPOWZVfpUI0t6kgf1o9ztpOgD9GCdP697UhNVKkTihc3TN9TUqkCNMYaKFeQ8iXorpAbcEujkuQ0w3mwHQ9ZSWGDjTpDwQi-PQkv6BxhB52quVCe0Z7IJ-8xN39Nj_xndTVqBA8crcG6YXWJk08l3BragOPG-Zkr_vuJWoLtGCVKmQd9yBlfkQtY9Gv-51vpwGfJPe5gG7rLVygI916ougyYViwugx14mXcB7RoiMqwcFrnYEALQlHFRwQuuLg7_EHWTxcFFV40PbpMuu5SuaLMSJcpNqpAiwLMkdEuZKruuVZYFlfGRMbyGmf2uz2gCJzw-I6OA4eRakDnAN7L_CfMdK6pL1dSVcZZiCbUJeX6ob_DL2oSPb1BKKAc-dlmaiIo5ClcEcWyDiRO2YJcJMrRsdBS0ffCgnW_DKDVxQ6exVzB9JEMTYBVroKdiOQSbV2PIF_BMS6lkSfZY6fPZLwvk7tgB5C3UOtV9RMDC4j-bnc3ATczVuGa6IaeRnj9BhpWGMzfrxNgsLpx62JqVFI5IEuyBKWvuV-vTQlr6IepjtdVRfO_eWs6ev9eBosfcN9THuilIdt1_kxFDkBenXfHEqhH9VHi8c6lEu68vdtdc5dl8aB8sixTJeOcH3g8lMsxvHI3YXSKMOd3U6XQvEhkvOOrAHpnyVmAgKXdLCthOgG-7eZzCJ6F_UR378zlPA6h9Qp2Pqi1XDb_zAa9YoEoqTFQaDkwZ6vEHdyHrkgMMw9=w361-h603-no?authuser=2\" width=\"103\" height=\"172\"><\/a><\/td>\n<td style=\"background: transparent url('http:\/\/picasaweb.google.com.tr\/s\/c\/transparent_album_background.gif') no-repeat scroll left center; height: 200px;\" align=\"center\"><\/td>\n<\/tr>\n<tr>\n<td style=\"text-align: center; font-family: arial,sans-serif; font-size: 11px;\">Mezuniyet Balosu<\/td>\n<td style=\"text-align: center; font-family: arial,sans-serif; font-size: 11px;\">6 Temmuz 2019 Kovada<\/td>\n<td style=\"text-align: center; font-family: arial,sans-serif; font-size: 11px;\">31 Temmuz 2019 \u00c7ardak<\/td>\n<td style=\"text-align: center; font-family: arial,sans-serif; font-size: 11px;\">15 Eyl\u00fcl 2019 Kayd\u0131rak<\/td>\n<td style=\"text-align: center; font-family: arial,sans-serif; font-size: 11px;\"><\/td>\n<\/tr>\n<\/tbody>\n<\/table>\n","protected":false},"excerpt":{"rendered":"<p>\u0130lkokul bitiyor 24 May\u0131s 2019 &#8211; I \u0130lkokul bitiyor 24 May\u0131s 2019 &#8211; II Reklam filmi &#8211; II Mezuniyet Balosu 6 Temmuz 2019 Kovada 31 Temmuz 2019 \u00c7ardak 15 Eyl\u00fcl 2019 Kayd\u0131rak<\/p>\n","protected":false},"author":1,"featured_media":7763,"parent":5137,"menu_order":0,"comment_status":"closed","ping_status":"closed","template":"","meta":{"footnotes":""},"class_list":["post-7757","page","type-page","status-publish","has-post-thumbnail","hentry"],"_links":{"self":[{"href":"https:\/\/xn--adal-oza.net\/index.php?rest_route=\/wp\/v2\/pages\/7757","targetHints":{"allow":["GET"]}}],"collection":[{"href":"https:\/\/xn--adal-oza.net\/index.php?rest_route=\/wp\/v2\/pages"}],"about":[{"href":"https:\/\/xn--adal-oza.net\/index.php?rest_route=\/wp\/v2\/types\/page"}],"author":[{"embeddable":true,"href":"https:\/\/xn--adal-oza.net\/index.php?rest_route=\/wp\/v2\/users\/1"}],"replies":[{"embeddable":true,"href":"https:\/\/xn--adal-oza.net\/index.php?rest_route=%2Fwp%2Fv2%2Fcomments&post=7757"}],"version-history":[{"count":10,"href":"https:\/\/xn--adal-oza.net\/index.php?rest_route=\/wp\/v2\/pages\/7757\/revisions"}],"predecessor-version":[{"id":9093,"href":"https:\/\/xn--adal-oza.net\/index.php?rest_route=\/wp\/v2\/pages\/7757\/revisions\/9093"}],"up":[{"embeddable":true,"href":"https:\/\/xn--adal-oza.net\/index.php?rest_route=\/wp\/v2\/pages\/5137"}],"wp:featuredmedia":[{"embeddable":true,"href":"https:\/\/xn--adal-oza.net\/index.php?rest_route=\/wp\/v2\/media\/7763"}],"wp:attachment":[{"href":"https:\/\/xn--adal-oza.net\/index.php?rest_route=%2Fwp%2Fv2%2Fmedia&parent=7757"}],"curies":[{"name":"wp","href":"https:\/\/api.w.org\/{rel}","templated":true}]}}