{"id":7769,"date":"2019-05-25T16:11:25","date_gmt":"2019-05-25T14:11:25","guid":{"rendered":"https:\/\/web.itu.edu.tr\/adali\/?page_id=7769"},"modified":"2020-04-04T16:15:18","modified_gmt":"2020-04-04T14:15:18","slug":"eren-2019","status":"publish","type":"page","link":"https:\/\/xn--adal-oza.net\/?page_id=7769&lang=en","title":{"rendered":"Eren 2019"},"content":{"rendered":"<p>&nbsp;<\/p>\n<p>\u200b<\/p>\n<p>&nbsp;<\/p>\n<p>&nbsp;<\/p>\n<p>&nbsp;<\/p>\n<table style=\"text-align: center;\" border=\"0\" width=\"100%\" cellspacing=\"0\" cellpadding=\"0\">\n<colgroup>\n<col width=\"%20\" \/>\n<col width=\"%20\" \/>\n<col width=\"%20\" \/>\n<col width=\"%20\" \/>\n<col width=\"%20\" \/><\/colgroup>\n<tbody>\n<tr>\n<td style=\"background: transparent url('http:\/\/picasaweb.google.com.tr\/s\/c\/transparent_album_background.gif') no-repeat scroll left center; height: 200px;\" align=\"center\"><a href=\"https:\/\/photos.app.goo.gl\/fFSctuSae2FHpsqeA\"><img loading=\"lazy\" decoding=\"async\" class=\"\" src=\"https:\/\/lh3.googleusercontent.com\/MUhxmI1B0EIPmvUOLFJztxOE07wlUPYUVlNK29zmPXcKGD15pNvlODni54pvO-mn2RoJsW-BZgdfeabxRZbgnESw3vdONqJmXpuR0HdYEfsPqCvpsGhhZxxjnzPxHQ5pjy_5lq-ghabCHW97FqssN7uAsUnd8eA-57X7G4Y4tFhjnu9d6ux76h4t4O2P-kQC2zom3dsSVrvY_wzn9U4-ppm6S_FGc2RdhtSWRblLtVNAoZMLSewpXEH8U-if5CSvHPOET2nuO0hWND3NJQ1AZWhsTJEEkVj-5DXgag1jLymqU_dHSsQI7iM5dIcjqZ0QB_ZFA9HsNuIuSmttUNJV3ciffXrNa_xRCX25zOF8QtyTRr6DwTtOETt2uVY7lh1ZzK0aGY8D0O_y0dWGXAmCYC-wkWHYg5lGQQ1fHc4DRmNbo2n3tVCRYaDp4w06w8gmOHo1o0Emb6dOIQ6nUUWQW9lWEyH72_VfOMoOZezFe8NU2bmyRQZPBbPACQUFns_hi7LuIHhYknDdZaSnNz_EqjXElh2EON_t54iCeZAW1LqLc3ivEBTGOnmjPnpdQ2CnEx3nu9JW5qY-aq-Qc-7HCVTRzJFJOSzBrYT2Lj8zUl2eSBJpWCy_FPT5U8kgiEJFMnvDhte6Vev-gpWOqRen61QXf45SBlI=w1280-h854-no\" width=\"199\" height=\"133\" \/><\/a><\/td>\n<td style=\"background: transparent url('http:\/\/picasaweb.google.com.tr\/s\/c\/transparent_album_background.gif') no-repeat scroll left center; height: 200px;\" align=\"center\"><a href=\"https:\/\/photos.app.goo.gl\/93WudrzWbJGaVyTEA\"><img loading=\"lazy\" decoding=\"async\" class=\"\" src=\"https:\/\/lh3.googleusercontent.com\/cGBdx2WqyVgyIqQFA2xGt6caMO_26-m1rAryhiCBeVzFrrc4jIrghIyDJvRqyjHq7BxPa1NghcXmPxz4DJKFIykddRuKija3KSZvIB4A5Laldu7sX5fnJKFVjpWsQVMVG8Z_1gv8cp6SsmpsMvkwleMHoOYRdVJFyOwMhuFEAVCgoWyyyYFSzl-nn3c80Yt3M7yxgoHZA4J8Bld9OWLdHFt3-NrWmaYOnPV5CrY8aZvwjy2d4GTsqakDn9JAZ-RmeFPvWDz1rthdM_WS3YjDvRRwhdyJeVCSXMMuSWL_wJNh6YWLRueJod5Hv77hMdx2zRa90TZOVPzO94HrgkHPvfqOYwume6QPb4dqkM9U_Enuy8EBhPELcvOTk8nLunxZUEf2hM0NOq4WhcAFlE3BKcDfngg5Uaf_NmPzJvGNM6Xb3jZVxDQHW5wzvUFkYgg0r9bB8FS1PRcyYE8nfOumUF9EMDFQRR-8CntglNdLEbur-nlJIKvC-oUkzFORknA0Yaa_Uaap41VWwSXGVp-kbtsHVnxNeM55rL5xmvSI10SlvWpWaY4tWIkHLmVjsWFleu8T8JZ3UwcQzp_IlDyVfNkuFEs32UkpiwJm5OTHbmO7OCdvRSA48Kj6uBpEyeBDznY-ODZ_lGYhMLzbqwn8qrgHiys3sD8=w1280-h854-no\" width=\"204\" height=\"136\" \/><\/a><\/td>\n<td style=\"background: transparent url('http:\/\/picasaweb.google.com.tr\/s\/c\/transparent_album_background.gif') no-repeat scroll left center; height: 200px;\" align=\"center\"><\/td>\n<td style=\"background: transparent url('http:\/\/picasaweb.google.com.tr\/s\/c\/transparent_album_background.gif') no-repeat scroll left center; height: 200px;\" align=\"center\"><\/td>\n<td style=\"background: transparent url('http:\/\/picasaweb.google.com.tr\/s\/c\/transparent_album_background.gif') no-repeat scroll left center; height: 200px;\" align=\"center\"><\/td>\n<\/tr>\n<tr>\n<td style=\"text-align: center; font-family: arial,sans-serif; font-size: 11px;\">23 \u015eubat 2018 Do\u011fum G\u00fcn\u00fc<\/td>\n<td style=\"text-align: center; font-family: arial,sans-serif; font-size: 11px;\">17 Mart Basket Ma\u00e7\u0131<\/td>\n<td style=\"text-align: center; font-family: arial,sans-serif; font-size: 11px;\">&#8230;&#8230;<\/td>\n<td style=\"text-align: center; font-family: arial,sans-serif; font-size: 11px;\">&#8230;&#8230;<\/td>\n<td style=\"text-align: center; font-family: arial,sans-serif; font-size: 11px;\">&#8230;&#8230;..<\/td>\n<\/tr>\n<tr>\n<td style=\"background: transparent url('http:\/\/picasaweb.google.com.tr\/s\/c\/transparent_album_background.gif') no-repeat scroll left center; height: 200px;\" align=\"center\"><a href=\"https:\/\/photos.app.goo.gl\/b7w3WzSUFeYdQDPB9\"><img decoding=\"async\" src=\"https:\/\/lh3.googleusercontent.com\/oa6VZLaqcfm6saq5H2M4qUwSzhG1IALsxyb1f68MBB0bkOLPoxbKg_yGjmr_VEkV7eABvCjTgqgddJzKRosT8vy7dpgrPqQIg7KibKCuM5Ao-3e5-9qlftMLI3lLoq0zP5ckcNh104Mbn4AGnI16Y-PoMs4B4gKkofbGvaG-t06APbE-ZQDGnmltmOmxisX2QjX6gfZDZDfQp92XZURGmIMth6WOQhW558Tqt3jc-NE221Flva-0phdRlYy2erY5XwVknPKMEq_pTyp1J8sg5YmZJnhsLl4SepUJEcwu9Ud9NtuydgTIqwXYXFM0bNYHpZpcgreizYhAWqlYE3znQh55lCsgQ_ndT6SwmeeH6HusTqz-NRBnppx7aUjRW_CQIYwEigKQ9wAoReMyk9Dvg3ybJ-ly5IZkC8FdFw4NRFWXMGqC3RAQbsM2CIJsY1rTHSd1lOWZhtIF6NGNm37Kj0UP3nW4Ij0JqH1lXJy9K9wl2jDqRAm9DmWres3QcBZYSSsVaynaOf1GgXehZpPsfgn9xKfhfSLZ5rIR6KPcDTF4jdMsHF9EWNqjvfnlDnXaSyKE2uet8WOuaSngY07z6zlthiGDELF41Z0BfiXR2H7XFMi4yRDANOZ-ozB0sOFmWGCas04rEsMh-8koF46bTK3IeLD29ROmunp-Ze8qCSCt9MlxV5BBLwongjxaC24BDekchz5Y46lp-g_82BevfhRk=w529-h353-no\" \/><\/a><\/td>\n<td style=\"background: transparent url('http:\/\/picasaweb.google.com.tr\/s\/c\/transparent_album_background.gif') no-repeat scroll left center; height: 200px;\" align=\"center\"><a href=\"https:\/\/photos.app.goo.gl\/ps63Y45Ptah13Ccw8\"><img decoding=\"async\" src=\"https:\/\/lh3.googleusercontent.com\/oa6VZLaqcfm6saq5H2M4qUwSzhG1IALsxyb1f68MBB0bkOLPoxbKg_yGjmr_VEkV7eABvCjTgqgddJzKRosT8vy7dpgrPqQIg7KibKCuM5Ao-3e5-9qlftMLI3lLoq0zP5ckcNh104Mbn4AGnI16Y-PoMs4B4gKkofbGvaG-t06APbE-ZQDGnmltmOmxisX2QjX6gfZDZDfQp92XZURGmIMth6WOQhW558Tqt3jc-NE221Flva-0phdRlYy2erY5XwVknPKMEq_pTyp1J8sg5YmZJnhsLl4SepUJEcwu9Ud9NtuydgTIqwXYXFM0bNYHpZpcgreizYhAWqlYE3znQh55lCsgQ_ndT6SwmeeH6HusTqz-NRBnppx7aUjRW_CQIYwEigKQ9wAoReMyk9Dvg3ybJ-ly5IZkC8FdFw4NRFWXMGqC3RAQbsM2CIJsY1rTHSd1lOWZhtIF6NGNm37Kj0UP3nW4Ij0JqH1lXJy9K9wl2jDqRAm9DmWres3QcBZYSSsVaynaOf1GgXehZpPsfgn9xKfhfSLZ5rIR6KPcDTF4jdMsHF9EWNqjvfnlDnXaSyKE2uet8WOuaSngY07z6zlthiGDELF41Z0BfiXR2H7XFMi4yRDANOZ-ozB0sOFmWGCas04rEsMh-8koF46bTK3IeLD29ROmunp-Ze8qCSCt9MlxV5BBLwongjxaC24BDekchz5Y46lp-g_82BevfhRk=w529-h353-no\" \/><\/a><\/td>\n<td style=\"background: transparent url('http:\/\/picasaweb.google.com.tr\/s\/c\/transparent_album_background.gif') no-repeat scroll left center; height: 200px;\" align=\"center\"><a href=\"https:\/\/photos.app.goo.gl\/ajYPePxvboVt3s976\"><img decoding=\"async\" src=\"https:\/\/lh3.googleusercontent.com\/oa6VZLaqcfm6saq5H2M4qUwSzhG1IALsxyb1f68MBB0bkOLPoxbKg_yGjmr_VEkV7eABvCjTgqgddJzKRosT8vy7dpgrPqQIg7KibKCuM5Ao-3e5-9qlftMLI3lLoq0zP5ckcNh104Mbn4AGnI16Y-PoMs4B4gKkofbGvaG-t06APbE-ZQDGnmltmOmxisX2QjX6gfZDZDfQp92XZURGmIMth6WOQhW558Tqt3jc-NE221Flva-0phdRlYy2erY5XwVknPKMEq_pTyp1J8sg5YmZJnhsLl4SepUJEcwu9Ud9NtuydgTIqwXYXFM0bNYHpZpcgreizYhAWqlYE3znQh55lCsgQ_ndT6SwmeeH6HusTqz-NRBnppx7aUjRW_CQIYwEigKQ9wAoReMyk9Dvg3ybJ-ly5IZkC8FdFw4NRFWXMGqC3RAQbsM2CIJsY1rTHSd1lOWZhtIF6NGNm37Kj0UP3nW4Ij0JqH1lXJy9K9wl2jDqRAm9DmWres3QcBZYSSsVaynaOf1GgXehZpPsfgn9xKfhfSLZ5rIR6KPcDTF4jdMsHF9EWNqjvfnlDnXaSyKE2uet8WOuaSngY07z6zlthiGDELF41Z0BfiXR2H7XFMi4yRDANOZ-ozB0sOFmWGCas04rEsMh-8koF46bTK3IeLD29ROmunp-Ze8qCSCt9MlxV5BBLwongjxaC24BDekchz5Y46lp-g_82BevfhRk=w529-h353-no\" \/><\/a><\/td>\n<td style=\"background: transparent url('http:\/\/picasaweb.google.com.tr\/s\/c\/transparent_album_background.gif') no-repeat scroll left center; height: 200px;\" align=\"center\"><a href=\"https:\/\/photos.app.goo.gl\/6fMenJjRL8Z1Ga2D9\"><img decoding=\"async\" src=\"https:\/\/lh3.googleusercontent.com\/oa6VZLaqcfm6saq5H2M4qUwSzhG1IALsxyb1f68MBB0bkOLPoxbKg_yGjmr_VEkV7eABvCjTgqgddJzKRosT8vy7dpgrPqQIg7KibKCuM5Ao-3e5-9qlftMLI3lLoq0zP5ckcNh104Mbn4AGnI16Y-PoMs4B4gKkofbGvaG-t06APbE-ZQDGnmltmOmxisX2QjX6gfZDZDfQp92XZURGmIMth6WOQhW558Tqt3jc-NE221Flva-0phdRlYy2erY5XwVknPKMEq_pTyp1J8sg5YmZJnhsLl4SepUJEcwu9Ud9NtuydgTIqwXYXFM0bNYHpZpcgreizYhAWqlYE3znQh55lCsgQ_ndT6SwmeeH6HusTqz-NRBnppx7aUjRW_CQIYwEigKQ9wAoReMyk9Dvg3ybJ-ly5IZkC8FdFw4NRFWXMGqC3RAQbsM2CIJsY1rTHSd1lOWZhtIF6NGNm37Kj0UP3nW4Ij0JqH1lXJy9K9wl2jDqRAm9DmWres3QcBZYSSsVaynaOf1GgXehZpPsfgn9xKfhfSLZ5rIR6KPcDTF4jdMsHF9EWNqjvfnlDnXaSyKE2uet8WOuaSngY07z6zlthiGDELF41Z0BfiXR2H7XFMi4yRDANOZ-ozB0sOFmWGCas04rEsMh-8koF46bTK3IeLD29ROmunp-Ze8qCSCt9MlxV5BBLwongjxaC24BDekchz5Y46lp-g_82BevfhRk=w529-h353-no\" \/><\/a><\/td>\n<td style=\"background: transparent url('http:\/\/picasaweb.google.com.tr\/s\/c\/transparent_album_background.gif') no-repeat scroll left center; height: 200px;\" align=\"center\"><a href=\"https:\/\/photos.app.goo.gl\/BzRZwAL6xifaQbKE8\"><img decoding=\"async\" src=\"https:\/\/lh3.googleusercontent.com\/oa6VZLaqcfm6saq5H2M4qUwSzhG1IALsxyb1f68MBB0bkOLPoxbKg_yGjmr_VEkV7eABvCjTgqgddJzKRosT8vy7dpgrPqQIg7KibKCuM5Ao-3e5-9qlftMLI3lLoq0zP5ckcNh104Mbn4AGnI16Y-PoMs4B4gKkofbGvaG-t06APbE-ZQDGnmltmOmxisX2QjX6gfZDZDfQp92XZURGmIMth6WOQhW558Tqt3jc-NE221Flva-0phdRlYy2erY5XwVknPKMEq_pTyp1J8sg5YmZJnhsLl4SepUJEcwu9Ud9NtuydgTIqwXYXFM0bNYHpZpcgreizYhAWqlYE3znQh55lCsgQ_ndT6SwmeeH6HusTqz-NRBnppx7aUjRW_CQIYwEigKQ9wAoReMyk9Dvg3ybJ-ly5IZkC8FdFw4NRFWXMGqC3RAQbsM2CIJsY1rTHSd1lOWZhtIF6NGNm37Kj0UP3nW4Ij0JqH1lXJy9K9wl2jDqRAm9DmWres3QcBZYSSsVaynaOf1GgXehZpPsfgn9xKfhfSLZ5rIR6KPcDTF4jdMsHF9EWNqjvfnlDnXaSyKE2uet8WOuaSngY07z6zlthiGDELF41Z0BfiXR2H7XFMi4yRDANOZ-ozB0sOFmWGCas04rEsMh-8koF46bTK3IeLD29ROmunp-Ze8qCSCt9MlxV5BBLwongjxaC24BDekchz5Y46lp-g_82BevfhRk=w529-h353-no\" \/><\/a><\/td>\n<\/tr>\n<tr>\n<td style=\"text-align: center; font-family: arial,sans-serif; font-size: 11px;\">17 Mart Basket Ma\u00e7\u0131 Video-I<\/td>\n<td style=\"text-align: center; font-family: arial,sans-serif; font-size: 11px;\">17 Mart Basket Ma\u00e7\u0131 Video-II<\/td>\n<td style=\"text-align: center; font-family: arial,sans-serif; font-size: 11px;\">17 Mart Basket Ma\u00e7\u0131 Video-III<\/td>\n<td style=\"text-align: center; font-family: arial,sans-serif; font-size: 11px;\">17 Mart Basket Ma\u00e7\u0131 Video-IV<\/td>\n<td style=\"text-align: center; font-family: arial,sans-serif; font-size: 11px;\">17 Mart Basket Ma\u00e7\u0131 Video-V<\/td>\n<\/tr>\n<tr>\n<td style=\"background: transparent url('http:\/\/picasaweb.google.com.tr\/s\/c\/transparent_album_background.gif') no-repeat scroll left center; height: 200px;\" align=\"center\"><a href=\"https:\/\/photos.app.goo.gl\/EQRV5hnwpq3ccLgbA\"><img decoding=\"async\" src=\"https:\/\/lh3.googleusercontent.com\/oa6VZLaqcfm6saq5H2M4qUwSzhG1IALsxyb1f68MBB0bkOLPoxbKg_yGjmr_VEkV7eABvCjTgqgddJzKRosT8vy7dpgrPqQIg7KibKCuM5Ao-3e5-9qlftMLI3lLoq0zP5ckcNh104Mbn4AGnI16Y-PoMs4B4gKkofbGvaG-t06APbE-ZQDGnmltmOmxisX2QjX6gfZDZDfQp92XZURGmIMth6WOQhW558Tqt3jc-NE221Flva-0phdRlYy2erY5XwVknPKMEq_pTyp1J8sg5YmZJnhsLl4SepUJEcwu9Ud9NtuydgTIqwXYXFM0bNYHpZpcgreizYhAWqlYE3znQh55lCsgQ_ndT6SwmeeH6HusTqz-NRBnppx7aUjRW_CQIYwEigKQ9wAoReMyk9Dvg3ybJ-ly5IZkC8FdFw4NRFWXMGqC3RAQbsM2CIJsY1rTHSd1lOWZhtIF6NGNm37Kj0UP3nW4Ij0JqH1lXJy9K9wl2jDqRAm9DmWres3QcBZYSSsVaynaOf1GgXehZpPsfgn9xKfhfSLZ5rIR6KPcDTF4jdMsHF9EWNqjvfnlDnXaSyKE2uet8WOuaSngY07z6zlthiGDELF41Z0BfiXR2H7XFMi4yRDANOZ-ozB0sOFmWGCas04rEsMh-8koF46bTK3IeLD29ROmunp-Ze8qCSCt9MlxV5BBLwongjxaC24BDekchz5Y46lp-g_82BevfhRk=w529-h353-no\" \/><\/a><\/td>\n<td style=\"background: transparent url('http:\/\/picasaweb.google.com.tr\/s\/c\/transparent_album_background.gif') no-repeat scroll left center; height: 200px;\" align=\"center\"><a href=\"https:\/\/photos.app.goo.gl\/ZUdrPPWeg4rVG54S8\"><img decoding=\"async\" src=\"https:\/\/lh3.googleusercontent.com\/oa6VZLaqcfm6saq5H2M4qUwSzhG1IALsxyb1f68MBB0bkOLPoxbKg_yGjmr_VEkV7eABvCjTgqgddJzKRosT8vy7dpgrPqQIg7KibKCuM5Ao-3e5-9qlftMLI3lLoq0zP5ckcNh104Mbn4AGnI16Y-PoMs4B4gKkofbGvaG-t06APbE-ZQDGnmltmOmxisX2QjX6gfZDZDfQp92XZURGmIMth6WOQhW558Tqt3jc-NE221Flva-0phdRlYy2erY5XwVknPKMEq_pTyp1J8sg5YmZJnhsLl4SepUJEcwu9Ud9NtuydgTIqwXYXFM0bNYHpZpcgreizYhAWqlYE3znQh55lCsgQ_ndT6SwmeeH6HusTqz-NRBnppx7aUjRW_CQIYwEigKQ9wAoReMyk9Dvg3ybJ-ly5IZkC8FdFw4NRFWXMGqC3RAQbsM2CIJsY1rTHSd1lOWZhtIF6NGNm37Kj0UP3nW4Ij0JqH1lXJy9K9wl2jDqRAm9DmWres3QcBZYSSsVaynaOf1GgXehZpPsfgn9xKfhfSLZ5rIR6KPcDTF4jdMsHF9EWNqjvfnlDnXaSyKE2uet8WOuaSngY07z6zlthiGDELF41Z0BfiXR2H7XFMi4yRDANOZ-ozB0sOFmWGCas04rEsMh-8koF46bTK3IeLD29ROmunp-Ze8qCSCt9MlxV5BBLwongjxaC24BDekchz5Y46lp-g_82BevfhRk=w529-h353-no\" \/><\/a><\/td>\n<td style=\"background: transparent url('http:\/\/picasaweb.google.com.tr\/s\/c\/transparent_album_background.gif') no-repeat scroll left center; height: 200px;\" align=\"center\"><a href=\"https:\/\/photos.app.goo.gl\/DGUNrTSah1NSPZD59\"><img decoding=\"async\" src=\"https:\/\/lh3.googleusercontent.com\/oa6VZLaqcfm6saq5H2M4qUwSzhG1IALsxyb1f68MBB0bkOLPoxbKg_yGjmr_VEkV7eABvCjTgqgddJzKRosT8vy7dpgrPqQIg7KibKCuM5Ao-3e5-9qlftMLI3lLoq0zP5ckcNh104Mbn4AGnI16Y-PoMs4B4gKkofbGvaG-t06APbE-ZQDGnmltmOmxisX2QjX6gfZDZDfQp92XZURGmIMth6WOQhW558Tqt3jc-NE221Flva-0phdRlYy2erY5XwVknPKMEq_pTyp1J8sg5YmZJnhsLl4SepUJEcwu9Ud9NtuydgTIqwXYXFM0bNYHpZpcgreizYhAWqlYE3znQh55lCsgQ_ndT6SwmeeH6HusTqz-NRBnppx7aUjRW_CQIYwEigKQ9wAoReMyk9Dvg3ybJ-ly5IZkC8FdFw4NRFWXMGqC3RAQbsM2CIJsY1rTHSd1lOWZhtIF6NGNm37Kj0UP3nW4Ij0JqH1lXJy9K9wl2jDqRAm9DmWres3QcBZYSSsVaynaOf1GgXehZpPsfgn9xKfhfSLZ5rIR6KPcDTF4jdMsHF9EWNqjvfnlDnXaSyKE2uet8WOuaSngY07z6zlthiGDELF41Z0BfiXR2H7XFMi4yRDANOZ-ozB0sOFmWGCas04rEsMh-8koF46bTK3IeLD29ROmunp-Ze8qCSCt9MlxV5BBLwongjxaC24BDekchz5Y46lp-g_82BevfhRk=w529-h353-no\" \/><\/a><\/td>\n<td style=\"background: transparent url('http:\/\/picasaweb.google.com.tr\/s\/c\/transparent_album_background.gif') no-repeat scroll left center; height: 200px;\" align=\"center\"><\/td>\n<td style=\"background: transparent url('http:\/\/picasaweb.google.com.tr\/s\/c\/transparent_album_background.gif') no-repeat scroll left center; height: 200px;\" align=\"center\"><\/td>\n<\/tr>\n<tr>\n<td style=\"text-align: center; font-family: arial,sans-serif; font-size: 11px;\">17 Mart Basket Ma\u00e7\u0131 Video-VI<\/td>\n<td style=\"text-align: center; font-family: arial,sans-serif; font-size: 11px;\">17 Mart Basket Ma\u00e7\u0131 Video-VII<\/td>\n<td style=\"text-align: center; font-family: arial,sans-serif; font-size: 11px;\">17 Mart Basket Ma\u00e7\u0131 Video-VIII<\/td>\n<td style=\"text-align: center; font-family: arial,sans-serif; font-size: 11px;\"><\/td>\n<td style=\"text-align: center; font-family: arial,sans-serif; font-size: 11px;\"><\/td>\n<\/tr>\n<tr>\n<td style=\"background: transparent url('http:\/\/picasaweb.google.com.tr\/s\/c\/transparent_album_background.gif') no-repeat scroll left center; height: 200px;\" align=\"center\"><a href=\"https:\/\/photos.app.goo.gl\/XmiUmTQGw4Em5NT77\"><img loading=\"lazy\" decoding=\"async\" class=\"\" src=\"https:\/\/lh3.googleusercontent.com\/KgzYrctFPvfrrelpx8dxqiq-y3t52dP81p_0hy9TuhN27E40AlEYTijYXaRtO5UZbMCB9LRH3pMX8QXUjyyQGCac6vme3wZZUaSZNUyJBTKo0W2wiGvWaIdygPAIOT2j14mti05NrFcRjkP59uJcVIUXq99S_wmb-bUAdiH62c1BKD8FWnYiqo4Nks9-AdVEC0OiDuzVNqKWj9hnOVXGHa0ICqcNE5vrZEnzF5I3VZ6mu8aJ1YZAv-20tp8lvSnn8hZeImCu21hg1_ZMDa7CusuPMDmNE9SIeMT_SbYcLs9HAUP3uAnzuQ0W01NNYs5wDZDkMccegqCzPIFUPyPpAL8Ynp7oVOWp5APAalY6VZyvNz9GZJ75cVnH0P7wEnSqllxKPpqXOw-S_05AJeht6WGsa-a6QVnBaP_5V0qY5S1jpvl0bcXQIVwh2_fhgRlKtZlLiHY_s3Z828Qoj2w2Ku3KynscFofjGD3Vu8rCUYr7SVE5NymNWvUCbWOrZCGmuLpKumv052DA1I1g81xDUx7p7WX9n4zivErWtZT4gcPWNF17Z9_u8QSJOj6RC2eauSLqV7TVRCsXOpLi0OzxQQ8HL17CpdvCGbLt0A4g9AySEQ7z2x449MooyH5f-pf5z5hfFZ_hWMfipA-ySs1UqRCx2drf6KM=w1280-h854-no\" width=\"206\" height=\"137\" \/><\/a><\/td>\n<td style=\"background: transparent url('http:\/\/picasaweb.google.com.tr\/s\/c\/transparent_album_background.gif') no-repeat scroll left center; height: 200px;\" align=\"center\"><a href=\"https:\/\/photos.app.goo.gl\/y6JDmJLcjbmnYsEAA\"><img loading=\"lazy\" decoding=\"async\" class=\"\" src=\"https:\/\/xn--adal-oza.net\/wp-content\/uploads\/2019\/05\/Konser.jpg\" width=\"200\" height=\"112\" \/><\/a><\/td>\n<td style=\"background: transparent url('http:\/\/picasaweb.google.com.tr\/s\/c\/transparent_album_background.gif') no-repeat scroll left center; height: 200px;\" align=\"center\"><a href=\"https:\/\/photos.app.goo.gl\/U8drf2WpkaAfRkxS7\"><img loading=\"lazy\" decoding=\"async\" class=\"\" src=\"https:\/\/lh3.googleusercontent.com\/NChY3ZJbJjiJmSz734XTMkmLUCP34M02xBq1alzuHyOdoL1nuKs9bDpk7ZEKkmQTsz2OW4hNrYTC6WbNpJ5NPaw7Fr7ARweG8kNCg5eUWltGrOiHP9jG6jAwRWYNDEoHEvg0k0t7njaLxOVZZ-rpf-8Bg9e8ln0zWAY5FJr5jW2Q725oDzBsSrsF1B3SNBOJ31slFMDcDY6N7orAGQWPABxHhuQbQhMId15TWPvo6altS1UT1Ljnx3c0RNp9e5_dRUGe1jkm9P1qCWJLoLFoOQcf88rwATxXNHS1vegz2H2HULGnzYVr__s0CNMMd6VqPHjfzNnMmv4kIR8vNUaPU-sOwTJNgP0swq4Q0VCsI9btlByVIUg9hvgHktxJ_POcEL7pXzMnEyzxrvN1SwIZis0q1I3hcZW4OFM2wRIHQRGIJld_f9dFsRpaAyDZV8yQ0nR4_jN2tv0fPH04rwohyu1YS7fwkPMryZc85emZOntnF-An6Ea6_GMwWHRsyE5ISPnWECDQJD7UwFgaUGd-KHgk2S1D4tANjG0eSgPnKobTL6rxwXmmn_AUydaBHjCbLQW7-8j3ToOOhtnMutETm40K9vbTVgujH5nDfvBMi_VlI6-2uflBYWCn_Ztrpe-EEqQ-LA2EpmrLGHHQmw7DfqKGNwG6Y-WXPhMwrWCLeqDGYd_vPPnxTkQYKxykfyxKZGYhkrSu7zzS6CARtE4A48CcT8ZGFp4WcrkXIwXtAMveG5IU=w1280-h854-no\" width=\"176\" height=\"117\" \/><\/a><\/td>\n<td style=\"background: transparent url('http:\/\/picasaweb.google.com.tr\/s\/c\/transparent_album_background.gif') no-repeat scroll left center; height: 200px;\" align=\"center\"><a href=\"https:\/\/photos.app.goo.gl\/6UCvpVdRgYbZRGjR8\"><img loading=\"lazy\" decoding=\"async\" class=\"aligncenter\" src=\"https:\/\/lh3.googleusercontent.com\/45UeH4-GWX8OF7pvuyw9M5zY2RjZgS5ZwuxlebFximpkyhmmwuKdUE6GsQ277nvpDwGS7u-jmS1pPOXNjUosh1eX9oOnq0VtYhgeXBB2zSFSZ4iKCu_EsdHY16_ho32Mj0ZTZjeLZ0LLLcjSWXLwfmVzo6_4K8JrI0hRCCKe6Z2Y1Pu5LWsGiMbcDXsAopU5b-Wvkj5G_SO0IJE0Behi5CDxI92_Uu_jlx1HekqtsTyuGyRy9-bgyhE4jl6xKnu_BF6sVhjMs_OtinP49KodcxQiES9RG3M2YWqTnYP0g9DzGijwJI7hA7zOAD9e8UpfVjTwmjeSqEHUcVeO0oSTr8EqdOc0eTrmPLEit9EddJ7E8Ojf8d3isow2oor28DPa9mURIukqSGOTsKZA8tw3M4SB_MSggEE3ugKbdAbjHyN4ChmcJONT9olv749NS4z_FGcZeKwvXAQJNNUu1dy8FPPRYfO9UnH4hoDXnxSiauO6Hqp5i8q9X-xSXPYD2bgI7jH3J38jd0w3oEohhS3biQ60wwHnTKm8YDrG6A3jTwKNJQs0KSyXlfI8ephUtaL5GCl_IINT9-WOXWM4ahmoFxZE_cCGCprO-fymdDPZTkAwBq9HEh0giHJ0qx40hC5tQTpnz5AdTUMf6NoGw_ZVdGaS2U4lVp9aqkSmh6_H8KLXBzH98lc7VqxDcxwN1Zf9QLbnmAJ8YrONqwDzkhQFF9k12PeCQBazbYv2aWJkVbvLZv_9=w646-h861-no\" width=\"133\" height=\"177\" \/><\/a><\/td>\n<td style=\"background: transparent url('http:\/\/picasaweb.google.com.tr\/s\/c\/transparent_album_background.gif') no-repeat scroll left center; height: 200px;\" align=\"center\"><a href=\"https:\/\/photos.app.goo.gl\/EAbfu7UVvJFwrVWp7\"><img loading=\"lazy\" decoding=\"async\" class=\"\" src=\"https:\/\/lh3.googleusercontent.com\/ethDodNIYviW_62KdjsgRog7XueQDnoNwAGRp8Ra38irQqZu8eAPUX42wP_Fn9s8j4SFxSffC0s6MxnKuLzFWnYSuNlAWWt-dEXiRiKzzcE6cidp8TvIpf02-IRwSAy61os_118UIkxroa0AFH7CNd3aPF1oQT9a7OgwYdEATI8GPfkyJOwE29Ww_NvJLnGtlidzxXsVTjI78x0_k9ndzrrDK6awVfOqNgHL3NdAL_vKucDRqrmbP3ac14DEcUuj6UCbiVVJJhvkLE5vFtCS7wvgtTNW3_ftl8R2Y_rpPnbdDl5oQI-hy2xlD9Yz4T4K5YOyTMceNjD6CkmL-dti2_hBCdHDzBEqtJQhlMiMToiFIFrkDT7IHLCDx1iHZ-tCyz4JCTH8sPbH_SaJMircIIZ88c2Vyn1TXGrvx13QJ9vUY3aGZu3EFJCQa1wOGbwFIcTREBxhUx2cDSzV4bqRKpF0Q6hnH3guyjD84r6ClgV5pwdEVTxDFhLza6wGqDNszVyMjjpWjJR7eUpcrBqvBcLny5sic1ADqRDKljil7vHWKdP4i-3PQyu8c1lSAiPs7FaPqKMvD6bZrXJNrg-qGSiOZV20brOYGjN_dw0LqKskaPtMSi7QBC6n1mhB70kZreL4Y3mzDtCJZX5JUkUILyvRzfv27rrdoKn8is03RPvm-0qh1WK0yUWqegHT5BYKcgI5j4eMbsXkTzgVJrnyLzMJIAYul1mBqJPCUK5j0INMtis4=w1148-h861-no\" width=\"184\" height=\"138\" \/><\/a><\/td>\n<\/tr>\n<tr>\n<td style=\"text-align: center; font-family: arial,sans-serif; font-size: 11px;\">Y\u0131l Sonu Konseri 26 May\u0131s<\/td>\n<td style=\"text-align: center; font-family: arial,sans-serif; font-size: 11px;\">Y\u0131l Sonu Konseri 26 May\u0131s Video<\/td>\n<td style=\"text-align: center; font-family: arial,sans-serif; font-size: 11px;\">6 Temmuz 2019 Kovada<\/td>\n<td style=\"text-align: center; font-family: arial,sans-serif; font-size: 11px;\">31 Temmuz 2019 \u00c7ardak<\/td>\n<td style=\"text-align: center; font-family: arial,sans-serif; font-size: 11px;\">8 Kas\u0131m 2019 Basket<\/td>\n<\/tr>\n<tr>\n<td style=\"background: transparent url('http:\/\/picasaweb.google.com.tr\/s\/c\/transparent_album_background.gif') no-repeat scroll left center; height: 200px;\" align=\"center\"><a href=\"https:\/\/photos.app.goo.gl\/xWZtxg9erXVsdMRQ9\"><img decoding=\"async\" src=\"https:\/\/lh3.googleusercontent.com\/vBlPtENfCdoBMbr7Snfw-D3nEhsJPeXlKNWqz3cz4i5PFjzN0d_I-VVNueb-li2gd_XKkIG66z0mioKDM4DylqpEXSKS1D4dXfa0wryhi4KR-wZpQc-MypxQp6rUgD2jRmUrrqP4QTA7QkPiZdC0vf2McZRh9iGjOP6bfI8jeHBTFZ1U2qH25CX253B-Q8dPT0DaZL3hqv5rW_FeD1klgkj4VBmvKMQ0SozMvD8YKqgDp8mYGrWi0Lkh0JktqrYSmvykRkNYucqzsus2vOTXD3MU82FKrr8wM6hZ9cd7xKPwk-90vJGnfl_hADsz5iCS9uR8QZFTpV_20DpteMrO-nE-_yKn7mSVg6yZb-S6FSOVZXo2dmp5u9N9xbFsOvqrkCpZ1qdsmNfonVohenR1vR6PcDkWc_dhruaTxss0-jkMM6zifw1Z1jCT-YKIlo_FWE7XasO7JFdk9VKqipfy3yVJZ-rcg6PK36Sl97MecHZO5PEzf_AUldSg9dIpMMuHTP_m_zVCQWiPgJ8KnSEzzhistma5C61l1sQD_SaGdjgGCDVaHIniwjtcaucIgIqrapQ-uhChKoWW0ekl-92d4LpKsVptasFDLo8fEfZS6iNp07OklpIqaYYOMbMC_ksqUfBkWk36Jfy1iyONpQ-HL4av3nPf97-F751UhCzAvk1OwLQmx7WTPQ4uVOuH2Q=w480-h358-no\" \/><\/a><\/td>\n<td style=\"background: transparent url('http:\/\/picasaweb.google.com.tr\/s\/c\/transparent_album_background.gif') no-repeat scroll left center; height: 200px;\" align=\"center\"><a href=\"https:\/\/photos.app.goo.gl\/sPbVQ4izfCjZFqii8\"><img decoding=\"async\" src=\"https:\/\/lh3.googleusercontent.com\/vBlPtENfCdoBMbr7Snfw-D3nEhsJPeXlKNWqz3cz4i5PFjzN0d_I-VVNueb-li2gd_XKkIG66z0mioKDM4DylqpEXSKS1D4dXfa0wryhi4KR-wZpQc-MypxQp6rUgD2jRmUrrqP4QTA7QkPiZdC0vf2McZRh9iGjOP6bfI8jeHBTFZ1U2qH25CX253B-Q8dPT0DaZL3hqv5rW_FeD1klgkj4VBmvKMQ0SozMvD8YKqgDp8mYGrWi0Lkh0JktqrYSmvykRkNYucqzsus2vOTXD3MU82FKrr8wM6hZ9cd7xKPwk-90vJGnfl_hADsz5iCS9uR8QZFTpV_20DpteMrO-nE-_yKn7mSVg6yZb-S6FSOVZXo2dmp5u9N9xbFsOvqrkCpZ1qdsmNfonVohenR1vR6PcDkWc_dhruaTxss0-jkMM6zifw1Z1jCT-YKIlo_FWE7XasO7JFdk9VKqipfy3yVJZ-rcg6PK36Sl97MecHZO5PEzf_AUldSg9dIpMMuHTP_m_zVCQWiPgJ8KnSEzzhistma5C61l1sQD_SaGdjgGCDVaHIniwjtcaucIgIqrapQ-uhChKoWW0ekl-92d4LpKsVptasFDLo8fEfZS6iNp07OklpIqaYYOMbMC_ksqUfBkWk36Jfy1iyONpQ-HL4av3nPf97-F751UhCzAvk1OwLQmx7WTPQ4uVOuH2Q=w480-h358-no\" \/><\/a><\/td>\n<td style=\"background: transparent url('http:\/\/picasaweb.google.com.tr\/s\/c\/transparent_album_background.gif') no-repeat scroll left center; height: 200px;\" align=\"center\"><a href=\"https:\/\/photos.app.goo.gl\/ooBWQEPAqAC1dsXY8\"><img decoding=\"async\" src=\"https:\/\/lh3.googleusercontent.com\/vBlPtENfCdoBMbr7Snfw-D3nEhsJPeXlKNWqz3cz4i5PFjzN0d_I-VVNueb-li2gd_XKkIG66z0mioKDM4DylqpEXSKS1D4dXfa0wryhi4KR-wZpQc-MypxQp6rUgD2jRmUrrqP4QTA7QkPiZdC0vf2McZRh9iGjOP6bfI8jeHBTFZ1U2qH25CX253B-Q8dPT0DaZL3hqv5rW_FeD1klgkj4VBmvKMQ0SozMvD8YKqgDp8mYGrWi0Lkh0JktqrYSmvykRkNYucqzsus2vOTXD3MU82FKrr8wM6hZ9cd7xKPwk-90vJGnfl_hADsz5iCS9uR8QZFTpV_20DpteMrO-nE-_yKn7mSVg6yZb-S6FSOVZXo2dmp5u9N9xbFsOvqrkCpZ1qdsmNfonVohenR1vR6PcDkWc_dhruaTxss0-jkMM6zifw1Z1jCT-YKIlo_FWE7XasO7JFdk9VKqipfy3yVJZ-rcg6PK36Sl97MecHZO5PEzf_AUldSg9dIpMMuHTP_m_zVCQWiPgJ8KnSEzzhistma5C61l1sQD_SaGdjgGCDVaHIniwjtcaucIgIqrapQ-uhChKoWW0ekl-92d4LpKsVptasFDLo8fEfZS6iNp07OklpIqaYYOMbMC_ksqUfBkWk36Jfy1iyONpQ-HL4av3nPf97-F751UhCzAvk1OwLQmx7WTPQ4uVOuH2Q=w480-h358-no\" \/><\/a><\/td>\n<td style=\"background: transparent url('http:\/\/picasaweb.google.com.tr\/s\/c\/transparent_album_background.gif') no-repeat scroll left center; height: 200px;\" align=\"center\"><\/td>\n<td style=\"background: transparent url('http:\/\/picasaweb.google.com.tr\/s\/c\/transparent_album_background.gif') no-repeat scroll left center; height: 200px;\" align=\"center\"><\/td>\n<\/tr>\n<tr>\n<td style=\"text-align: center; font-family: arial,sans-serif; font-size: 11px;\">2 Aral\u0131k 2019 Konser-I<\/td>\n<td style=\"text-align: center; font-family: arial,sans-serif; font-size: 11px;\">2 Aral\u0131k 2019 Konser-II<\/td>\n<td style=\"text-align: center; font-family: arial,sans-serif; font-size: 11px;\">2 Aral\u0131k 2019 Konser-III<\/td>\n<td style=\"text-align: center; font-family: arial,sans-serif; font-size: 11px;\"><\/td>\n<td style=\"text-align: center; font-family: arial,sans-serif; font-size: 11px;\"><\/td>\n<\/tr>\n<\/tbody>\n<\/table>\n","protected":false},"excerpt":{"rendered":"<p>&nbsp; \u200b &nbsp; &nbsp; &nbsp; 23 \u015eubat 2018 Do\u011fum G\u00fcn\u00fc 17 Mart Basket Ma\u00e7\u0131 &#8230;&#8230; &#8230;&#8230; &#8230;&#8230;.. 17 Mart Basket Ma\u00e7\u0131 Video-I 17 Mart Basket Ma\u00e7\u0131 Video-II 17 Mart Basket Ma\u00e7\u0131 Video-III 17 Mart Basket Ma\u00e7\u0131 Video-IV 17 Mart Basket Ma\u00e7\u0131 Video-V 17 Mart Basket Ma\u00e7\u0131 Video-VI 17 Mart Basket Ma\u00e7\u0131 Video-VII 17 Mart Basket &hellip; <\/p>\n<p class=\"link-more\"><a href=\"https:\/\/xn--adal-oza.net\/?page_id=7769&#038;lang=en\" class=\"more-link\">Okumaya devam et<span class=\"screen-reader-text\"> &#8220;Eren 2019&#8221;<\/span><\/a><\/p>\n","protected":false},"author":1,"featured_media":7768,"parent":5138,"menu_order":0,"comment_status":"closed","ping_status":"closed","template":"","meta":{"footnotes":""},"class_list":["post-7769","page","type-page","status-publish","has-post-thumbnail","hentry"],"_links":{"self":[{"href":"https:\/\/xn--adal-oza.net\/index.php?rest_route=\/wp\/v2\/pages\/7769","targetHints":{"allow":["GET"]}}],"collection":[{"href":"https:\/\/xn--adal-oza.net\/index.php?rest_route=\/wp\/v2\/pages"}],"about":[{"href":"https:\/\/xn--adal-oza.net\/index.php?rest_route=\/wp\/v2\/types\/page"}],"author":[{"embeddable":true,"href":"https:\/\/xn--adal-oza.net\/index.php?rest_route=\/wp\/v2\/users\/1"}],"replies":[{"embeddable":true,"href":"https:\/\/xn--adal-oza.net\/index.php?rest_route=%2Fwp%2Fv2%2Fcomments&post=7769"}],"version-history":[{"count":13,"href":"https:\/\/xn--adal-oza.net\/index.php?rest_route=\/wp\/v2\/pages\/7769\/revisions"}],"predecessor-version":[{"id":8090,"href":"https:\/\/xn--adal-oza.net\/index.php?rest_route=\/wp\/v2\/pages\/7769\/revisions\/8090"}],"up":[{"embeddable":true,"href":"https:\/\/xn--adal-oza.net\/index.php?rest_route=\/wp\/v2\/pages\/5138"}],"wp:featuredmedia":[{"embeddable":true,"href":"https:\/\/xn--adal-oza.net\/index.php?rest_route=\/wp\/v2\/media\/7768"}],"wp:attachment":[{"href":"https:\/\/xn--adal-oza.net\/index.php?rest_route=%2Fwp%2Fv2%2Fmedia&parent=7769"}],"curies":[{"name":"wp","href":"https:\/\/api.w.org\/{rel}","templated":true}]}}