{"id":7825,"date":"2019-09-16T23:27:29","date_gmt":"2019-09-16T21:27:29","guid":{"rendered":"https:\/\/web.itu.edu.tr\/adali\/?page_id=7825"},"modified":"2020-12-10T11:58:34","modified_gmt":"2020-12-10T09:58:34","slug":"amasya","status":"publish","type":"page","link":"https:\/\/xn--adal-oza.net\/?page_id=7825&lang=en","title":{"rendered":"Amasya"},"content":{"rendered":"<p>&nbsp;<\/p>\n<table style=\"text-align: center;\" border=\"0\" width=\"100%\" cellspacing=\"0\" cellpadding=\"0\">\n<colgroup>\n<col width=\"%25\" \/>\n<col width=\"%25\" \/>\n<col width=\"%25\" \/>\n<col width=\"%25\" \/> <\/colgroup>\n<tbody>\n<tr>\n<td style=\"background: transparent url('http:\/\/picasaweb.google.com.tr\/s\/c\/transparent_album_background.gif') no-repeat scroll left center; height: 200px;\" align=\"center\">\u00a0<a href=\"https:\/\/photos.app.goo.gl\/ZjDreo8fdYUqVi3s5\"><img loading=\"lazy\" decoding=\"async\" class=\"\" src=\"https:\/\/lh3.googleusercontent.com\/pNG0Ax0J05O58TpGreH0gSNb0vNdY-kEDN_iT8fJiYSspwoBIwdYhqNg-bFpKCZgtHhj7A9pvsbH2BWF-t609CnS8fIIpHeDDQXDFLb74ne1B73v7nxvBjjmMjFiguXjgS2Bt_gJrE3g0saBmSWCsotop01Qot_D1Eggx12HxqViOOFfoLupZPUpwvnx7mWOL0_o6ON83E0EO9z-Ovtb7ODAShaREtKEhVRMbNBLp-B0kYPzqFPfWLE1k8F8DWTK9toG3BPUiR_38Of-C6gOsLm2I7NrTExVSoNzVw6b1wEwqffn_yDfXC-TwcweSLlmB7eaEkgKuAah1SvlVD8P_XImWnIdbU0AMeM_UxM07k0o4VQioZCmbEI-0J1pUHvwMFYfXdFp15tk6A3WPgKqE7auiOgs_nkAas607zVafdp_ppo_SrONzJFsjFtlmfVzUGKY9S3XmTCNAH8_44ZiRV9a5czuz0S6Nktlu37K199FEizoVkl1F1dzrDo78W73h20u8mWm9SsDhuxCvz8cgGkbiPgb5hcOzwejxD_PN8rwtkbHCf-CuLktwsh38zC9EsajnAwIZ6iXur05EqEHIA32QW1JU3dazdYM96WOVcJYkupX7yWEDK3-gBuHql_iHcvOEJ3xoHSHEXae54OukyhMumVCPgZi5sHvplKhJJ9Dl2q8NUau6AoB=w1254-h836-no\" width=\"186\" height=\"124\" \/><\/a><\/td>\n<td style=\"background: transparent url('http:\/\/picasaweb.google.com.tr\/s\/c\/transparent_album_background.gif') no-repeat scroll left center; height: 200px;\" align=\"center\">\u00a0<a href=\"https:\/\/photos.app.goo.gl\/xM5K2qzGtCEpWbiMA\"><img loading=\"lazy\" decoding=\"async\" class=\"\" src=\"https:\/\/lh3.googleusercontent.com\/9JX3ijvfLbhNBjL_WUnfxlYgJ8FZ2tskjsFOW0k0VWIRcA2k2MhofYUelPOp5g7XyJQp47nbl9VnxN5pS8_MKARIPvxJWAlRBIyoXVKIuzzozyPPuJRvsPAKD2zbg4yroRdKRR_SFDyMIuWyEb9dG7Wfipf_gG6ovtAbZwk5tAZqRBrUAYQppBneT1NyMYJDTo23sxFCANaKDVYwCJL-75NAlgAhBOQFGREHV2WtTVsCDoEqNX4CyrQmeqdRq9unTKo2Dps0Sf6aVwt3UQui0VeAh2RXeuh2yGFWT3T_OZDdWR1m5QffCDqaiHfpemsd8Tkl_-wcykNX61jKUB20NfdZzyLqm7vkPeP7CCJ3u3X99Onr6I47IzohenKdFLNuHgIZP5L5qG31j9V8kTT5Arm9sgCZlAmDfE76cCMve5iX9ODpNRHRx07qIIiszBwhWtNZMZlVG4wL4XwENEbvXtAS27_LpjMrRL1_NuABFlkUmrCT29bpmMoe_8Gh78EQQHeuCiSBZmf3rDgIUNJp4hL8AMzjUkc7I_Rb_lryy8mw5Mr3mDy0ZvMaecFtztgP_XlXXMaXT7Wz2IZ2ZDKrskqFh_aEtzwUo3Sr-xA2yjagd48tnLAlgfSuB63SRARDTWquRTNlKpC1PZTMBIb-4vs8liFGjY1hMVUizePPGe0VdnF1UU72CPbf=w1254-h836-no\" width=\"181\" height=\"121\" \/><\/a><\/td>\n<td style=\"background: transparent url('http:\/\/picasaweb.google.com.tr\/s\/c\/transparent_album_background.gif') no-repeat scroll left center; height: 200px;\" align=\"center\"><a href=\"https:\/\/photos.app.goo.gl\/FgzAyXc441BPeaUS7\"><img loading=\"lazy\" decoding=\"async\" class=\"\" src=\"https:\/\/lh3.googleusercontent.com\/4VM4-IyFRkfR5jFaz8Nwp5z1F-o8-iZKbRxj6T9CI41CYXsZUrUtDeQQw9ObWeZYZJeFvLdLZ5xPwdn-DFSfE86GQn7qir0Zpv1QyR8_nxOi0hCYVDPgj18l4XWkGwD3O5xpBrAaZLY6c5IVjwIZmqyowiILAnjdF1rtAILGBHZ8risaOt5CXQDSXmHHocClNoF3SYXE80xJGAWb6ZKYdzxybeoU9pBlhy0oWm3dhPfRvxNIMbr7cOCBhT7_bGX1Jj3R-0Tb_o7tLf1-k42_Dc81VtY2KYMZbY5-JX_886aj2heB31BCLfrmUG6MmS6BQrAQkRPEr-5IHJ7AqyzK9wJp_6IDknsRsyUwC-5TIZd-zWmq-U-1uHLjbB4fiv-zd2HwrP-Z_oc3svH46Ykg1iwS6YYJxTGAceI3RyerDkwGNAkK13pKYu7CDs7aGEavX20oWRm5HGmucHphpE6PFsf12GriRLkpgGa6Zd_kZGUrg7JEkkB6O1PsFOXEftulGOWeDow8W_Xo8puz99WeeOjp6HUWxSurQSBMyUgr2_F80u9rZhy5MfIN6WIyWLIjiTybS0gyMSii7YVLuqBkvmjF_5IpTkjbuaUGL99E_7uJlFWWCWkpo7BXpGzjMJZ9HidmQkG4Qop5Mhz1cvsmsA_a2-Y957hhFnQ9ut1_MHfCgzuVgyT2M838=w1254-h836-no\" width=\"178\" height=\"119\" \/><\/a><\/td>\n<td style=\"background: transparent url('http:\/\/picasaweb.google.com.tr\/s\/c\/transparent_album_background.gif') no-repeat scroll left center; height: 200px;\" align=\"center\"><a href=\"https:\/\/photos.app.goo.gl\/WB5DMU8JTpNLfNNG6\"><img loading=\"lazy\" decoding=\"async\" class=\"\" src=\"https:\/\/lh3.googleusercontent.com\/k7LEYu0TRSFC1nBRq85a_yeIOiCliuPYwPKJQishaU_bj4t7F3CVVCshN8EI9YLmpmTGC0wXIzC7Fgx5kyZz-OYuJVnknqjEGxP2QaRHgBdlxyfdfpV1k_-bwhYSIa46CTaL-YmbWKZvIEgNNnikm9u0QsVRuXz6k3RykVT27uxJRxUGrxlqk_TtbbMfjlB5YB9AY8CHm0xlUssSEMHW755C1zUYYVfg3JcTGc2O8fsz97Rn8jTaiLTxjZZombLKVGbdG8TLq2a-Ns0XnCQHGgQ92TOCKmQxQe2BQOYXxiGO6HdAtL1QYn2wMdYGqSjsCLgy8SdIrKsweyA5kGexsMakIJbv_vkeYfrgFrorkjwdswq_g5W4RcJ0jSDm3kD-AW2YyG8VLmQaSODPPV4o9hzw28kcon5jQRt252xhlJGadwcWo-N8Rs6Nqi4fDBakcj-Clex4nM9ArmAeR-ytIi3SxZttK0-CdBRCqnG4hBAnFPWCdOEH0Jr_NjKZN7IgPWsbpUcV8ZN3YAmak59JpBz9b_Bg5wxl3nWPlQZjQji64i3rtoa6kBNogAXie6s6VOUO_9JmbckUspLuBRm4dYx5b38SUZjBGfNxYzW_fc6oAss6SCVuu8Z0JcfufGK92lFudCjQQu8Y4QNTJXWnwAfHmrnzFcb53z6yaFIYXrhJDgVxDr1vQDYL=w1259-h836-no\" width=\"185\" height=\"123\" \/><\/a><\/td>\n<\/tr>\n<tr>\n<td style=\"text-align: center; font-family: arial,sans-serif; font-size: 11px;\">Amasya Kalesi (2019)<\/td>\n<td style=\"text-align: center; font-family: arial,sans-serif; font-size: 11px;\">Amasya Evleri (2019)<\/td>\n<td style=\"text-align: center; font-family: arial,sans-serif; font-size: 11px;\">Bayezit Camisi (2019)<\/td>\n<td style=\"text-align: center; font-family: arial,sans-serif; font-size: 11px;\">Amasya M\u00fczesi<\/td>\n<\/tr>\n<tr>\n<td style=\"background: transparent url('http:\/\/picasaweb.google.com.tr\/s\/c\/transparent_album_background.gif') no-repeat scroll left center; height: 200px;\" align=\"center\"><a href=\"https:\/\/photos.app.goo.gl\/ia7LohbUr2fezRgh9\"><img loading=\"lazy\" decoding=\"async\" class=\"\" src=\"https:\/\/lh3.googleusercontent.com\/8ZaA6IHXKxeNBlvlbUJhRE506YkupMP-KUa8J0mtzM1e21gRlBQVt2eviGuUlql8DTKGgIP1iOvvetYGYtvDiOnvzBzX6mv-oNKRBuohYycvcCa1M9tjCpFCDgvZlGOHGwq8k-5LQr2Kb1WrZawyYFp9ufcMR2GnYTgLU5eHXekrWmi6scC2e0m5YwF4D4gaxImwe7vrXWsMFJcFN9P8DU5itkYNgop_xP-x8F5aq03dR4sJrVA4GXtyRmktKO5ImviTz9PFuW-lGlJ70mmeP3DT86STc3f4lMfo9XxkLw5MCgtpjsjEZDqF7DQ_OsMAZ3NrDwm4zt9SoTcDzO8S_9cjUD7Oe97a2p4bnLj26CJJas1GwBa4Si8o5n5vXj8H76ouP1Qd6OsgiDWSOYA4UmGyEi4KmVlOdkKyZzCHbqcwxPgHHOKml7CMkba6F-d2Owuk3C5wKlJlYrdqhCKb4GZ2a_tyYsD0It3Im1TH0_Y7W3fGeuC-RxSfFQ590eHyDNSrXbcfUAeojig7ydZ74NZhJqMux26bF3gWeRNT6q5hJ7B16d7dd-tjIh6UQXH-yuHf6ll5HnRprsJcLVL9a1EaMPLzb8_kqv9WSooGDS62DzHNBEfO3TqIG8CSIDBCiMlKKAEesA1WiMDddotjV-KD2XMDiaYt78RSZr57qgGovj0_crYWE7aL=w1254-h836-no\" width=\"179\" height=\"119\" \/><\/a><\/td>\n<td style=\"background: transparent url('http:\/\/picasaweb.google.com.tr\/s\/c\/transparent_album_background.gif') no-repeat scroll left center; height: 200px;\" align=\"center\"><a href=\"https:\/\/photos.app.goo.gl\/RpEfn1we8FqfSGKN7\"><img loading=\"lazy\" decoding=\"async\" class=\"\" src=\"https:\/\/lh3.googleusercontent.com\/Iwp2Am8H8fWWdEH-pVOjgUAXzZdqRUu_8qE5tzr-Fr0e4yCub_50v2e6ZfZ6k7EUawHmh54klNGg9WTfCigSy3UthH9RX0qwnD_1ezqJSdEimGxWgabHRR4Q3eKHkuvM2XWx_EFA8BzXsyM6Hx-p71oK53mJZIExgxQsukiRe1NeptFkQdjjPwVOYT4ThCzr9SmrrPGrildenhCC9agDKMpS9JpBLQmcQ1mR3gzjIHe2r0Drkr6TGT6fuYjh0qILR8yCMladIWdUEjn3Z03Sp-6YyoTzORKM76xF8VyrtKO0ExV6b4dl7ZCayKFXbKqdluNJy53GLq0qWGhdVRL8QaqN84QnBjhOBug_unJnTo5qPYAAoNc06qVt8_XgW0udKhrJwYMZwX-ab7H4bnGCHadU84SvRHqh04117LQ9LkXe-HsXt5oVfmKpkGlPqfsV5SQhxpLNFT30vPsQdqI6sM1SzHgKp2zYTj9ULQKXn-Nfh5W7kssLwt8rp05eO70T3W_E2uIJ5KXvAVwaPUxQMeKgSPgFRQCMn2qlQE9gRY7vwn1CS2erMklmdluSbuLqrCle2RC8mNgz1DIrC29EHApfPsTHUiFbIlljvVPVwlMgcTUJsmKHUC0Utkm3jthHwl_haup88YpEYQ3FkaBUyV5-s-6TdmhxKRTdHg_4rMCJ962UqGZwjg-P=w1254-h836-no\" width=\"180\" height=\"120\" \/><\/a><\/td>\n<td style=\"background: transparent url('http:\/\/picasaweb.google.com.tr\/s\/c\/transparent_album_background.gif') no-repeat scroll left center; height: 200px;\" align=\"center\"><\/td>\n<td><\/td>\n<\/tr>\n<tr>\n<td style=\"text-align: center; font-family: arial,sans-serif; font-size: 11px;\">Ferhat ile \u015eirin (2019)<\/td>\n<td style=\"text-align: center; font-family: arial,sans-serif; font-size: 11px;\">\u015eahinkaya Kanyonu (2019)<\/td>\n<\/tr>\n<\/tbody>\n<\/table>\n","protected":false},"excerpt":{"rendered":"<p>&nbsp; \u00a0 \u00a0 Amasya Kalesi (2019) Amasya Evleri (2019) Bayezit Camisi (2019) Amasya M\u00fczesi Ferhat ile \u015eirin (2019) \u015eahinkaya Kanyonu (2019)<\/p>\n","protected":false},"author":1,"featured_media":8256,"parent":4728,"menu_order":0,"comment_status":"closed","ping_status":"closed","template":"","meta":{"footnotes":""},"class_list":["post-7825","page","type-page","status-publish","has-post-thumbnail","hentry"],"_links":{"self":[{"href":"https:\/\/xn--adal-oza.net\/index.php?rest_route=\/wp\/v2\/pages\/7825","targetHints":{"allow":["GET"]}}],"collection":[{"href":"https:\/\/xn--adal-oza.net\/index.php?rest_route=\/wp\/v2\/pages"}],"about":[{"href":"https:\/\/xn--adal-oza.net\/index.php?rest_route=\/wp\/v2\/types\/page"}],"author":[{"embeddable":true,"href":"https:\/\/xn--adal-oza.net\/index.php?rest_route=\/wp\/v2\/users\/1"}],"replies":[{"embeddable":true,"href":"https:\/\/xn--adal-oza.net\/index.php?rest_route=%2Fwp%2Fv2%2Fcomments&post=7825"}],"version-history":[{"count":6,"href":"https:\/\/xn--adal-oza.net\/index.php?rest_route=\/wp\/v2\/pages\/7825\/revisions"}],"predecessor-version":[{"id":7855,"href":"https:\/\/xn--adal-oza.net\/index.php?rest_route=\/wp\/v2\/pages\/7825\/revisions\/7855"}],"up":[{"embeddable":true,"href":"https:\/\/xn--adal-oza.net\/index.php?rest_route=\/wp\/v2\/pages\/4728"}],"wp:featuredmedia":[{"embeddable":true,"href":"https:\/\/xn--adal-oza.net\/index.php?rest_route=\/wp\/v2\/media\/8256"}],"wp:attachment":[{"href":"https:\/\/xn--adal-oza.net\/index.php?rest_route=%2Fwp%2Fv2%2Fmedia&parent=7825"}],"curies":[{"name":"wp","href":"https:\/\/api.w.org\/{rel}","templated":true}]}}