{"id":7865,"date":"2020-01-04T12:39:17","date_gmt":"2020-01-04T10:39:17","guid":{"rendered":"https:\/\/web.itu.edu.tr\/adali\/?page_id=7865"},"modified":"2020-01-23T13:39:59","modified_gmt":"2020-01-23T11:39:59","slug":"eren-2020","status":"publish","type":"page","link":"https:\/\/xn--adal-oza.net\/?page_id=7865","title":{"rendered":"Eren 2020"},"content":{"rendered":"<p>&nbsp;<\/p>\n<p>\u200b<\/p>\n<p>&nbsp;<\/p>\n<p>&nbsp;<\/p>\n<table style=\"text-align: center;\" border=\"0\" width=\"100%\" cellspacing=\"0\" cellpadding=\"0\">\n<colgroup>\n<col width=\"%20\" \/>\n<col width=\"%20\" \/>\n<col width=\"%20\" \/>\n<col width=\"%20\" \/>\n<col width=\"%20\" \/><\/colgroup>\n<tbody>\n<tr>\n<td style=\"background: transparent url('http:\/\/picasaweb.google.com.tr\/s\/c\/transparent_album_background.gif') no-repeat scroll left center; height: 200px;\" align=\"center\"><a href=\"https:\/\/photos.app.goo.gl\/EBroRjNu8Si4ZKPo7\"><img loading=\"lazy\" decoding=\"async\" class=\"\" src=\"https:\/\/lh3.googleusercontent.com\/SWIbzBW5RqCd3fLcVOLDM99QfYtWJuuUYeKurzn6fb6CmDm39_6tebnB-qJpCgRaesb4mtZAQoV48pCok645Kd8iQtXgt0RRydTtaF-ynnmyc9i_u5X8L-_8lMgVzqmawtd5yYYeeXY3_6KTo07Aqin5YSXahOplE0hVdNdbnBXqF30Mw2YO6wCnNskGR6CWi90HX13VwsOJO08A4OeL-9hCgy1C8iIJBZ4VXtwGfudhzhY-0EVR3luM5Oe5irXqZ0-zw-WHWEVfTGzhiSKny8ViWETvzddZ44mKUaEWmJKFb_joeUWnMyaTY-LDU-_HgHkMvTfIxVBhOKiQX7Qz4DPGxepUwx0lKMKPv-GPCS-RdbW1nwqChFBVumoqjMprIvUuBE6jcNOVOdTwGFOxvbKV-vpkHp492uDLdp7jg4_qh5l1OswnrIpuQNE9zLeAfIdwpuU1PqrBgDts241B8crkK20gDBLbPmSm23ruCuZMPaZM5Xmxw0DE993y9nDvgKToK1x9-T5DNW-YPAM41wTt9DjA76bpmkbybtNpVr563TzHcE55p95qI2VdMfTZmLccJEoI3tOmcC1ajbHeE-K9HF27AgXQYsFmOp2MmQlY8Eo5STPsl7bn_mW5-xqX50iIm9U7RSrDQcAOLshQNkZyO5-W16KCQ0H55Ocro_1oPFcRx9OLf4czIuETr2-yiHDH-aQsupU_UZesAot8gjjhKp_KRL-AfD_qmAFBfVOYpbW_=w1280-h854-no\" width=\"221\" height=\"147\" \/><\/a><\/td>\n<td style=\"background: transparent url('http:\/\/picasaweb.google.com.tr\/s\/c\/transparent_album_background.gif') no-repeat scroll left center; height: 200px;\" align=\"center\"><a href=\"https:\/\/photos.app.goo.gl\/2wqiTXECFLTLsTo29\"><img loading=\"lazy\" decoding=\"async\" class=\"\" src=\"https:\/\/lh3.googleusercontent.com\/4dUoh8Ou_A9T6i7k8Ig7TzJ8VfKjMcRgrWxp-r7J-s1cLFR_jd9cb_4IcsnZIJ36vgAIv5e7J05Xl4VTyD4uR-M6aWZcDq96E1qiIUlBv2PqsO0P9J7EwxZGcRdw5jF0-9r2apdcpnr9i7znpOTz23FJWyT5_kuVXAGVmex6AG37AVI3GOFK2u4O8IgHamSqe6MEVJeSh8wKR5Q4az4FnshOsIu080SK4p3o0N9rtooGCkIv__FrFE3tuxCjQ1qtT1bTduPO73O9QHq5abquvzsLIQm6zVHWQl3jGGQvHwxiXP5iOthQWiquc9bVsNZAr_RSCretaXxqgA8UhIQGcUNY4XqD-bEM3UBQqW0nnJHcxQcIGl8bQXrS1DKOARhdPCZmcwN16ZvwSeDaj_xlI7u1zYUhxYTfn91lypEoCSn0bJQO07S1uST7BLTR-9jDe06JA9ueDlGjRyXrHGnZmjSerLzwjEJoXW8T-WQAyHhY9LJ-GgStyvEePVpe2YgGX4Q-dS-6jT8stOJGSKNQB5NK8PrlYDc89DuicoIG-8SR26NLswETw-gNARKJcldsWNCFpHY_zA09Bu0RNrP6-7f9OlvHEJBDVajn3o6aKAkbj-ui3qauKY7g0diRGqIBhlWXYgUO_0-tgF2QOI-iFMznxPXDwfRvf07goq-H4V0kBHkvJvWg7EM=w1280-h854-no\" width=\"224\" height=\"149\" \/><\/a><\/td>\n<td style=\"background: transparent url('http:\/\/picasaweb.google.com.tr\/s\/c\/transparent_album_background.gif') no-repeat scroll left center; height: 200px;\" align=\"center\"><\/td>\n<td style=\"background: transparent url('http:\/\/picasaweb.google.com.tr\/s\/c\/transparent_album_background.gif') no-repeat scroll left center; height: 200px;\" align=\"center\"><\/td>\n<td style=\"background: transparent url('http:\/\/picasaweb.google.com.tr\/s\/c\/transparent_album_background.gif') no-repeat scroll left center; height: 200px;\" align=\"center\"><\/td>\n<\/tr>\n<tr>\n<td style=\"text-align: center; font-family: arial,sans-serif; font-size: 11px;\">3 Ocak 2020 Basket \u00c7al\u0131\u015fmas\u0131<\/td>\n<td style=\"text-align: center; font-family: arial,sans-serif; font-size: 11px;\">21 Ocak Basket Ma\u00e7\u0131<\/td>\n<td style=\"text-align: center; font-family: arial,sans-serif; font-size: 11px;\">&#8230;&#8230;<\/td>\n<td style=\"text-align: center; font-family: arial,sans-serif; font-size: 11px;\">&#8230;&#8230;<\/td>\n<td style=\"text-align: center; font-family: arial,sans-serif; font-size: 11px;\">&#8230;&#8230;..<\/td>\n<\/tr>\n<tr>\n<td style=\"background: transparent url('http:\/\/picasaweb.google.com.tr\/s\/c\/transparent_album_background.gif') no-repeat scroll left center; height: 200px;\" align=\"center\"><\/td>\n<td style=\"background: transparent url('http:\/\/picasaweb.google.com.tr\/s\/c\/transparent_album_background.gif') no-repeat scroll left center; height: 200px;\" align=\"center\"><\/td>\n<td style=\"background: transparent url('http:\/\/picasaweb.google.com.tr\/s\/c\/transparent_album_background.gif') no-repeat scroll left center; height: 200px;\" align=\"center\"><\/td>\n<td style=\"background: transparent url('http:\/\/picasaweb.google.com.tr\/s\/c\/transparent_album_background.gif') no-repeat scroll left center; height: 200px;\" align=\"center\"><\/td>\n<td style=\"background: transparent url('http:\/\/picasaweb.google.com.tr\/s\/c\/transparent_album_background.gif') no-repeat scroll left center; height: 200px;\" align=\"center\"><\/td>\n<\/tr>\n<tr>\n<td style=\"text-align: center; font-family: arial,sans-serif; font-size: 11px;\"><\/td>\n<td style=\"text-align: center; font-family: arial,sans-serif; font-size: 11px;\"><\/td>\n<td style=\"text-align: center; font-family: arial,sans-serif; font-size: 11px;\"><\/td>\n<td style=\"text-align: center; font-family: arial,sans-serif; font-size: 11px;\"><\/td>\n<td style=\"text-align: center; font-family: arial,sans-serif; font-size: 11px;\"><\/td>\n<\/tr>\n<tr>\n<td style=\"background: transparent url('http:\/\/picasaweb.google.com.tr\/s\/c\/transparent_album_background.gif') no-repeat scroll left center; height: 200px;\" align=\"center\"><\/td>\n<td style=\"background: transparent url('http:\/\/picasaweb.google.com.tr\/s\/c\/transparent_album_background.gif') no-repeat scroll left center; height: 200px;\" align=\"center\"><\/td>\n<td style=\"background: transparent url('http:\/\/picasaweb.google.com.tr\/s\/c\/transparent_album_background.gif') no-repeat scroll left center; height: 200px;\" align=\"center\"><\/td>\n<td style=\"background: transparent url('http:\/\/picasaweb.google.com.tr\/s\/c\/transparent_album_background.gif') no-repeat scroll left center; height: 200px;\" align=\"center\"><\/td>\n<td style=\"background: transparent url('http:\/\/picasaweb.google.com.tr\/s\/c\/transparent_album_background.gif') no-repeat scroll left center; height: 200px;\" align=\"center\"><\/td>\n<\/tr>\n<tr>\n<td style=\"text-align: center; font-family: arial,sans-serif; font-size: 11px;\"><\/td>\n<td style=\"text-align: center; font-family: arial,sans-serif; font-size: 11px;\"><\/td>\n<td style=\"text-align: center; font-family: arial,sans-serif; font-size: 11px;\"><\/td>\n<td style=\"text-align: center; font-family: arial,sans-serif; font-size: 11px;\"><\/td>\n<td style=\"text-align: center; font-family: arial,sans-serif; font-size: 11px;\"><\/td>\n<\/tr>\n<tr>\n<td style=\"background: transparent url('http:\/\/picasaweb.google.com.tr\/s\/c\/transparent_album_background.gif') no-repeat scroll left center; height: 200px;\" align=\"center\"><\/td>\n<td style=\"background: transparent url('http:\/\/picasaweb.google.com.tr\/s\/c\/transparent_album_background.gif') no-repeat scroll left center; height: 200px;\" align=\"center\"><\/td>\n<td style=\"background: transparent url('http:\/\/picasaweb.google.com.tr\/s\/c\/transparent_album_background.gif') no-repeat scroll left center; height: 200px;\" align=\"center\"><\/td>\n<td style=\"background: transparent url('http:\/\/picasaweb.google.com.tr\/s\/c\/transparent_album_background.gif') no-repeat scroll left center; height: 200px;\" align=\"center\"><\/td>\n<td style=\"background: transparent url('http:\/\/picasaweb.google.com.tr\/s\/c\/transparent_album_background.gif') no-repeat scroll left center; height: 200px;\" align=\"center\"><\/td>\n<\/tr>\n<tr>\n<td style=\"text-align: center; font-family: arial,sans-serif; font-size: 11px;\"><\/td>\n<td style=\"text-align: center; font-family: arial,sans-serif; font-size: 11px;\"><\/td>\n<td style=\"text-align: center; font-family: arial,sans-serif; font-size: 11px;\"><\/td>\n<td style=\"text-align: center; font-family: arial,sans-serif; font-size: 11px;\"><\/td>\n<td style=\"text-align: center; font-family: arial,sans-serif; font-size: 11px;\"><\/td>\n<\/tr>\n<\/tbody>\n<\/table>\n","protected":false},"excerpt":{"rendered":"<p>&nbsp; \u200b &nbsp; &nbsp; 3 Ocak 2020 Basket \u00c7al\u0131\u015fmas\u0131 21 Ocak Basket Ma\u00e7\u0131 &#8230;&#8230; &#8230;&#8230; &#8230;&#8230;..<\/p>\n","protected":false},"author":1,"featured_media":7877,"parent":2056,"menu_order":0,"comment_status":"closed","ping_status":"closed","template":"","meta":{"footnotes":""},"class_list":["post-7865","page","type-page","status-publish","has-post-thumbnail","hentry"],"_links":{"self":[{"href":"https:\/\/xn--adal-oza.net\/index.php?rest_route=\/wp\/v2\/pages\/7865","targetHints":{"allow":["GET"]}}],"collection":[{"href":"https:\/\/xn--adal-oza.net\/index.php?rest_route=\/wp\/v2\/pages"}],"about":[{"href":"https:\/\/xn--adal-oza.net\/index.php?rest_route=\/wp\/v2\/types\/page"}],"author":[{"embeddable":true,"href":"https:\/\/xn--adal-oza.net\/index.php?rest_route=\/wp\/v2\/users\/1"}],"replies":[{"embeddable":true,"href":"https:\/\/xn--adal-oza.net\/index.php?rest_route=%2Fwp%2Fv2%2Fcomments&post=7865"}],"version-history":[{"count":7,"href":"https:\/\/xn--adal-oza.net\/index.php?rest_route=\/wp\/v2\/pages\/7865\/revisions"}],"predecessor-version":[{"id":9152,"href":"https:\/\/xn--adal-oza.net\/index.php?rest_route=\/wp\/v2\/pages\/7865\/revisions\/9152"}],"up":[{"embeddable":true,"href":"https:\/\/xn--adal-oza.net\/index.php?rest_route=\/wp\/v2\/pages\/2056"}],"wp:featuredmedia":[{"embeddable":true,"href":"https:\/\/xn--adal-oza.net\/index.php?rest_route=\/wp\/v2\/media\/7877"}],"wp:attachment":[{"href":"https:\/\/xn--adal-oza.net\/index.php?rest_route=%2Fwp%2Fv2%2Fmedia&parent=7865"}],"curies":[{"name":"wp","href":"https:\/\/api.w.org\/{rel}","templated":true}]}}